{"id":963,"date":"2019-03-19T08:36:43","date_gmt":"2019-03-19T08:36:43","guid":{"rendered":"https:\/\/www.mvertical.es\/?page_id=963"},"modified":"2023-01-30T15:55:57","modified_gmt":"2023-01-30T15:55:57","slug":"limpieza-de-cristales-en-reus","status":"publish","type":"page","link":"https:\/\/www.mvertical.es\/ca\/limpieza-de-cristales-en-reus\/","title":{"rendered":"Limpieza de cristales en altura en Reus"},"content":{"rendered":"<p>[et_pb_section fb_built=\u00bb1&#8243; admin_label=\u00bbsection\u00bb _builder_version=\u00bb4.16&#8243; global_colors_info=\u00bb{}\u00bb][et_pb_row column_structure=\u00bb1_2,1_2&#8243; _builder_version=\u00bb4.16&#8243; _module_preset=\u00bbdefault\u00bb global_colors_info=\u00bb{}\u00bb][et_pb_column type=\u00bb1_2&#8243; _builder_version=\u00bb4.16&#8243; _module_preset=\u00bbdefault\u00bb global_colors_info=\u00bb{}\u00bb][et_pb_text admin_label=\u00bbTexto\u00bb _builder_version=\u00bb4.17.3&#8243; background_size=\u00bbinitial\u00bb background_position=\u00bbtop_left\u00bb background_repeat=\u00bbrepeat\u00bb text_orientation=\u00bbcenter\u00bb module_alignment=\u00bbcenter\u00bb hover_enabled=\u00bb0&#8243; use_border_color=\u00bboff\u00bb border_color=\u00bb#ffffff\u00bb border_style=\u00bbsolid\u00bb global_colors_info=\u00bb{}\u00bb sticky_enabled=\u00bb0&#8243;]<\/p>\n<h1><strong>Limpieza de cristales en Reus<\/strong><\/h1>\n<p>Empresa experta en <strong>limpieza de cristales en altura en Reus<\/strong> y poblaciones cercanas<\/p>\n<p>[\/et_pb_text][et_pb_text admin_label=\u00bbTexto\u00bb _builder_version=\u00bb4.16&#8243; background_size=\u00bbinitial\u00bb background_position=\u00bbtop_left\u00bb background_repeat=\u00bbrepeat\u00bb text_orientation=\u00bbjustified\u00bb module_alignment=\u00bbcenter\u00bb use_border_color=\u00bboff\u00bb border_color=\u00bb#ffffff\u00bb border_style=\u00bbsolid\u00bb global_colors_info=\u00bb{}\u00bb]<\/p>\n<p>Cuando se tienen ventanas cuyos exteriores son dif\u00edcil de limpiar la soluci\u00f3n m\u00e1s simple es llamar a MVertical. Somos profesionales expertos en<em> limpieza de cristales en altura en Reus<\/em>. Nos dedicamos a hacer todo tipo de trabajos en alturas sin andamios ni m\u00e1quinas elevadoras, nuestra amplia experiencia en trabajos en altura con arn\u00e9s nos permite acceder a sus cristales con rapidez y emprender las tareas de limpieza en tiempo r\u00e9cord. No debe preocuparse por permisos de edificaci\u00f3n de andamios o bloquear las v\u00edas con maquinaria elevadora pesada, solo tienen que llamarnos y volver a tener cristales limpios.<\/p>\n<p>[\/et_pb_text][\/et_pb_column][et_pb_column type=\u00bb1_2&#8243; _builder_version=\u00bb4.16&#8243; _module_preset=\u00bbdefault\u00bb global_colors_info=\u00bb{}\u00bb][et_pb_image src=\u00bbhttps:\/\/www.mvertical.es\/wp-content\/uploads\/2019\/03\/limpieza-exterior.jpg\u00bb alt=\u00bbservicio limpieza de cristales en altura en Reus\u00bb title_text=\u00bbservicio limpieza de cristales en altura en Reus\u00bb _builder_version=\u00bb4.17.3&#8243; _module_preset=\u00bbdefault\u00bb hover_enabled=\u00bb0&#8243; global_colors_info=\u00bb{}\u00bb sticky_enabled=\u00bb0&#8243;][\/et_pb_image][\/et_pb_column][\/et_pb_row][et_pb_row column_structure=\u00bb1_2,1_2&#8243; admin_label=\u00bbrow\u00bb _builder_version=\u00bb4.16&#8243; background_size=\u00bbinitial\u00bb background_position=\u00bbtop_left\u00bb background_repeat=\u00bbrepeat\u00bb global_colors_info=\u00bb{}\u00bb][et_pb_column type=\u00bb1_2&#8243; _builder_version=\u00bb4.16&#8243; custom_padding=\u00bb|||\u00bb global_colors_info=\u00bb{}\u00bb custom_padding__hover=\u00bb|||\u00bb][et_pb_text admin_label=\u00bbTexto\u00bb _builder_version=\u00bb4.16&#8243; background_size=\u00bbinitial\u00bb background_position=\u00bbtop_left\u00bb background_repeat=\u00bbrepeat\u00bb use_border_color=\u00bboff\u00bb border_color=\u00bb#ffffff\u00bb border_style=\u00bbsolid\u00bb global_colors_info=\u00bb{}\u00bb]<\/p>\n<h2>Empresa de limpiezas de cristales en altura en Reus<\/h2>\n<h3>Importancia de la limpieza de cristales en altura<\/h3>\n<p>Los cristales cumplen una funci\u00f3n b\u00e1sica en los edificios. No solo proporciona vistas desde el interior y un paso para que entre la luz del sol e ilumine el edificio, tambi\u00e9n protege de toda la suciedad exterior que pueda entrar. Cuando los cristales se ensucian ya no cumplen bien con su prop\u00f3sito, impidiendo la entrada de la luz y proporcionando una mala imagen para su vivienda, oficina o negocio.<\/p>\n<p style=\"text-align: justify;\">Es por ello que ofrecemos nuestros <strong>servicios de limpieza de cristales en altura en Reus <\/strong>y sus alrededores para todos aquellos que necesitan una limpieza impecable para sus ventanas, escaparates, claraboyas etc.<\/p>\n<p>[\/et_pb_text][et_pb_image src=\u00bbhttps:\/\/www.mvertical.es\/wp-content\/uploads\/2019\/03\/limpieza-cristales-tgn.jpg\u00bb alt=\u00bblimpieza de cristales en altura en Reus\u00bb title_text=\u00bblimpieza de cristales en Reus\u00bb show_in_lightbox=\u00bbon\u00bb align=\u00bbcenter\u00bb align_tablet=\u00bbcenter\u00bb align_phone=\u00bb\u00bb align_last_edited=\u00bbon|desktop\u00bb _builder_version=\u00bb4.16&#8243; global_colors_info=\u00bb{}\u00bb][\/et_pb_image][\/et_pb_column][et_pb_column type=\u00bb1_2&#8243; _builder_version=\u00bb4.16&#8243; custom_padding=\u00bb|||\u00bb global_colors_info=\u00bb{}\u00bb custom_padding__hover=\u00bb|||\u00bb][et_pb_text admin_label=\u00bbTexto\u00bb _builder_version=\u00bb4.16&#8243; background_size=\u00bbinitial\u00bb background_position=\u00bbtop_left\u00bb background_repeat=\u00bbrepeat\u00bb use_border_color=\u00bboff\u00bb border_color=\u00bb#ffffff\u00bb border_style=\u00bbsolid\u00bb global_colors_info=\u00bb{}\u00bb]<\/p>\n<h3 style=\"text-align: justify;\">Limpieza de cristales con acabado perfecto<\/h3>\n<p style=\"text-align: justify;\">Nuestro equipo es altamente especializado en limpieza de cristales tanto exterior como interior de edificios y viviendas.<\/p>\n<p style=\"text-align: justify;\">No obstante, no es solo limpiar cuando se trata de interiores porque antes de realizar el trabajo tiene que proteger toda la zona para que cuando empiece con los productos de limpieza no da\u00f1e nada. Nuestro equipo cuenta con todas las herramientas necesarias para llevar a cabo la limpieza de manera impecable.<\/p>\n<p style=\"text-align: justify;\">En exteriores contamos con toda la protecci\u00f3n necesaria para nuestro trabajador y solo utilizamos trabajadores con amplia experiencia. As\u00ed, puede realizar el trabajo sin preocuparse y con rapidez.<\/p>\n<p style=\"text-align: justify;\">Nuestras medidas de seguridad siempre son las m\u00e1s\u00a0avanzadas, pues vamos actualizando siempre para modernizarnos y estar siempre con lo mejor para nuestros clientes.<\/p>\n<h3>Contacta con nosotros<\/h3>\n<p style=\"text-align: justify;\">Si desea contactar con nosotros, pulse el siguiente bot\u00f3n.<\/p>\n<p>[\/et_pb_text][et_pb_button button_url=\u00bbhttps:\/\/www.mvertical.es\/contacto-mvertical\/\u00bb button_text=\u00bb\u00a1Contacta!\u00bb button_alignment=\u00bbcenter\u00bb admin_label=\u00bbBot\u00f3n\u00bb _builder_version=\u00bb4.16&#8243; button_letter_spacing_hover=\u00bb0&#8243; global_colors_info=\u00bb{}\u00bb button_text_size__hover_enabled=\u00bboff\u00bb button_one_text_size__hover_enabled=\u00bboff\u00bb button_two_text_size__hover_enabled=\u00bboff\u00bb button_text_color__hover_enabled=\u00bboff\u00bb button_one_text_color__hover_enabled=\u00bboff\u00bb button_two_text_color__hover_enabled=\u00bboff\u00bb button_border_width__hover_enabled=\u00bboff\u00bb button_one_border_width__hover_enabled=\u00bboff\u00bb button_two_border_width__hover_enabled=\u00bboff\u00bb button_border_color__hover_enabled=\u00bboff\u00bb button_one_border_color__hover_enabled=\u00bboff\u00bb button_two_border_color__hover_enabled=\u00bboff\u00bb button_border_radius__hover_enabled=\u00bboff\u00bb button_one_border_radius__hover_enabled=\u00bboff\u00bb button_two_border_radius__hover_enabled=\u00bboff\u00bb button_letter_spacing__hover_enabled=\u00bbon\u00bb button_letter_spacing__hover=\u00bb0&#8243; button_one_letter_spacing__hover_enabled=\u00bboff\u00bb button_two_letter_spacing__hover_enabled=\u00bboff\u00bb button_bg_color__hover_enabled=\u00bboff\u00bb button_one_bg_color__hover_enabled=\u00bboff\u00bb button_two_bg_color__hover_enabled=\u00bboff\u00bb] [\/et_pb_button][\/et_pb_column][\/et_pb_row][et_pb_row _builder_version=\u00bb4.17.3&#8243; _module_preset=\u00bbdefault\u00bb column_structure=\u00bb1_2,1_2&#8243;][et_pb_column _builder_version=\u00bb4.17.3&#8243; _module_preset=\u00bbdefault\u00bb type=\u00bb1_2&#8243;][et_pb_image src=\u00bbhttps:\/\/www.mvertical.es\/wp-content\/uploads\/2018\/12\/limpieza-cristales-900.jpg\u00bb _builder_version=\u00bb4.17.3&#8243; _module_preset=\u00bbdefault\u00bb alt=\u00bbLimpieza de cristales en Reus\u00bb title_text=\u00bbLimpieza de cristales en Reus\u00bb hover_enabled=\u00bb0&#8243; sticky_enabled=\u00bb0&#8243; max_width=\u00bb92%\u00bb][\/et_pb_image][\/et_pb_column][et_pb_column _builder_version=\u00bb4.17.3&#8243; _module_preset=\u00bbdefault\u00bb type=\u00bb1_2&#8243;][et_pb_image src=\u00bbhttps:\/\/www.mvertical.es\/wp-content\/uploads\/2018\/01\/cristales.jpg\u00bb _builder_version=\u00bb4.17.3&#8243; _module_preset=\u00bbdefault\u00bb alt=\u00bbLimpieza de cristales en Reus\u00bb title_text=\u00bbLimpieza de cristales en Reus\u00bb hover_enabled=\u00bb0&#8243; sticky_enabled=\u00bb0&#8243;][\/et_pb_image][\/et_pb_column][\/et_pb_row][et_pb_row _builder_version=\u00bb4.16&#8243; _module_preset=\u00bbdefault\u00bb global_colors_info=\u00bb{}\u00bb][et_pb_column type=\u00bb4_4&#8243; _builder_version=\u00bb4.16&#8243; _module_preset=\u00bbdefault\u00bb global_colors_info=\u00bb{}\u00bb][et_pb_blog fullwidth=\u00bboff\u00bb posts_number=\u00bb3&#8243; include_categories=\u00bb1&#8243; show_more=\u00bbon\u00bb show_author=\u00bboff\u00bb show_categories=\u00bboff\u00bb show_comments=\u00bbon\u00bb show_pagination=\u00bboff\u00bb admin_label=\u00bbBlog\u00bb _builder_version=\u00bb4.16&#8243; use_border_color=\u00bboff\u00bb border_color=\u00bb#ffffff\u00bb border_style=\u00bbsolid\u00bb use_dropshadow=\u00bboff\u00bb global_colors_info=\u00bb{}\u00bb] [\/et_pb_blog][\/et_pb_column][\/et_pb_row][\/et_pb_section]<\/p>","protected":false},"excerpt":{"rendered":"<p>Limpieza de cristales en Reus Empresa experta en limpieza de cristales en altura en Reus y poblaciones cercanasCuando se tienen ventanas cuyos exteriores son dif\u00edcil de limpiar la soluci\u00f3n m\u00e1s simple es llamar a MVertical. Somos profesionales expertos en limpieza de cristales en altura en Reus. Nos dedicamos a hacer todo tipo de trabajos en [&hellip;]<\/p>","protected":false},"author":1,"featured_media":986,"parent":0,"menu_order":0,"comment_status":"closed","ping_status":"closed","template":"","meta":{"_et_pb_use_builder":"on","_et_pb_old_content":"","_et_gb_content_width":"","footnotes":""},"class_list":["post-963","page","type-page","status-publish","has-post-thumbnail","hentry"],"yoast_head":"<!-- This site is optimized with the Yoast SEO plugin v27.2 - https:\/\/yoast.com\/product\/yoast-seo-wordpress\/ -->\n<title>Limpieza de cristales en altura en Reus - MVertical<\/title>\n<meta name=\"description\" content=\"\u00bfBuscas una empresa de limpieza de cristales en Reus? Ofrecemos el mejor servicio de limpieza de cristales en altura. \u00a1Ll\u00e1manos!\" \/>\n<meta name=\"robots\" content=\"index, follow, max-snippet:-1, max-image-preview:large, max-video-preview:-1\" \/>\n<link rel=\"canonical\" href=\"https:\/\/www.mvertical.es\/ca\/limpieza-de-cristales-en-reus\/\" \/>\n<meta property=\"og:locale\" content=\"ca_ES\" \/>\n<meta property=\"og:type\" content=\"article\" \/>\n<meta property=\"og:title\" content=\"Limpieza de cristales en altura en Reus - MVertical\" \/>\n<meta property=\"og:description\" content=\"\u00bfBuscas una empresa de limpieza de cristales en Reus? Ofrecemos el mejor servicio de limpieza de cristales en altura. \u00a1Ll\u00e1manos!\" \/>\n<meta property=\"og:url\" content=\"https:\/\/www.mvertical.es\/ca\/limpieza-de-cristales-en-reus\/\" \/>\n<meta property=\"og:site_name\" content=\"MVertical trabajos verticales\" \/>\n<meta property=\"article:modified_time\" content=\"2023-01-30T15:55:57+00:00\" \/>\n<meta property=\"og:image\" content=\"https:\/\/www.mvertical.es\/wp-content\/uploads\/2019\/03\/limpieza-exterior.jpg\" \/>\n\t<meta property=\"og:image:width\" content=\"1600\" \/>\n\t<meta property=\"og:image:height\" content=\"890\" \/>\n\t<meta property=\"og:image:type\" content=\"image\/jpeg\" \/>\n<meta name=\"twitter:card\" content=\"summary_large_image\" \/>\n<meta name=\"twitter:label1\" content=\"Temps estimat de lectura\" \/>\n\t<meta name=\"twitter:data1\" content=\"3 minuts\" \/>\n<script type=\"application\/ld+json\" class=\"yoast-schema-graph\">{\"@context\":\"https:\/\/schema.org\",\"@graph\":[{\"@type\":\"WebPage\",\"@id\":\"https:\/\/www.mvertical.es\/limpieza-de-cristales-en-reus\/\",\"url\":\"https:\/\/www.mvertical.es\/limpieza-de-cristales-en-reus\/\",\"name\":\"Limpieza de cristales en altura en Reus - MVertical\",\"isPartOf\":{\"@id\":\"https:\/\/www.mvertical.es\/#website\"},\"primaryImageOfPage\":{\"@id\":\"https:\/\/www.mvertical.es\/limpieza-de-cristales-en-reus\/#primaryimage\"},\"image\":{\"@id\":\"https:\/\/www.mvertical.es\/limpieza-de-cristales-en-reus\/#primaryimage\"},\"thumbnailUrl\":\"https:\/\/www.mvertical.es\/wp-content\/uploads\/2019\/03\/limpieza-exterior.jpg\",\"datePublished\":\"2019-03-19T08:36:43+00:00\",\"dateModified\":\"2023-01-30T15:55:57+00:00\",\"description\":\"\u00bfBuscas una empresa de limpieza de cristales en Reus? Ofrecemos el mejor servicio de limpieza de cristales en altura. \u00a1Ll\u00e1manos!\",\"breadcrumb\":{\"@id\":\"https:\/\/www.mvertical.es\/limpieza-de-cristales-en-reus\/#breadcrumb\"},\"inLanguage\":\"ca\",\"potentialAction\":[{\"@type\":\"ReadAction\",\"target\":[\"https:\/\/www.mvertical.es\/limpieza-de-cristales-en-reus\/\"]}]},{\"@type\":\"ImageObject\",\"inLanguage\":\"ca\",\"@id\":\"https:\/\/www.mvertical.es\/limpieza-de-cristales-en-reus\/#primaryimage\",\"url\":\"https:\/\/www.mvertical.es\/wp-content\/uploads\/2019\/03\/limpieza-exterior.jpg\",\"contentUrl\":\"https:\/\/www.mvertical.es\/wp-content\/uploads\/2019\/03\/limpieza-exterior.jpg\",\"width\":1600,\"height\":890,\"caption\":\"limpieza de cristales en altura\"},{\"@type\":\"BreadcrumbList\",\"@id\":\"https:\/\/www.mvertical.es\/limpieza-de-cristales-en-reus\/#breadcrumb\",\"itemListElement\":[{\"@type\":\"ListItem\",\"position\":1,\"name\":\"Portada\",\"item\":\"https:\/\/www.mvertical.es\/\"},{\"@type\":\"ListItem\",\"position\":2,\"name\":\"Limpieza de cristales en altura en Reus\"}]},{\"@type\":\"WebSite\",\"@id\":\"https:\/\/www.mvertical.es\/#website\",\"url\":\"https:\/\/www.mvertical.es\/\",\"name\":\"MVertical trabajos verticales\",\"description\":\"Trabajos verticales, rehabilitaci\u00f3n de fachadas en Tarragona\",\"potentialAction\":[{\"@type\":\"SearchAction\",\"target\":{\"@type\":\"EntryPoint\",\"urlTemplate\":\"https:\/\/www.mvertical.es\/?s={search_term_string}\"},\"query-input\":{\"@type\":\"PropertyValueSpecification\",\"valueRequired\":true,\"valueName\":\"search_term_string\"}}],\"inLanguage\":\"ca\"}]}<\/script>\n<!-- \/ Yoast SEO plugin. -->","yoast_head_json":{"title":"Limpieza de cristales en altura en Reus - MVertical","description":"\u00bfBuscas una empresa de limpieza de cristales en Reus? Ofrecemos el mejor servicio de limpieza de cristales en altura. \u00a1Ll\u00e1manos!","robots":{"index":"index","follow":"follow","max-snippet":"max-snippet:-1","max-image-preview":"max-image-preview:large","max-video-preview":"max-video-preview:-1"},"canonical":"https:\/\/www.mvertical.es\/ca\/limpieza-de-cristales-en-reus\/","og_locale":"ca_ES","og_type":"article","og_title":"Limpieza de cristales en altura en Reus - MVertical","og_description":"\u00bfBuscas una empresa de limpieza de cristales en Reus? Ofrecemos el mejor servicio de limpieza de cristales en altura. \u00a1Ll\u00e1manos!","og_url":"https:\/\/www.mvertical.es\/ca\/limpieza-de-cristales-en-reus\/","og_site_name":"MVertical trabajos verticales","article_modified_time":"2023-01-30T15:55:57+00:00","og_image":[{"width":1600,"height":890,"url":"https:\/\/www.mvertical.es\/wp-content\/uploads\/2019\/03\/limpieza-exterior.jpg","type":"image\/jpeg"}],"twitter_card":"summary_large_image","twitter_misc":{"Temps estimat de lectura":"3 minuts"},"schema":{"@context":"https:\/\/schema.org","@graph":[{"@type":"WebPage","@id":"https:\/\/www.mvertical.es\/limpieza-de-cristales-en-reus\/","url":"https:\/\/www.mvertical.es\/limpieza-de-cristales-en-reus\/","name":"Limpieza de cristales en altura en Reus - MVertical","isPartOf":{"@id":"https:\/\/www.mvertical.es\/#website"},"primaryImageOfPage":{"@id":"https:\/\/www.mvertical.es\/limpieza-de-cristales-en-reus\/#primaryimage"},"image":{"@id":"https:\/\/www.mvertical.es\/limpieza-de-cristales-en-reus\/#primaryimage"},"thumbnailUrl":"https:\/\/www.mvertical.es\/wp-content\/uploads\/2019\/03\/limpieza-exterior.jpg","datePublished":"2019-03-19T08:36:43+00:00","dateModified":"2023-01-30T15:55:57+00:00","description":"\u00bfBuscas una empresa de limpieza de cristales en Reus? Ofrecemos el mejor servicio de limpieza de cristales en altura. \u00a1Ll\u00e1manos!","breadcrumb":{"@id":"https:\/\/www.mvertical.es\/limpieza-de-cristales-en-reus\/#breadcrumb"},"inLanguage":"ca","potentialAction":[{"@type":"ReadAction","target":["https:\/\/www.mvertical.es\/limpieza-de-cristales-en-reus\/"]}]},{"@type":"ImageObject","inLanguage":"ca","@id":"https:\/\/www.mvertical.es\/limpieza-de-cristales-en-reus\/#primaryimage","url":"https:\/\/www.mvertical.es\/wp-content\/uploads\/2019\/03\/limpieza-exterior.jpg","contentUrl":"https:\/\/www.mvertical.es\/wp-content\/uploads\/2019\/03\/limpieza-exterior.jpg","width":1600,"height":890,"caption":"limpieza de cristales en altura"},{"@type":"BreadcrumbList","@id":"https:\/\/www.mvertical.es\/limpieza-de-cristales-en-reus\/#breadcrumb","itemListElement":[{"@type":"ListItem","position":1,"name":"Portada","item":"https:\/\/www.mvertical.es\/"},{"@type":"ListItem","position":2,"name":"Limpieza de cristales en altura en Reus"}]},{"@type":"WebSite","@id":"https:\/\/www.mvertical.es\/#website","url":"https:\/\/www.mvertical.es\/","name":"MVertical trabajos verticales","description":"Trabajos verticales, rehabilitaci\u00f3n de fachadas en Tarragona","potentialAction":[{"@type":"SearchAction","target":{"@type":"EntryPoint","urlTemplate":"https:\/\/www.mvertical.es\/?s={search_term_string}"},"query-input":{"@type":"PropertyValueSpecification","valueRequired":true,"valueName":"search_term_string"}}],"inLanguage":"ca"}]}},"_links":{"self":[{"href":"https:\/\/www.mvertical.es\/ca\/wp-json\/wp\/v2\/pages\/963","targetHints":{"allow":["GET"]}}],"collection":[{"href":"https:\/\/www.mvertical.es\/ca\/wp-json\/wp\/v2\/pages"}],"about":[{"href":"https:\/\/www.mvertical.es\/ca\/wp-json\/wp\/v2\/types\/page"}],"author":[{"embeddable":true,"href":"https:\/\/www.mvertical.es\/ca\/wp-json\/wp\/v2\/users\/1"}],"replies":[{"embeddable":true,"href":"https:\/\/www.mvertical.es\/ca\/wp-json\/wp\/v2\/comments?post=963"}],"version-history":[{"count":11,"href":"https:\/\/www.mvertical.es\/ca\/wp-json\/wp\/v2\/pages\/963\/revisions"}],"predecessor-version":[{"id":1395,"href":"https:\/\/www.mvertical.es\/ca\/wp-json\/wp\/v2\/pages\/963\/revisions\/1395"}],"wp:featuredmedia":[{"embeddable":true,"href":"https:\/\/www.mvertical.es\/ca\/wp-json\/wp\/v2\/media\/986"}],"wp:attachment":[{"href":"https:\/\/www.mvertical.es\/ca\/wp-json\/wp\/v2\/media?parent=963"}],"curies":[{"name":"wp","href":"https:\/\/api.w.org\/{rel}","templated":true}]}}