{"id":907,"date":"2018-12-18T11:18:24","date_gmt":"2018-12-18T11:18:24","guid":{"rendered":"https:\/\/www.mvertical.es\/?page_id=907"},"modified":"2023-07-20T15:46:17","modified_gmt":"2023-07-20T15:46:17","slug":"limpieza-de-cristales-en-tarragona","status":"publish","type":"page","link":"https:\/\/www.mvertical.es\/ca\/limpieza-de-cristales-en-tarragona\/","title":{"rendered":"Limpieza de cristales en Tarragona"},"content":{"rendered":"<p>[et_pb_section fb_built=\u00bb1&#8243; admin_label=\u00bbsection\u00bb _builder_version=\u00bb4.16&#8243; global_colors_info=\u00bb{}\u00bb][et_pb_row _builder_version=\u00bb4.16&#8243; custom_padding=\u00bb0px|||||\u00bb locked=\u00bboff\u00bb global_colors_info=\u00bb{}\u00bb][et_pb_column type=\u00bb4_4&#8243; _builder_version=\u00bb4.16&#8243; custom_padding=\u00bb|||\u00bb global_colors_info=\u00bb{}\u00bb custom_padding__hover=\u00bb|||\u00bb][et_pb_text _builder_version=\u00bb4.17.3&#8243; text_font=\u00bb||||||||\u00bb ul_font=\u00bb||||||||\u00bb header_font=\u00bb|700|||||||\u00bb header_text_align=\u00bbcenter\u00bb header_text_color=\u00bb#0da4e5&#8243; background_color=\u00bb#000000&#8243; custom_padding=\u00bb30px||\u00bb global_colors_info=\u00bb{}\u00bb]<\/p>\n<h1 style=\"text-align: center;\"><strong>Limpieza de cristales en Tarragona<\/strong><\/h1>\n<p>&nbsp;<\/p>\n<p>[\/et_pb_text][\/et_pb_column][\/et_pb_row][et_pb_row column_structure=\u00bb1_2,1_2&#8243; admin_label=\u00bbrow\u00bb _builder_version=\u00bb4.16&#8243; background_size=\u00bbinitial\u00bb background_position=\u00bbtop_left\u00bb background_repeat=\u00bbrepeat\u00bb global_colors_info=\u00bb{}\u00bb][et_pb_column type=\u00bb1_2&#8243; _builder_version=\u00bb4.16&#8243; custom_padding=\u00bb|||\u00bb global_colors_info=\u00bb{}\u00bb custom_padding__hover=\u00bb|||\u00bb][et_pb_text _builder_version=\u00bb4.17.3&#8243; text_font_size=\u00bb16px\u00bb header_3_font_size=\u00bb18px\u00bb background_size=\u00bbinitial\u00bb background_position=\u00bbtop_left\u00bb background_repeat=\u00bbrepeat\u00bb use_border_color=\u00bboff\u00bb global_colors_info=\u00bb{}\u00bb]<\/p>\n<h2 style=\"text-align: center;\"><strong>Empresa de limpieza de cristales en Tarragona y sus alrededores<\/strong><\/h2>\n<h3 style=\"text-align: center;\">Importancia de la limpieza de cristales en altura en <a href=\"https:\/\/www.google.com\/maps\/place\/Tarragona\/@41.1343241,1.2101681,12.75z\/data=!4m5!3m4!1s0x12a3fcdbd3ddf159:0x920569a71387a3b2!8m2!3d41.1188827!4d1.2444909\">Tarragona<\/a><\/h3>\n<p style=\"text-align: justify;\">Los cristales cumplen una funci\u00f3n b\u00e1sica pero al mismo tiempo esencial en los edificios: separar el interior y el exterior sin bloquear la luz. Con la suciedad parte de su prop\u00f3sito se puede ver afectado y el efecto est\u00e9tico es negativo, tambi\u00e9n teniendo un efecto negativo en la psicolog\u00eda de las personas viviendo dentro del edificio con las ventanas obstruidas por suciedad. <em>Por esa raz\u00f3n es importante mantener limpios los cristales<\/em>, pero \u00bf<strong>qu\u00e9 pasa cuando hay cristales de gran tama\u00f1o y dif\u00edcil acceso que hace muy peligrosa su limpieza<\/strong>?<\/p>\n<p>[\/et_pb_text][et_pb_image src=\u00bbhttps:\/\/www.mvertical.es\/wp-content\/uploads\/2019\/03\/limpieza-exterior.jpg\u00bb alt=\u00bbLimpieza de cristales en Tarragona\u00bb title_text=\u00bbLimpieza de cristales en Tarragona\u00bb _builder_version=\u00bb4.17.3&#8243; _module_preset=\u00bbdefault\u00bb global_colors_info=\u00bb{}\u00bb][\/et_pb_image][et_pb_text _builder_version=\u00bb4.17.3&#8243; text_font_size=\u00bb16px\u00bb background_size=\u00bbinitial\u00bb background_position=\u00bbtop_left\u00bb background_repeat=\u00bbrepeat\u00bb use_border_color=\u00bboff\u00bb global_colors_info=\u00bb{}\u00bb]<\/p>\n<p style=\"text-align: justify;\">Cuando se tienen ventanas cuyos exteriores son dif\u00edcil de limpiar la soluci\u00f3n m\u00e1s simple es llamar a MVertical. Somos profesionales <strong>expertos en limpieza de cristales en altura<\/strong>. Nos dedicamos a hacer todo tipo de trabajos en alturas <strong>sin andamios ni m\u00e1quinas elevadoras<\/strong>, nuestra amplia experiencia en trabajos en altura con arn\u00e9s nos permite acceder a sus cristales con rapidez y emprender las tareas de limpieza en tiempo r\u00e9cord. No debe preocuparse por permisos de edificaci\u00f3n de andamios o bloquear las v\u00edas con maquinaria elevadora pesada, <strong>solo tienen que llamarnos y volver a tener cristales limpios.<\/strong><\/p>\n<p style=\"text-align: justify;\">[\/et_pb_text][et_pb_text _builder_version=\u00bb4.17.3&#8243; _module_preset=\u00bbdefault\u00bb text_font_size=\u00bb16px\u00bb header_3_text_align=\u00bbcenter\u00bb global_colors_info=\u00bb{}\u00bb]<\/p>\n<h3><strong>Experiencia en limpieza de cristales en altura en Tarragona<\/strong><\/h3>\n<p style=\"text-align: justify;\"><strong>Nuestros profesionales<\/strong> son de los m\u00e1s preparados de la provincia. Llevamos d\u00e9cadas de experiencia ejecutando trabajos en altura, tanto en el \u00e1mbito residencial como industrial. Al mismo tiempo y nos mantenemos siempre al d\u00eda con las nuevas t\u00e9cnicas en trabajo y seguridad en trabajos en alturas.<\/p>\n<p>[\/et_pb_text][\/et_pb_column][et_pb_column type=\u00bb1_2&#8243; _builder_version=\u00bb4.16&#8243; _module_preset=\u00bbdefault\u00bb global_colors_info=\u00bb{}\u00bb][et_pb_text _builder_version=\u00bb4.17.3&#8243; text_font_size=\u00bb16px\u00bb background_size=\u00bbinitial\u00bb background_position=\u00bbtop_left\u00bb background_repeat=\u00bbrepeat\u00bb use_border_color=\u00bboff\u00bb global_colors_info=\u00bb{}\u00bb]<\/p>\n<h3 style=\"text-align: justify;\"><strong>Limpiezas de cristales con acabado perfecto<\/strong><\/h3>\n<p style=\"text-align: justify;\">Nuestros trabajadores limpiacristales especializados dejan completamente pulcro cualquier cristal, tanto exterior como interior de su edificio. No obstante, no es solo limpiar cuando se trata de interiores porque antes de realizar el trabajo tiene que proteger toda la zona para que cuando empiece con los productos de limpieza no se da\u00f1e nada. <a href=\"https:\/\/www.mvertical.es\/wp-content\/uploads\/2016\/11\/Limpiacristales_m.jpg\"><img decoding=\"async\" class=\"size-full wp-image-376 alignright lazyload\" data-src=\"https:\/\/www.mvertical.es\/wp-content\/uploads\/2016\/11\/Limpiacristales_m.jpg\" alt=\"Limpieza de cristales en Tarragona\" width=\"199\" height=\"133\" src=\"data:image\/svg+xml;base64,PHN2ZyB3aWR0aD0iMSIgaGVpZ2h0PSIxIiB4bWxucz0iaHR0cDovL3d3dy53My5vcmcvMjAwMC9zdmciPjwvc3ZnPg==\" style=\"--smush-placeholder-width: 199px; --smush-placeholder-aspect-ratio: 199\/133;\" \/><\/a><\/p>\n<p style=\"text-align: justify;\">En exteriores contamos con toda la protecci\u00f3n necesaria para nuestro trabajador sin necesidad de andamios o maquinaria que encarecen y alargan los trabajos. As\u00ed, puede realizar el trabajo sin preocuparse y con rapidez. Para llevar a cabo las tareas de limpieza de cristales en altura, el profesional tiene que tener en cuenta la seguridad. Esto significa tanto de la zona que trata como tambi\u00e9n tener en cuenta su propia seguridad, ya que seg\u00fan trabajo opera en alturas considerables.<\/p>\n<p style=\"text-align: justify;\">Siempre utilizamos las\u00a0 m\u00e1s nuevas medidas de seguridad en conformidad con los reglamentos que rigen los trabajos en altura.<\/p>\n<h3>Solicitar m\u00e1s informaci\u00f3n<\/h3>\n<p style=\"text-align: justify;\">Si desea <a href=\"https:\/\/www.mvertical.es\/contacto-mvertical\/\">contactar con nosotros,<\/a> pulse el siguiente bot\u00f3n.<\/p>\n<p>[\/et_pb_text][et_pb_button button_url=\u00bb@ET-DC@eyJkeW5hbWljIjp0cnVlLCJjb250ZW50IjoicG9zdF9saW5rX3VybF9wYWdlIiwic2V0dGluZ3MiOnsicG9zdF9pZCI6IjE1MyJ9fQ==@\u00bb button_text=\u00bb\u00a1Contacta con nosotros!\u00bb button_alignment=\u00bbcenter\u00bb _builder_version=\u00bb4.16&#8243; _dynamic_attributes=\u00bbbutton_url\u00bb button_letter_spacing_hover=\u00bb0&#8243; global_colors_info=\u00bb{}\u00bb button_text_size__hover_enabled=\u00bboff\u00bb button_text_size__hover=\u00bbnull\u00bb button_one_text_size__hover_enabled=\u00bboff\u00bb button_one_text_size__hover=\u00bbnull\u00bb button_two_text_size__hover_enabled=\u00bboff\u00bb button_two_text_size__hover=\u00bbnull\u00bb button_text_color__hover_enabled=\u00bboff\u00bb button_text_color__hover=\u00bbnull\u00bb button_one_text_color__hover_enabled=\u00bboff\u00bb button_one_text_color__hover=\u00bbnull\u00bb button_two_text_color__hover_enabled=\u00bboff\u00bb button_two_text_color__hover=\u00bbnull\u00bb button_border_width__hover_enabled=\u00bboff\u00bb button_border_width__hover=\u00bbnull\u00bb button_one_border_width__hover_enabled=\u00bboff\u00bb button_one_border_width__hover=\u00bbnull\u00bb button_two_border_width__hover_enabled=\u00bboff\u00bb button_two_border_width__hover=\u00bbnull\u00bb button_border_color__hover_enabled=\u00bboff\u00bb button_border_color__hover=\u00bbnull\u00bb button_one_border_color__hover_enabled=\u00bboff\u00bb button_one_border_color__hover=\u00bbnull\u00bb button_two_border_color__hover_enabled=\u00bboff\u00bb button_two_border_color__hover=\u00bbnull\u00bb button_border_radius__hover_enabled=\u00bboff\u00bb button_border_radius__hover=\u00bbnull\u00bb button_one_border_radius__hover_enabled=\u00bboff\u00bb button_one_border_radius__hover=\u00bbnull\u00bb button_two_border_radius__hover_enabled=\u00bboff\u00bb button_two_border_radius__hover=\u00bbnull\u00bb button_letter_spacing__hover_enabled=\u00bbon\u00bb button_letter_spacing__hover=\u00bb0&#8243; button_one_letter_spacing__hover_enabled=\u00bboff\u00bb button_one_letter_spacing__hover=\u00bbnull\u00bb button_two_letter_spacing__hover_enabled=\u00bboff\u00bb button_two_letter_spacing__hover=\u00bbnull\u00bb button_bg_color__hover_enabled=\u00bboff\u00bb button_bg_color__hover=\u00bbnull\u00bb button_one_bg_color__hover_enabled=\u00bboff\u00bb button_one_bg_color__hover=\u00bbnull\u00bb button_two_bg_color__hover_enabled=\u00bboff\u00bb button_two_bg_color__hover=\u00bbnull\u00bb]<\/p>\n<p>[\/et_pb_button][et_pb_image src=\u00bbhttps:\/\/www.mvertical.es\/wp-content\/uploads\/2018\/12\/limpieza-cristales-900.jpg\u00bb alt=\u00bbLimpieza de cristales en Tarragona\u00bb title_text=\u00bbLimpieza de cristales en Tarragona\u00bb show_in_lightbox=\u00bbon\u00bb align_tablet=\u00bbcenter\u00bb align_phone=\u00bb\u00bb align_last_edited=\u00bbon|desktop\u00bb _builder_version=\u00bb4.17.3&#8243; global_colors_info=\u00bb{}\u00bb][\/et_pb_image][\/et_pb_column][\/et_pb_row][et_pb_row column_structure=\u00bb1_2,1_2&#8243; _builder_version=\u00bb4.17.3&#8243; _module_preset=\u00bbdefault\u00bb global_colors_info=\u00bb{}\u00bb][et_pb_column type=\u00bb1_2&#8243; _builder_version=\u00bb4.17.3&#8243; _module_preset=\u00bbdefault\u00bb global_colors_info=\u00bb{}\u00bb][et_pb_image src=\u00bbhttps:\/\/www.mvertical.es\/wp-content\/uploads\/2018\/01\/cristales.jpg\u00bb alt=\u00bbLimpieza de cristales en Tarragona\u00bb title_text=\u00bbLimpieza de cristales en Tarragona\u00bb _builder_version=\u00bb4.17.3&#8243; _module_preset=\u00bbdefault\u00bb global_colors_info=\u00bb{}\u00bb][\/et_pb_image][\/et_pb_column][et_pb_column type=\u00bb1_2&#8243; _builder_version=\u00bb4.17.3&#8243; _module_preset=\u00bbdefault\u00bb global_colors_info=\u00bb{}\u00bb][et_pb_image src=\u00bbhttps:\/\/www.mvertical.es\/wp-content\/uploads\/2019\/01\/limpieza-cristales.jpg\u00bb _builder_version=\u00bb4.17.3&#8243; _module_preset=\u00bbdefault\u00bb max_width=\u00bb92%\u00bb hover_enabled=\u00bb0&#8243; global_colors_info=\u00bb{}\u00bb sticky_enabled=\u00bb0&#8243;][\/et_pb_image][\/et_pb_column][\/et_pb_row][et_pb_row _builder_version=\u00bb4.17.3&#8243; _module_preset=\u00bbdefault\u00bb global_colors_info=\u00bb{}\u00bb][et_pb_column type=\u00bb4_4&#8243; _builder_version=\u00bb4.17.3&#8243; _module_preset=\u00bbdefault\u00bb global_colors_info=\u00bb{}\u00bb][et_pb_text _builder_version=\u00bb4.17.3&#8243; _module_preset=\u00bbdefault\u00bb text_font_size=\u00bb16px\u00bb hover_enabled=\u00bb0&#8243; global_colors_info=\u00bb{}\u00bb sticky_enabled=\u00bb0&#8243;]<\/p>\n<h3>Limpieza de cristales en Tarragona de calidad<\/h3>\n<p>En MVertical estamos comprometidos con proporcionarte una limpieza de cristales excepcional que transforme tus ventanas y superficies acristaladas en verdaderas obras de arte brillantes. Nuestro equipo de especialistas en limpieza de cristales est\u00e1 capacitado para abordar proyectos residenciales, comerciales e industriales, brindando resultados impecables en cada uno de ellos.<\/p>\n<p>Utilizamos t\u00e9cnicas avanzadas y productos de limpieza de primera calidad para eliminar incluso las manchas m\u00e1s dif\u00edciles, el polvo y los residuos que puedan empa\u00f1ar la claridad de tus cristales. Nuestro enfoque meticuloso y atenci\u00f3n al detalle nos permite dejar tus ventanas y superficies relucientes, maximizando la entrada de luz natural y mejorando la apariencia de tus espacios.<\/p>\n<p>Entendemos que cada cliente tiene necesidades \u00fanicas, por lo que adaptamos nuestros servicios de limpieza de cristales seg\u00fan tus requerimientos espec\u00edficos. Ya sea que necesites una limpieza puntual o un programa de mantenimiento regular, estamos preparados para atender tus necesidades y superar tus expectativas.<\/p>\n<p>En MVertical nos esforzamos por ofrecer un servicio de limpieza de cristales profesional y seguro. Nuestros expertos utilizan equipo de seguridad y cumplen con los est\u00e1ndares m\u00e1s rigurosos para garantizar un trabajo sin riesgos y una protecci\u00f3n adecuada de tus cristales y propiedades.<\/p>\n<h3><\/h3>\n<h3>Solicita m\u00e1s informaci\u00f3n<\/h3>\n<p>En Mvertical, nos especializamos en ofrecer servicios profesionales de limpieza de cristales en Tarragona y sus alrededores. Sabemos que los cristales limpios y relucientes son esenciales para mantener una apariencia impecable y luminosa en cualquier edificio. Estamos aqu\u00ed para proporcionarle soluciones eficientes y confiables para todas sus necesidades de limpieza de cristales.<\/p>\n<p>Ya sea que necesite la limpieza de ventanas, vitrinas, cristaleras o cualquier otra superficie acristalada, estamos preparados para abordar el trabajo con profesionalismo y atenci\u00f3n al detalle.<\/p>\n<p>Entendemos que cada proyecto es \u00fanico, por lo que adaptamos nuestros servicios a sus requisitos espec\u00edficos. Trabajamos tanto en edificios residenciales como comerciales, ofreciendo flexibilidad en horarios y frecuencia de limpieza para satisfacer sus necesidades. Nuestro objetivo es dejar sus cristales completamente limpios, sin manchas ni marcas, proporcionando una visi\u00f3n clara y luminosa.<\/p>\n<p>Si busca servicios confiables de limpieza de cristales en Tarragona, no dude en contactarnos. Estamos disponibles para discutir sus necesidades, responder a sus preguntas y proporcionarle un presupuesto detallado y competitivo. Conf\u00ede en nosotros para dejar sus cristales impecables y brindarle un servicio de limpieza de alta calidad que supere sus expectativas.<\/p>\n<p>[\/et_pb_text][et_pb_cta title=\u00bbSi busca una empresa de mantenimiento y limpieza de cristales en Tarragona y cercan\u00edas contacta con nosotros\u00bb button_url=\u00bb@ET-DC@eyJkeW5hbWljIjp0cnVlLCJjb250ZW50IjoicG9zdF9saW5rX3VybF9wYWdlIiwic2V0dGluZ3MiOnsicG9zdF9pZCI6IjE1MyJ9fQ==@\u00bb button_text=\u00bbContacta con nosotros\u00bb _builder_version=\u00bb4.17.3&#8243; _dynamic_attributes=\u00bbbutton_url\u00bb _module_preset=\u00bbdefault\u00bb background_color=\u00bb#01068c\u00bb locked=\u00bboff\u00bb global_colors_info=\u00bb{}\u00bb]<\/p>\n<p>\u00a1Somos expertos en trabajos verticales y trabajos en altura sin andamios!<\/p>\n<p>[\/et_pb_cta][\/et_pb_column][\/et_pb_row][et_pb_row _builder_version=\u00bb4.16&#8243; _module_preset=\u00bbdefault\u00bb global_colors_info=\u00bb{}\u00bb][et_pb_column type=\u00bb4_4&#8243; _builder_version=\u00bb4.16&#8243; _module_preset=\u00bbdefault\u00bb global_colors_info=\u00bb{}\u00bb][et_pb_blog fullwidth=\u00bboff\u00bb posts_number=\u00bb3&#8243; include_categories=\u00bb1&#8243; show_more=\u00bbon\u00bb show_author=\u00bboff\u00bb show_categories=\u00bboff\u00bb show_comments=\u00bbon\u00bb show_pagination=\u00bboff\u00bb _builder_version=\u00bb4.16&#8243; use_border_color=\u00bboff\u00bb border_color=\u00bb#ffffff\u00bb border_style=\u00bbsolid\u00bb use_dropshadow=\u00bboff\u00bb global_colors_info=\u00bb{}\u00bb]<\/p>\n<p>[\/et_pb_blog][\/et_pb_column][\/et_pb_row][\/et_pb_section]<\/p>","protected":false},"excerpt":{"rendered":"<p>Limpieza de cristales en Tarragona &nbsp;Empresa de limpieza de cristales en Tarragona y sus alrededores Importancia de la limpieza de cristales en altura en Tarragona Los cristales cumplen una funci\u00f3n b\u00e1sica pero al mismo tiempo esencial en los edificios: separar el interior y el exterior sin bloquear la luz. Con la suciedad parte de su [&hellip;]<\/p>","protected":false},"author":1,"featured_media":986,"parent":0,"menu_order":0,"comment_status":"closed","ping_status":"closed","template":"","meta":{"_et_pb_use_builder":"on","_et_pb_old_content":"","_et_gb_content_width":"","footnotes":""},"class_list":["post-907","page","type-page","status-publish","has-post-thumbnail","hentry"],"yoast_head":"<!-- This site is optimized with the Yoast SEO plugin v27.2 - https:\/\/yoast.com\/product\/yoast-seo-wordpress\/ -->\n<title>Limpieza de cristales en Tarragona - MVertical trabajos verticales<\/title>\n<meta name=\"description\" content=\"Limpieza de cristales en altura en Tarragona. Velocidad. Calidad de trabajo. Cualquier altura. Sin andamios o maquinaria que suba los costes.\" \/>\n<meta name=\"robots\" content=\"index, follow, max-snippet:-1, max-image-preview:large, max-video-preview:-1\" \/>\n<link rel=\"canonical\" href=\"https:\/\/www.mvertical.es\/ca\/limpieza-de-cristales-en-tarragona\/\" \/>\n<meta property=\"og:locale\" content=\"ca_ES\" \/>\n<meta property=\"og:type\" content=\"article\" \/>\n<meta property=\"og:title\" content=\"Limpieza de cristales en Tarragona - MVertical trabajos verticales\" \/>\n<meta property=\"og:description\" content=\"Limpieza de cristales en altura en Tarragona. Velocidad. Calidad de trabajo. Cualquier altura. Sin andamios o maquinaria que suba los costes.\" \/>\n<meta property=\"og:url\" content=\"https:\/\/www.mvertical.es\/ca\/limpieza-de-cristales-en-tarragona\/\" \/>\n<meta property=\"og:site_name\" content=\"MVertical trabajos verticales\" \/>\n<meta property=\"article:modified_time\" content=\"2023-07-20T15:46:17+00:00\" \/>\n<meta property=\"og:image\" content=\"https:\/\/www.mvertical.es\/wp-content\/uploads\/2019\/03\/limpieza-exterior.jpg\" \/>\n\t<meta property=\"og:image:width\" content=\"1600\" \/>\n\t<meta property=\"og:image:height\" content=\"890\" \/>\n\t<meta property=\"og:image:type\" content=\"image\/jpeg\" \/>\n<meta name=\"twitter:card\" content=\"summary_large_image\" \/>\n<meta name=\"twitter:label1\" content=\"Temps estimat de lectura\" \/>\n\t<meta name=\"twitter:data1\" content=\"9 minuts\" \/>\n<script type=\"application\/ld+json\" class=\"yoast-schema-graph\">{\"@context\":\"https:\/\/schema.org\",\"@graph\":[{\"@type\":\"WebPage\",\"@id\":\"https:\/\/www.mvertical.es\/limpieza-de-cristales-en-tarragona\/\",\"url\":\"https:\/\/www.mvertical.es\/limpieza-de-cristales-en-tarragona\/\",\"name\":\"Limpieza de cristales en Tarragona - MVertical trabajos verticales\",\"isPartOf\":{\"@id\":\"https:\/\/www.mvertical.es\/#website\"},\"primaryImageOfPage\":{\"@id\":\"https:\/\/www.mvertical.es\/limpieza-de-cristales-en-tarragona\/#primaryimage\"},\"image\":{\"@id\":\"https:\/\/www.mvertical.es\/limpieza-de-cristales-en-tarragona\/#primaryimage\"},\"thumbnailUrl\":\"https:\/\/www.mvertical.es\/wp-content\/uploads\/2019\/03\/limpieza-exterior.jpg\",\"datePublished\":\"2018-12-18T11:18:24+00:00\",\"dateModified\":\"2023-07-20T15:46:17+00:00\",\"description\":\"Limpieza de cristales en altura en Tarragona. Velocidad. Calidad de trabajo. Cualquier altura. Sin andamios o maquinaria que suba los costes.\",\"breadcrumb\":{\"@id\":\"https:\/\/www.mvertical.es\/limpieza-de-cristales-en-tarragona\/#breadcrumb\"},\"inLanguage\":\"ca\",\"potentialAction\":[{\"@type\":\"ReadAction\",\"target\":[\"https:\/\/www.mvertical.es\/limpieza-de-cristales-en-tarragona\/\"]}]},{\"@type\":\"ImageObject\",\"inLanguage\":\"ca\",\"@id\":\"https:\/\/www.mvertical.es\/limpieza-de-cristales-en-tarragona\/#primaryimage\",\"url\":\"https:\/\/www.mvertical.es\/wp-content\/uploads\/2019\/03\/limpieza-exterior.jpg\",\"contentUrl\":\"https:\/\/www.mvertical.es\/wp-content\/uploads\/2019\/03\/limpieza-exterior.jpg\",\"width\":1600,\"height\":890,\"caption\":\"limpieza de cristales en altura\"},{\"@type\":\"BreadcrumbList\",\"@id\":\"https:\/\/www.mvertical.es\/limpieza-de-cristales-en-tarragona\/#breadcrumb\",\"itemListElement\":[{\"@type\":\"ListItem\",\"position\":1,\"name\":\"Portada\",\"item\":\"https:\/\/www.mvertical.es\/\"},{\"@type\":\"ListItem\",\"position\":2,\"name\":\"Limpieza de cristales en Tarragona\"}]},{\"@type\":\"WebSite\",\"@id\":\"https:\/\/www.mvertical.es\/#website\",\"url\":\"https:\/\/www.mvertical.es\/\",\"name\":\"MVertical trabajos verticales\",\"description\":\"Trabajos verticales, rehabilitaci\u00f3n de fachadas en Tarragona\",\"potentialAction\":[{\"@type\":\"SearchAction\",\"target\":{\"@type\":\"EntryPoint\",\"urlTemplate\":\"https:\/\/www.mvertical.es\/?s={search_term_string}\"},\"query-input\":{\"@type\":\"PropertyValueSpecification\",\"valueRequired\":true,\"valueName\":\"search_term_string\"}}],\"inLanguage\":\"ca\"}]}<\/script>\n<!-- \/ Yoast SEO plugin. -->","yoast_head_json":{"title":"Limpieza de cristales en Tarragona - MVertical trabajos verticales","description":"Limpieza de cristales en altura en Tarragona. Velocidad. Calidad de trabajo. Cualquier altura. Sin andamios o maquinaria que suba los costes.","robots":{"index":"index","follow":"follow","max-snippet":"max-snippet:-1","max-image-preview":"max-image-preview:large","max-video-preview":"max-video-preview:-1"},"canonical":"https:\/\/www.mvertical.es\/ca\/limpieza-de-cristales-en-tarragona\/","og_locale":"ca_ES","og_type":"article","og_title":"Limpieza de cristales en Tarragona - MVertical trabajos verticales","og_description":"Limpieza de cristales en altura en Tarragona. Velocidad. Calidad de trabajo. Cualquier altura. Sin andamios o maquinaria que suba los costes.","og_url":"https:\/\/www.mvertical.es\/ca\/limpieza-de-cristales-en-tarragona\/","og_site_name":"MVertical trabajos verticales","article_modified_time":"2023-07-20T15:46:17+00:00","og_image":[{"width":1600,"height":890,"url":"https:\/\/www.mvertical.es\/wp-content\/uploads\/2019\/03\/limpieza-exterior.jpg","type":"image\/jpeg"}],"twitter_card":"summary_large_image","twitter_misc":{"Temps estimat de lectura":"9 minuts"},"schema":{"@context":"https:\/\/schema.org","@graph":[{"@type":"WebPage","@id":"https:\/\/www.mvertical.es\/limpieza-de-cristales-en-tarragona\/","url":"https:\/\/www.mvertical.es\/limpieza-de-cristales-en-tarragona\/","name":"Limpieza de cristales en Tarragona - MVertical trabajos verticales","isPartOf":{"@id":"https:\/\/www.mvertical.es\/#website"},"primaryImageOfPage":{"@id":"https:\/\/www.mvertical.es\/limpieza-de-cristales-en-tarragona\/#primaryimage"},"image":{"@id":"https:\/\/www.mvertical.es\/limpieza-de-cristales-en-tarragona\/#primaryimage"},"thumbnailUrl":"https:\/\/www.mvertical.es\/wp-content\/uploads\/2019\/03\/limpieza-exterior.jpg","datePublished":"2018-12-18T11:18:24+00:00","dateModified":"2023-07-20T15:46:17+00:00","description":"Limpieza de cristales en altura en Tarragona. Velocidad. Calidad de trabajo. Cualquier altura. Sin andamios o maquinaria que suba los costes.","breadcrumb":{"@id":"https:\/\/www.mvertical.es\/limpieza-de-cristales-en-tarragona\/#breadcrumb"},"inLanguage":"ca","potentialAction":[{"@type":"ReadAction","target":["https:\/\/www.mvertical.es\/limpieza-de-cristales-en-tarragona\/"]}]},{"@type":"ImageObject","inLanguage":"ca","@id":"https:\/\/www.mvertical.es\/limpieza-de-cristales-en-tarragona\/#primaryimage","url":"https:\/\/www.mvertical.es\/wp-content\/uploads\/2019\/03\/limpieza-exterior.jpg","contentUrl":"https:\/\/www.mvertical.es\/wp-content\/uploads\/2019\/03\/limpieza-exterior.jpg","width":1600,"height":890,"caption":"limpieza de cristales en altura"},{"@type":"BreadcrumbList","@id":"https:\/\/www.mvertical.es\/limpieza-de-cristales-en-tarragona\/#breadcrumb","itemListElement":[{"@type":"ListItem","position":1,"name":"Portada","item":"https:\/\/www.mvertical.es\/"},{"@type":"ListItem","position":2,"name":"Limpieza de cristales en Tarragona"}]},{"@type":"WebSite","@id":"https:\/\/www.mvertical.es\/#website","url":"https:\/\/www.mvertical.es\/","name":"MVertical trabajos verticales","description":"Trabajos verticales, rehabilitaci\u00f3n de fachadas en Tarragona","potentialAction":[{"@type":"SearchAction","target":{"@type":"EntryPoint","urlTemplate":"https:\/\/www.mvertical.es\/?s={search_term_string}"},"query-input":{"@type":"PropertyValueSpecification","valueRequired":true,"valueName":"search_term_string"}}],"inLanguage":"ca"}]}},"_links":{"self":[{"href":"https:\/\/www.mvertical.es\/ca\/wp-json\/wp\/v2\/pages\/907","targetHints":{"allow":["GET"]}}],"collection":[{"href":"https:\/\/www.mvertical.es\/ca\/wp-json\/wp\/v2\/pages"}],"about":[{"href":"https:\/\/www.mvertical.es\/ca\/wp-json\/wp\/v2\/types\/page"}],"author":[{"embeddable":true,"href":"https:\/\/www.mvertical.es\/ca\/wp-json\/wp\/v2\/users\/1"}],"replies":[{"embeddable":true,"href":"https:\/\/www.mvertical.es\/ca\/wp-json\/wp\/v2\/comments?post=907"}],"version-history":[{"count":13,"href":"https:\/\/www.mvertical.es\/ca\/wp-json\/wp\/v2\/pages\/907\/revisions"}],"predecessor-version":[{"id":1498,"href":"https:\/\/www.mvertical.es\/ca\/wp-json\/wp\/v2\/pages\/907\/revisions\/1498"}],"wp:featuredmedia":[{"embeddable":true,"href":"https:\/\/www.mvertical.es\/ca\/wp-json\/wp\/v2\/media\/986"}],"wp:attachment":[{"href":"https:\/\/www.mvertical.es\/ca\/wp-json\/wp\/v2\/media?parent=907"}],"curies":[{"name":"wp","href":"https:\/\/api.w.org\/{rel}","templated":true}]}}