{"id":899,"date":"2018-12-13T15:58:29","date_gmt":"2018-12-13T15:58:29","guid":{"rendered":"https:\/\/www.mvertical.es\/?page_id=899"},"modified":"2023-07-20T15:51:47","modified_gmt":"2023-07-20T15:51:47","slug":"trabajos-verticales-en-tarragona","status":"publish","type":"page","link":"https:\/\/www.mvertical.es\/ca\/trabajos-verticales-en-tarragona\/","title":{"rendered":"Trabajos verticales Tarragona"},"content":{"rendered":"<p>[et_pb_section fb_built=\u00bb1&#8243; admin_label=\u00bbsection\u00bb _builder_version=\u00bb4.16&#8243; global_colors_info=\u00bb{}\u00bb][et_pb_row _builder_version=\u00bb4.16&#8243; custom_padding=\u00bb0px|||||\u00bb locked=\u00bboff\u00bb global_colors_info=\u00bb{}\u00bb][et_pb_column type=\u00bb4_4&#8243; _builder_version=\u00bb4.16&#8243; custom_padding=\u00bb|||\u00bb global_colors_info=\u00bb{}\u00bb custom_padding__hover=\u00bb|||\u00bb][et_pb_text _builder_version=\u00bb4.17.3&#8243; text_font=\u00bb||||||||\u00bb ul_font=\u00bb||||||||\u00bb header_font=\u00bb|700|||||||\u00bb header_text_align=\u00bbcenter\u00bb header_text_color=\u00bb#0da4e5&#8243; background_color=\u00bb#000000&#8243; custom_padding=\u00bb30px||\u00bb hover_enabled=\u00bb0&#8243; global_colors_info=\u00bb{}\u00bb sticky_enabled=\u00bb0&#8243;]<\/p>\n<h1>Trabajos verticales en Tarragona<\/h1>\n<p>&nbsp;<\/p>\n<p>[\/et_pb_text][\/et_pb_column][\/et_pb_row][et_pb_row column_structure=\u00bb3_4,1_4&#8243; admin_label=\u00bbrow\u00bb _builder_version=\u00bb4.17.3&#8243; background_size=\u00bbinitial\u00bb background_position=\u00bbtop_left\u00bb background_repeat=\u00bbrepeat\u00bb width=\u00bb100%\u00bb max_width=\u00bb60%\u00bb global_colors_info=\u00bb{}\u00bb][et_pb_column type=\u00bb3_4&#8243; _builder_version=\u00bb4.16&#8243; custom_padding=\u00bb|||\u00bb global_colors_info=\u00bb{}\u00bb custom_padding__hover=\u00bb|||\u00bb][et_pb_text _builder_version=\u00bb4.17.3&#8243; text_font_size=\u00bb16px\u00bb background_size=\u00bbinitial\u00bb background_position=\u00bbtop_left\u00bb background_repeat=\u00bbrepeat\u00bb text_orientation=\u00bbjustified\u00bb custom_padding=\u00bb10px|10px|10px|10px|false|false\u00bb use_border_color=\u00bboff\u00bb global_colors_info=\u00bb{}\u00bb]<\/p>\n<p><a href=\"https:\/\/www.mvertical.es\/wp-content\/uploads\/2016\/09\/080720161827-1.jpg\"><img decoding=\"async\" data-src=\"https:\/\/www.mvertical.es\/wp-content\/uploads\/2016\/09\/080720161827-1-225x300.jpg\" alt=\"trabajos verticales en Tarragona rehabilitacion de fachada\" class=\"wp-image-337 alignleft size-medium lazyload\" width=\"225\" height=\"300\" data-srcset=\"https:\/\/www.mvertical.es\/wp-content\/uploads\/2016\/09\/080720161827-1-225x300.jpg 225w,  https:\/\/www.mvertical.es\/wp-content\/uploads\/2016\/09\/080720161827-1-768x1024.jpg 768w,  https:\/\/www.mvertical.es\/wp-content\/uploads\/2016\/09\/080720161827-1-1080x1440.jpg 1080w\" data-sizes=\"(max-width: 225px) 100vw, 225px\" src=\"data:image\/svg+xml;base64,PHN2ZyB3aWR0aD0iMSIgaGVpZ2h0PSIxIiB4bWxucz0iaHR0cDovL3d3dy53My5vcmcvMjAwMC9zdmciPjwvc3ZnPg==\" style=\"--smush-placeholder-width: 225px; --smush-placeholder-aspect-ratio: 225\/300;\" \/><\/a><\/p>\n<h2><strong>Los mejores trabajos verticales en Tarragona<\/strong><\/h2>\n<p>Mvertical ofrece el mejor servicio en TRABAJOS VERTICALES\u00a0 de toda la provincia de Tarragona.<\/p>\n<p>En <strong>MVERTICAL<\/strong> sabemos c\u00f3mo realizar un buen trabajo al mejor precio. No solo importa la experiencia, sino tambi\u00e9n manejar el tiempo y tener en cuenta lo econ\u00f3mico para el cliente.<\/p>\n<p>En emplear sistemas sin andamios conseguimos reducir los costes para nuestros clientes y al mismo tiempo reducimos los tiempos de entrega de la obra.<\/p>\n<p>En nuestra empresa, sabemos que este trabajo es peligroso, por ello; contamos con el mejor sistema anti ca\u00eddas y las mejores protecciones para cualquier tipo de peligro.<\/p>\n<p>Para nosotros, la mejor publicidad es la que nos da el trabajo bien realizado.<\/p>\n<p>[\/et_pb_text][et_pb_image src=\u00bbhttps:\/\/www.mvertical.es\/wp-content\/uploads\/2019\/03\/prueba.jpg\u00bb alt=\u00bbTrabajos verticales Tarragona\u00bb title_text=\u00bbTrabajos verticales Tarragona\u00bb _builder_version=\u00bb4.17.3&#8243; _module_preset=\u00bbdefault\u00bb global_colors_info=\u00bb{}\u00bb][\/et_pb_image][et_pb_text _builder_version=\u00bb4.17.3&#8243; text_font_size=\u00bb16px\u00bb background_size=\u00bbinitial\u00bb background_position=\u00bbtop_left\u00bb background_repeat=\u00bbrepeat\u00bb text_orientation=\u00bbjustified\u00bb custom_padding=\u00bb10px|10px|10px|10px|false|false\u00bb hover_enabled=\u00bb0&#8243; use_border_color=\u00bboff\u00bb locked=\u00bboff\u00bb global_colors_info=\u00bb{}\u00bb sticky_enabled=\u00bb0&#8243;]<\/p>\n<h3><strong>Todo tipo de trabajos verticales en Tarragona<\/strong><\/h3>\n<p>Ejecutamos todo tipo de trabajos en altura instalaciones, mantenimiento, reparaciones e inspecciones.<\/p>\n<p>Algunos de nuestros servicios m\u00e1s recurrentes:<\/p>\n<ul>\n<li>Instalaciones de agua y desag\u00fces<\/li>\n<li>trabajos en patios de luz<\/li>\n<li>pintura<\/li>\n<li>rehabilitaci\u00f3n de fachadas<\/li>\n<li>instalaci\u00f3n de elementos de seguridad como escaleras de seguridad<\/li>\n<li>limpieza de cristales y elementos de fachada<\/li>\n<li>instalaci\u00f3n de antenas<\/li>\n<li>instalaci\u00f3n de tabiques pluviales<\/li>\n<li>instalaciones de tuber\u00edas de agua y bajantes<\/li>\n<\/ul>\n<p>Todo el mundo sabe que despu\u00e9s de un tiempo, la fachada de un edificio puede quedar deteriorada. Cuando pasan los a\u00f1os, la pintura va desapareciendo, y a causa de la lluvia y las tormentas, queda suciedad. No obstante, <strong>nosotros arreglamos cualquier desperfecto<\/strong> y damos una nueva capa de pintura, porque todos sabemos que la est\u00e9tica de un edificio es importante para los que van a entrar en \u00e9l pero\u00a0 m\u00e1s all\u00e1 de la est\u00e9tica, la integridad de la pintura exterior es la primera defensa del edificio frente a las intemperies.<\/p>\n<p>Realizamos instalaciones de agua y desag\u00fces. As\u00ed como trabajos en patios de luz, sin andamios ni plataformas, de forma sencilla para terminar las obras m\u00e1s r\u00e1pido y a menos coste para nuestros clientes.<\/p>\n<p>Adem\u00e1s ofrecemos la instalaci\u00f3n de tabiques pluviales, por ejemplo, para que la parte externa del edificio aguante m\u00e1s tiempo en buen estado. No solo evita las filtraciones de agua, sino que mejora el aislamiento t\u00e9rmico.<\/p>\n<h3>Contactar con MVERTICAL<\/h3>\n<p><span>\u00a1Estamos listos para ayudarte con tus trabajos verticales! Nuestro equipo est\u00e1 preparado para afrontar cualquier desaf\u00edo en altura que puedas tener. Ya sea que necesites reparaciones, mantenimiento, instalaciones o cualquier otro servicio que requiera acceso vertical, contamos con las herramientas y t\u00e9cnicas m\u00e1s avanzadas para garantizar un trabajo seguro y eficiente. La seguridad de nuestros trabajadores y clientes es nuestra m\u00e1xima prioridad, y cumplimos con los m\u00e1s altos est\u00e1ndares de calidad en cada proyecto. No dudes en contactarnos para obtener una evaluaci\u00f3n gratuita y una soluci\u00f3n personalizada para tus necesidades espec\u00edficas de trabajos verticales.<\/span><\/p>\n<h3><img decoding=\"async\" class=\"wp-image-372 alignright lazyload\" data-src=\"https:\/\/www.mvertical.es\/wp-content\/uploads\/2016\/11\/f4b6dca0e2911082f0eb6e1df1a0e11d_XL-300x138.jpg\" alt=\"Trabajos verticales en Tarragona\" width=\"281\" height=\"129\" data-srcset=\"https:\/\/www.mvertical.es\/wp-content\/uploads\/2016\/11\/f4b6dca0e2911082f0eb6e1df1a0e11d_XL-300x138.jpg 300w,  https:\/\/www.mvertical.es\/wp-content\/uploads\/2016\/11\/f4b6dca0e2911082f0eb6e1df1a0e11d_XL.jpg 650w\" data-sizes=\"(max-width: 281px) 100vw, 281px\" src=\"data:image\/svg+xml;base64,PHN2ZyB3aWR0aD0iMSIgaGVpZ2h0PSIxIiB4bWxucz0iaHR0cDovL3d3dy53My5vcmcvMjAwMC9zdmciPjwvc3ZnPg==\" style=\"--smush-placeholder-width: 281px; --smush-placeholder-aspect-ratio: 281\/129;\" \/><\/h3>\n<p style=\"text-align: justify;\">Si necesita m\u00e1s informaci\u00f3n o necesita un presupuesto, <a href=\"https:\/\/www.mvertical.es\/contacto-mvertical\/\">no dude en contactar con nosotros<\/a> utilizando <a href=\"https:\/\/www.mvertical.es\/contacto-mvertical\/\">nuestro formulario de contacto<\/a> o los tel\u00e9fonos de contacto: <a href=\"tel:977208435\">977 20 84 35<\/a> o <a href=\"tel:616655618\">616 65 56 18<\/a><\/p>\n<p style=\"text-align: justify;\">Su satisfacci\u00f3n es lo que m\u00e1s nos importa.<\/p>\n<p>[\/et_pb_text][et_pb_cta title=\u00bbSi busca una empresa de trabajos verticales en Tarragona y cercan\u00edas contacta con nosotros\u00bb button_url=\u00bb@ET-DC@eyJkeW5hbWljIjp0cnVlLCJjb250ZW50IjoicG9zdF9saW5rX3VybF9wYWdlIiwic2V0dGluZ3MiOnsicG9zdF9pZCI6IjE1MyJ9fQ==@\u00bb button_text=\u00bbContacta con nosotros\u00bb _builder_version=\u00bb4.17.3&#8243; _dynamic_attributes=\u00bbbutton_url\u00bb _module_preset=\u00bbdefault\u00bb background_color=\u00bb#01068c\u00bb locked=\u00bboff\u00bb global_colors_info=\u00bb{}\u00bb]<\/p>\n<p>\u00a1Somos expertos en trabajos verticales y trabajos en altura sin andamios!<\/p>\n<p>[\/et_pb_cta][\/et_pb_column][et_pb_column type=\u00bb1_4&#8243; _builder_version=\u00bb4.16&#8243; custom_padding=\u00bb|||\u00bb global_colors_info=\u00bb{}\u00bb custom_padding__hover=\u00bb|||\u00bb][et_pb_blog posts_number=\u00bb4&#8243; include_categories=\u00bb1&#8243; show_more=\u00bbon\u00bb show_author=\u00bboff\u00bb show_categories=\u00bboff\u00bb show_comments=\u00bbon\u00bb show_pagination=\u00bboff\u00bb _builder_version=\u00bb4.17.3&#8243; hover_enabled=\u00bb0&#8243; use_border_color=\u00bboff\u00bb border_color=\u00bb#ffffff\u00bb border_style=\u00bbsolid\u00bb use_dropshadow=\u00bboff\u00bb global_colors_info=\u00bb{}\u00bb sticky_enabled=\u00bb0&#8243;]<br \/>\n[\/et_pb_blog][\/et_pb_column][\/et_pb_row][et_pb_row column_structure=\u00bb1_2,1_2&#8243; _builder_version=\u00bb4.17.3&#8243; _module_preset=\u00bbdefault\u00bb global_colors_info=\u00bb{}\u00bb][et_pb_column type=\u00bb1_2&#8243; _builder_version=\u00bb4.17.3&#8243; _module_preset=\u00bbdefault\u00bb global_colors_info=\u00bb{}\u00bb][et_pb_image src=\u00bbhttps:\/\/www.mvertical.es\/wp-content\/uploads\/2021\/04\/trabajos-en-altura-scaled.jpg\u00bb alt=\u00bbTrabajos verticales Tarragona\u00bb title_text=\u00bbTrabajos verticales Tarragona\u00bb _builder_version=\u00bb4.17.3&#8243; _module_preset=\u00bbdefault\u00bb max_width=\u00bb90%\u00bb global_colors_info=\u00bb{}\u00bb][\/et_pb_image][\/et_pb_column][et_pb_column type=\u00bb1_2&#8243; _builder_version=\u00bb4.17.3&#8243; _module_preset=\u00bbdefault\u00bb global_colors_info=\u00bb{}\u00bb][et_pb_image src=\u00bbhttps:\/\/www.mvertical.es\/wp-content\/uploads\/2019\/07\/seguridad1.jpg\u00bb alt=\u00bbTrabajos verticales Tarragona\u00bb title_text=\u00bbTrabajos verticales Tarragona\u00bb _builder_version=\u00bb4.17.3&#8243; _module_preset=\u00bbdefault\u00bb global_colors_info=\u00bb{}\u00bb][\/et_pb_image][\/et_pb_column][\/et_pb_row][\/et_pb_section]<\/p>","protected":false},"excerpt":{"rendered":"<p>Trabajos verticales en Tarragona &nbsp; Los mejores trabajos verticales en Tarragona Mvertical ofrece el mejor servicio en TRABAJOS VERTICALES\u00a0 de toda la provincia de Tarragona. En MVERTICAL sabemos c\u00f3mo realizar un buen trabajo al mejor precio. No solo importa la experiencia, sino tambi\u00e9n manejar el tiempo y tener en cuenta lo econ\u00f3mico para el cliente. [&hellip;]<\/p>","protected":false},"author":1,"featured_media":0,"parent":0,"menu_order":0,"comment_status":"closed","ping_status":"closed","template":"","meta":{"_et_pb_use_builder":"on","_et_pb_old_content":"","_et_gb_content_width":"","footnotes":""},"class_list":["post-899","page","type-page","status-publish","hentry"],"yoast_head":"<!-- This site is optimized with the Yoast SEO plugin v27.2 - https:\/\/yoast.com\/product\/yoast-seo-wordpress\/ -->\n<title>Trabajos verticales Tarragona - MVertical trabajos verticales<\/title>\n<meta name=\"description\" content=\"\u00bfEst\u00e1 buscando el mejor servicio de trabajos verticales en Tarragona y sus alrededores? \u00bfNo lo dude y llame ya!.\" \/>\n<meta name=\"robots\" content=\"index, follow, max-snippet:-1, max-image-preview:large, max-video-preview:-1\" \/>\n<link rel=\"canonical\" href=\"https:\/\/www.mvertical.es\/ca\/trabajos-verticales-en-tarragona\/\" \/>\n<meta property=\"og:locale\" content=\"ca_ES\" \/>\n<meta property=\"og:type\" content=\"article\" \/>\n<meta property=\"og:title\" content=\"Trabajos verticales Tarragona - MVertical trabajos verticales\" \/>\n<meta property=\"og:description\" content=\"\u00bfEst\u00e1 buscando el mejor servicio de trabajos verticales en Tarragona y sus alrededores? \u00bfNo lo dude y llame ya!.\" \/>\n<meta property=\"og:url\" content=\"https:\/\/www.mvertical.es\/ca\/trabajos-verticales-en-tarragona\/\" \/>\n<meta property=\"og:site_name\" content=\"MVertical trabajos verticales\" \/>\n<meta property=\"article:modified_time\" content=\"2023-07-20T15:51:47+00:00\" \/>\n<meta property=\"og:image\" content=\"https:\/\/www.mvertical.es\/wp-content\/uploads\/2016\/09\/080720161827-1-225x300.jpg\" \/>\n<meta name=\"twitter:card\" content=\"summary_large_image\" \/>\n<meta name=\"twitter:label1\" content=\"Temps estimat de lectura\" \/>\n\t<meta name=\"twitter:data1\" content=\"3 minuts\" \/>\n<script type=\"application\/ld+json\" class=\"yoast-schema-graph\">{\"@context\":\"https:\/\/schema.org\",\"@graph\":[{\"@type\":\"WebPage\",\"@id\":\"https:\/\/www.mvertical.es\/trabajos-verticales-en-tarragona\/\",\"url\":\"https:\/\/www.mvertical.es\/trabajos-verticales-en-tarragona\/\",\"name\":\"Trabajos verticales Tarragona - MVertical trabajos verticales\",\"isPartOf\":{\"@id\":\"https:\/\/www.mvertical.es\/#website\"},\"primaryImageOfPage\":{\"@id\":\"https:\/\/www.mvertical.es\/trabajos-verticales-en-tarragona\/#primaryimage\"},\"image\":{\"@id\":\"https:\/\/www.mvertical.es\/trabajos-verticales-en-tarragona\/#primaryimage\"},\"thumbnailUrl\":\"https:\/\/www.mvertical.es\/wp-content\/uploads\/2016\/09\/080720161827-1-225x300.jpg\",\"datePublished\":\"2018-12-13T15:58:29+00:00\",\"dateModified\":\"2023-07-20T15:51:47+00:00\",\"description\":\"\u00bfEst\u00e1 buscando el mejor servicio de trabajos verticales en Tarragona y sus alrededores? \u00bfNo lo dude y llame ya!.\",\"breadcrumb\":{\"@id\":\"https:\/\/www.mvertical.es\/trabajos-verticales-en-tarragona\/#breadcrumb\"},\"inLanguage\":\"ca\",\"potentialAction\":[{\"@type\":\"ReadAction\",\"target\":[\"https:\/\/www.mvertical.es\/trabajos-verticales-en-tarragona\/\"]}]},{\"@type\":\"ImageObject\",\"inLanguage\":\"ca\",\"@id\":\"https:\/\/www.mvertical.es\/trabajos-verticales-en-tarragona\/#primaryimage\",\"url\":\"https:\/\/www.mvertical.es\/wp-content\/uploads\/2016\/09\/080720161827-1-225x300.jpg\",\"contentUrl\":\"https:\/\/www.mvertical.es\/wp-content\/uploads\/2016\/09\/080720161827-1-225x300.jpg\"},{\"@type\":\"BreadcrumbList\",\"@id\":\"https:\/\/www.mvertical.es\/trabajos-verticales-en-tarragona\/#breadcrumb\",\"itemListElement\":[{\"@type\":\"ListItem\",\"position\":1,\"name\":\"Portada\",\"item\":\"https:\/\/www.mvertical.es\/\"},{\"@type\":\"ListItem\",\"position\":2,\"name\":\"Trabajos verticales Tarragona\"}]},{\"@type\":\"WebSite\",\"@id\":\"https:\/\/www.mvertical.es\/#website\",\"url\":\"https:\/\/www.mvertical.es\/\",\"name\":\"MVertical trabajos verticales\",\"description\":\"Trabajos verticales, rehabilitaci\u00f3n de fachadas en Tarragona\",\"potentialAction\":[{\"@type\":\"SearchAction\",\"target\":{\"@type\":\"EntryPoint\",\"urlTemplate\":\"https:\/\/www.mvertical.es\/?s={search_term_string}\"},\"query-input\":{\"@type\":\"PropertyValueSpecification\",\"valueRequired\":true,\"valueName\":\"search_term_string\"}}],\"inLanguage\":\"ca\"}]}<\/script>\n<!-- \/ Yoast SEO plugin. -->","yoast_head_json":{"title":"Trabajos verticales Tarragona - MVertical trabajos verticales","description":"\u00bfEst\u00e1 buscando el mejor servicio de trabajos verticales en Tarragona y sus alrededores? \u00bfNo lo dude y llame ya!.","robots":{"index":"index","follow":"follow","max-snippet":"max-snippet:-1","max-image-preview":"max-image-preview:large","max-video-preview":"max-video-preview:-1"},"canonical":"https:\/\/www.mvertical.es\/ca\/trabajos-verticales-en-tarragona\/","og_locale":"ca_ES","og_type":"article","og_title":"Trabajos verticales Tarragona - MVertical trabajos verticales","og_description":"\u00bfEst\u00e1 buscando el mejor servicio de trabajos verticales en Tarragona y sus alrededores? \u00bfNo lo dude y llame ya!.","og_url":"https:\/\/www.mvertical.es\/ca\/trabajos-verticales-en-tarragona\/","og_site_name":"MVertical trabajos verticales","article_modified_time":"2023-07-20T15:51:47+00:00","og_image":[{"url":"https:\/\/www.mvertical.es\/wp-content\/uploads\/2016\/09\/080720161827-1-225x300.jpg","type":"","width":"","height":""}],"twitter_card":"summary_large_image","twitter_misc":{"Temps estimat de lectura":"3 minuts"},"schema":{"@context":"https:\/\/schema.org","@graph":[{"@type":"WebPage","@id":"https:\/\/www.mvertical.es\/trabajos-verticales-en-tarragona\/","url":"https:\/\/www.mvertical.es\/trabajos-verticales-en-tarragona\/","name":"Trabajos verticales Tarragona - MVertical trabajos verticales","isPartOf":{"@id":"https:\/\/www.mvertical.es\/#website"},"primaryImageOfPage":{"@id":"https:\/\/www.mvertical.es\/trabajos-verticales-en-tarragona\/#primaryimage"},"image":{"@id":"https:\/\/www.mvertical.es\/trabajos-verticales-en-tarragona\/#primaryimage"},"thumbnailUrl":"https:\/\/www.mvertical.es\/wp-content\/uploads\/2016\/09\/080720161827-1-225x300.jpg","datePublished":"2018-12-13T15:58:29+00:00","dateModified":"2023-07-20T15:51:47+00:00","description":"\u00bfEst\u00e1 buscando el mejor servicio de trabajos verticales en Tarragona y sus alrededores? \u00bfNo lo dude y llame ya!.","breadcrumb":{"@id":"https:\/\/www.mvertical.es\/trabajos-verticales-en-tarragona\/#breadcrumb"},"inLanguage":"ca","potentialAction":[{"@type":"ReadAction","target":["https:\/\/www.mvertical.es\/trabajos-verticales-en-tarragona\/"]}]},{"@type":"ImageObject","inLanguage":"ca","@id":"https:\/\/www.mvertical.es\/trabajos-verticales-en-tarragona\/#primaryimage","url":"https:\/\/www.mvertical.es\/wp-content\/uploads\/2016\/09\/080720161827-1-225x300.jpg","contentUrl":"https:\/\/www.mvertical.es\/wp-content\/uploads\/2016\/09\/080720161827-1-225x300.jpg"},{"@type":"BreadcrumbList","@id":"https:\/\/www.mvertical.es\/trabajos-verticales-en-tarragona\/#breadcrumb","itemListElement":[{"@type":"ListItem","position":1,"name":"Portada","item":"https:\/\/www.mvertical.es\/"},{"@type":"ListItem","position":2,"name":"Trabajos verticales Tarragona"}]},{"@type":"WebSite","@id":"https:\/\/www.mvertical.es\/#website","url":"https:\/\/www.mvertical.es\/","name":"MVertical trabajos verticales","description":"Trabajos verticales, rehabilitaci\u00f3n de fachadas en Tarragona","potentialAction":[{"@type":"SearchAction","target":{"@type":"EntryPoint","urlTemplate":"https:\/\/www.mvertical.es\/?s={search_term_string}"},"query-input":{"@type":"PropertyValueSpecification","valueRequired":true,"valueName":"search_term_string"}}],"inLanguage":"ca"}]}},"_links":{"self":[{"href":"https:\/\/www.mvertical.es\/ca\/wp-json\/wp\/v2\/pages\/899","targetHints":{"allow":["GET"]}}],"collection":[{"href":"https:\/\/www.mvertical.es\/ca\/wp-json\/wp\/v2\/pages"}],"about":[{"href":"https:\/\/www.mvertical.es\/ca\/wp-json\/wp\/v2\/types\/page"}],"author":[{"embeddable":true,"href":"https:\/\/www.mvertical.es\/ca\/wp-json\/wp\/v2\/users\/1"}],"replies":[{"embeddable":true,"href":"https:\/\/www.mvertical.es\/ca\/wp-json\/wp\/v2\/comments?post=899"}],"version-history":[{"count":10,"href":"https:\/\/www.mvertical.es\/ca\/wp-json\/wp\/v2\/pages\/899\/revisions"}],"predecessor-version":[{"id":1500,"href":"https:\/\/www.mvertical.es\/ca\/wp-json\/wp\/v2\/pages\/899\/revisions\/1500"}],"wp:attachment":[{"href":"https:\/\/www.mvertical.es\/ca\/wp-json\/wp\/v2\/media?parent=899"}],"curies":[{"name":"wp","href":"https:\/\/api.w.org\/{rel}","templated":true}]}}