{"id":885,"date":"2018-11-21T09:21:46","date_gmt":"2018-11-21T09:21:46","guid":{"rendered":"https:\/\/www.mvertical.es\/?page_id=885"},"modified":"2023-07-20T15:04:10","modified_gmt":"2023-07-20T15:04:10","slug":"estructuras-metalicas-reus","status":"publish","type":"page","link":"https:\/\/www.mvertical.es\/ca\/estructuras-metalicas-reus\/","title":{"rendered":"Estructuras met\u00e1licas Reus"},"content":{"rendered":"<p>[et_pb_section fb_built=\u00bb1&#8243; admin_label=\u00bbsection\u00bb _builder_version=\u00bb4.16&#8243; global_colors_info=\u00bb{}\u00bb][et_pb_row _builder_version=\u00bb4.16&#8243; custom_padding=\u00bb0px|||||\u00bb locked=\u00bboff\u00bb global_colors_info=\u00bb{}\u00bb][et_pb_column type=\u00bb4_4&#8243; _builder_version=\u00bb4.16&#8243; custom_padding=\u00bb|||\u00bb global_colors_info=\u00bb{}\u00bb custom_padding__hover=\u00bb|||\u00bb][et_pb_text _builder_version=\u00bb4.17.3&#8243; text_font=\u00bb||||||||\u00bb ul_font=\u00bb||||||||\u00bb header_font=\u00bb|700|||||||\u00bb header_text_align=\u00bbcenter\u00bb header_text_color=\u00bb#0da4e5&#8243; background_color=\u00bb#000000&#8243; custom_padding=\u00bb30px||\u00bb global_colors_info=\u00bb{}\u00bb]<\/p>\n<h1><strong>Estructuras met\u00e1licas en Reus<\/strong><\/h1>\n<p><strong><\/strong><\/p>\n<p><strong><\/strong><\/p>\n<p>[\/et_pb_text][\/et_pb_column][\/et_pb_row][et_pb_row column_structure=\u00bb3_4,1_4&#8243; _builder_version=\u00bb4.16&#8243; background_size=\u00bbinitial\u00bb background_position=\u00bbtop_left\u00bb background_repeat=\u00bbrepeat\u00bb locked=\u00bboff\u00bb global_colors_info=\u00bb{}\u00bb][et_pb_column type=\u00bb3_4&#8243; _builder_version=\u00bb4.16&#8243; custom_padding=\u00bb|||\u00bb global_colors_info=\u00bb{}\u00bb custom_padding__hover=\u00bb|||\u00bb][et_pb_text _builder_version=\u00bb4.17.3&#8243; text_font_size=\u00bb16px\u00bb header_font=\u00bb|600||on|||||\u00bb header_text_align=\u00bbcenter\u00bb header_font_size=\u00bb28px\u00bb background_size=\u00bbinitial\u00bb background_position=\u00bbtop_left\u00bb background_repeat=\u00bbrepeat\u00bb use_border_color=\u00bboff\u00bb global_colors_info=\u00bb{}\u00bb]<\/p>\n<h2><strong>Montaje y mantenimiento de estructuras met\u00e1licas en Reus<\/strong><\/h2>\n<p>Empresa especializada en montaje y mantenimiento de <strong>estructuras met\u00e1licas en Reus<\/strong> &#8211; trabajos verticales sin andamios ni maquinaria.<\/p>\n<p>Descubre la excelencia en estructuras met\u00e1licas en Reus con nuestra empresa especializada MVertical. Contamos con un equipo de expertos capacitados y dedicados a proporcionar soluciones de calidad en el dise\u00f1o, fabricaci\u00f3n e instalaci\u00f3n de todo tipo de estructuras met\u00e1licas. Ya sea que necesites construir una nave industrial, un edificio comercial o una estructura arquitect\u00f3nica \u00fanica, estamos preparados para llevar a cabo tu proyecto con precisi\u00f3n y profesionalismo.<\/p>\n<p>Nuestro equipo cuenta con una amplia experiencia en el sector de las estructuras met\u00e1licas y est\u00e1 actualizado con las \u00faltimas tendencias y tecnolog\u00edas. Nos mantenemos al tanto de los reglamentos y normativas vigentes, asegurando que cada proyecto cumpla con los est\u00e1ndares de seguridad y calidad exigidos.<\/p>\n<p>Ya sea que est\u00e9s buscando una estructura met\u00e1lica para uso industrial, comercial o residencial, nuestra empresa experta est\u00e1 lista para cumplir con tus requerimientos.<\/p>\n<p>Ya sea que est\u00e9 buscando construir una nueva estructura met\u00e1lica o necesite mantenimiento y reparaciones en una existente, estamos aqu\u00ed para ayudarlo. Trabajamos en estrecha colaboraci\u00f3n con nuestros clientes para comprender sus requisitos y objetivos espec\u00edficos, y brindamos soluciones personalizadas adaptadas a sus necesidades.<\/p>\n<p>Nuestro equipo de expertos cuenta con los conocimientos t\u00e9cnicos y la experiencia necesaria para llevar a cabo el montaje de estructuras met\u00e1licas con precisi\u00f3n y eficiencia. Utilizamos los mejores materiales y las t\u00e9cnicas m\u00e1s avanzadas para garantizar resultados de alta calidad y una estructura segura y duradera.<\/p>\n<p>Adem\u00e1s del montaje, tambi\u00e9n nos especializamos en el mantenimiento de estructuras met\u00e1licas. Realizamos inspecciones regulares, identificamos y solucionamos problemas potenciales, y llevamos a cabo las reparaciones necesarias para mantener su estructura en excelentes condiciones. Nuestro objetivo es maximizar la vida \u00fatil de su estructura met\u00e1lica y garantizar su funcionamiento \u00f3ptimo a lo largo del tiempo.<\/p>\n<p>[\/et_pb_text][et_pb_text _builder_version=\u00bb4.17.3&#8243; text_font_size=\u00bb16px\u00bb background_size=\u00bbinitial\u00bb background_position=\u00bbtop_left\u00bb background_repeat=\u00bbrepeat\u00bb global_colors_info=\u00bb{}\u00bb]<\/p>\n<p><!-- divi:heading --><\/p>\n<h2 style=\"text-align: left;\"><strong>Experiencia en montajes de estructuras met\u00e1licas en Reus<\/strong><\/h2>\n<p>Habiendo acumulado una vasta experiencia en <em>montajes de estructuras met\u00e1licas en altura en Reus<\/em>, resolvemos cualquier problema de complejidad. Podemos instalar su estructura en cualquier altura.<\/p>\n<p>Colaboramos con empresas de construcci\u00f3n, \u00a0tambi\u00e9n podemos montar estructuras met\u00e1licas de forma independiente. Contamos con especialistas en trabajos en altura industriales, instaladores, soldadores.<\/p>\n<p>Realizamos todo tipo de reparaciones de estructuras met\u00e1licas, arenado y pintura, protecci\u00f3n contra incendios etc. Contacte con nosotros para establecer las necesidades de su proyecto y obtener presupuesto sin compromiso.<\/p>\n<p>[\/et_pb_text][et_pb_image src=\u00bbhttps:\/\/www.mvertical.es\/wp-content\/uploads\/2019\/04\/serycoin-jamaica-1P.jpg\u00bb alt=\u00bbEstructuras met\u00e1licas Reus\u00bb title_text=\u00bbEstructuras met\u00e1licas Reus\u00bb align=\u00bbcenter\u00bb _builder_version=\u00bb4.17.3&#8243; _module_preset=\u00bbdefault\u00bb global_colors_info=\u00bb{}\u00bb][\/et_pb_image][et_pb_text _builder_version=\u00bb4.17.3&#8243; _module_preset=\u00bbdefault\u00bb text_font_size=\u00bb16px\u00bb hover_enabled=\u00bb0&#8243; global_colors_info=\u00bb{}\u00bb sticky_enabled=\u00bb0&#8243;]<\/p>\n<h3>Soldadura en altura en <em>Reus<\/em>&#8211; soldadura en estructuras met\u00e1licas en altura<\/h3>\n<p>Hacemos trabajos de <strong>soldadura en alturas<\/strong> utilizadas en la reparaci\u00f3n de estructuras de acero, as\u00ed como durante la instalaci\u00f3n. Esta es una de las actividades m\u00e1s dif\u00edciles y peligrosas.<\/p>\n<p style=\"text-align: justify;\">Los trabajos de soldadura en altura requieren formaci\u00f3n y equipos espec\u00edficos: cuerdas ign\u00edfugas con n\u00facleo de acero, cadenas, cables. Pero incluso tales medidas no evitan quemaduras y lesiones, el escalador est\u00e1 en un espacio sin soporte y es necesario un posicionamiento r\u00edgido para soldar. Por esa raz\u00f3n en MVertical contamos con especialistas con <strong>amplia experiencia en soldadura en altura<\/strong> y confiamos en la seguridad y la calidad del trabajo.<\/p>\n<h3>Inspecci\u00f3n y mantenimiento de estructuras met\u00e1licas<\/h3>\n<p style=\"text-align: justify;\"><!-- divi:paragraph -->Con las t\u00e9cnicas de f\u00e1cil acceso que usamos, facilitamos mucho el diagn\u00f3stico y el mantenimiento de todo tipo de estructuras industriales, met\u00e1licas, tuber\u00edas, hormig\u00f3n etc. Podemos acceder a cualquier altura sin necesitar maquinar\u00eda o andamios, acelerando el proceso de inspecci\u00f3n y rebajando los costes.<\/p>\n<p style=\"text-align: justify;\">\n<h3>Toda clase de estructuras met\u00e1licas en Reus<\/h3>\n<p>Desde vigas y columnas hasta escaleras, cubiertas y fachadas met\u00e1licas, dise\u00f1amos y fabricamos cada estructura con precisi\u00f3n y atenci\u00f3n al detalle. Nuestro equipo de ingenieros y profesionales trabaja para comprender tus necesidades y requisitos espec\u00edficos, garantizando que cada estructura sea adaptada a tus objetivos y presupuesto.<\/p>\n<p>En MVertical utilizamos tecnolog\u00eda de vanguardia y materiales de la m\u00e1s alta calidad para asegurar la resistencia y durabilidad de nuestras estructuras met\u00e1licas. Adem\u00e1s, nuestra dedicaci\u00f3n a la seguridad nos lleva a cumplir con rigurosos est\u00e1ndares y normativas en cada etapa del proceso de fabricaci\u00f3n y montaje.<\/p>\n<p>Ya sea que necesites estructuras met\u00e1licas para una obra industrial, comercial o residencial en Reus, en MVertical tenemos la experiencia y el compromiso para llevar a cabo tu proyecto con \u00e9xito.<\/p>\n<p style=\"text-align: justify;\"><!-- \/divi:paragraph --><\/p>\n<p><img decoding=\"async\" class=\"alignright lazyload\" style=\"--smush-placeholder-width: 600px; --smush-placeholder-aspect-ratio: 600\/447;width: 350px;\" title=\"estructuras met\u00e1licas en Reus\" data-src=\"https:\/\/www.mvertical.es\/wp-content\/uploads\/2018\/11\/estructuras-metalicas-600.jpg\" alt=\"montaje estructuras met\u00e1licas en Reus\" src=\"data:image\/svg+xml;base64,PHN2ZyB3aWR0aD0iMSIgaGVpZ2h0PSIxIiB4bWxucz0iaHR0cDovL3d3dy53My5vcmcvMjAwMC9zdmciPjwvc3ZnPg==\" \/><\/p>\n<h3 style=\"text-align: justify;\"><strong>Otros servicios MVERTICAL<\/strong><\/h3>\n<p style=\"text-align: justify;\"><!-- \/divi:heading --><\/p>\n<p style=\"text-align: justify;\"><!-- divi:paragraph -->Si necesita m\u00e1s informaci\u00f3n o un presupuesto, no dude en <a href=\"https:\/\/www.mvertical.es\/contacto-mvertical\/\">contactar con nosotros<\/a> por tel\u00e9fono.<\/p>\n<p style=\"text-align: justify;\"><!-- \/divi:paragraph --><\/p>\n<p style=\"text-align: justify;\"><!-- divi:paragraph --><strong><a href=\"https:\/\/www.google.es\/maps\/place\/M+Vertical\/@41.1366547,1.3054176,14.22z\/data=!4m5!3m4!1s0x12a3fb13c3303781:0xac2b40ae8e5e40f8!8m2!3d41.1392399!4d1.3126435?hl=es\">Si lo prefiere, puede visitar en nuestras oficinas.<\/a><\/strong><\/p>\n<p style=\"text-align: justify;\"><!-- divi:paragraph -->Trabajos de calidad, satisfacci\u00f3n garantizada para todos nuestros clientes.<\/p>\n<p style=\"text-align: justify;\"><!-- \/divi:paragraph --><\/p>\n<p style=\"text-align: justify;\"><!-- divi:heading {\"level\":3} --><\/p>\n<h3 style=\"text-align: justify;\">Contacte con nosotros<\/h3>\n<p style=\"text-align: justify;\"><!-- \/divi:heading --><\/p>\n<p style=\"text-align: justify;\"><!-- divi:button {\"backgroundColor\":\"pale-cyan-blue\",\"textColor\":\"very-dark-gray\",\"align\":\"center\",\"className\":\"is-style-squared\"} --><\/p>\n<div class=\"wp-block-button aligncenter is-style-squared\" style=\"text-align: justify;\"><a class=\"wp-block-button__link has-text-color has-very-dark-gray-color has-background has-pale-cyan-blue-background-color\" href=\"https:\/\/www.mvertical.es\/contacto-mvertical\/\">\u00a1Contacta con MVertical!<\/a><\/div>\n<p>[\/et_pb_text][\/et_pb_column][et_pb_column type=\u00bb1_4&#8243; _builder_version=\u00bb4.16&#8243; custom_padding=\u00bb|||\u00bb global_colors_info=\u00bb{}\u00bb custom_padding__hover=\u00bb|||\u00bb][et_pb_blog posts_number=\u00bb4&#8243; _builder_version=\u00bb4.17.3&#8243; hover_enabled=\u00bb0&#8243; global_colors_info=\u00bb{}\u00bb sticky_enabled=\u00bb0&#8243;][\/et_pb_blog][\/et_pb_column][\/et_pb_row][et_pb_row column_structure=\u00bb1_3,1_3,1_3&#8243; _builder_version=\u00bb4.17.3&#8243; _module_preset=\u00bbdefault\u00bb global_colors_info=\u00bb{}\u00bb][et_pb_column type=\u00bb1_3&#8243; _builder_version=\u00bb4.17.3&#8243; _module_preset=\u00bbdefault\u00bb global_colors_info=\u00bb{}\u00bb][et_pb_image src=\u00bbhttps:\/\/www.mvertical.es\/wp-content\/uploads\/2015\/08\/estructuras-metalicas-1-300&#215;225.png\u00bb alt=\u00bbEstructuras met\u00e1licas Reus\u00bb title_text=\u00bbEstructuras met\u00e1licas Reus\u00bb _builder_version=\u00bb4.17.3&#8243; _module_preset=\u00bbdefault\u00bb global_colors_info=\u00bb{}\u00bb][\/et_pb_image][\/et_pb_column][et_pb_column type=\u00bb1_3&#8243; _builder_version=\u00bb4.17.3&#8243; _module_preset=\u00bbdefault\u00bb global_colors_info=\u00bb{}\u00bb][et_pb_image src=\u00bbhttps:\/\/www.mvertical.es\/wp-content\/uploads\/2015\/08\/estructuras-metalicas-3-300&#215;225.jpg\u00bb alt=\u00bbEstructuras met\u00e1licas Reus\u00bb title_text=\u00bbEstructuras met\u00e1licas Reus\u00bb _builder_version=\u00bb4.17.3&#8243; _module_preset=\u00bbdefault\u00bb global_colors_info=\u00bb{}\u00bb][\/et_pb_image][\/et_pb_column][et_pb_column type=\u00bb1_3&#8243; _builder_version=\u00bb4.17.3&#8243; _module_preset=\u00bbdefault\u00bb global_colors_info=\u00bb{}\u00bb][et_pb_image src=\u00bbhttps:\/\/www.mvertical.es\/wp-content\/uploads\/2015\/08\/estructuras-metalicas-2-300&#215;225.jpg\u00bb _builder_version=\u00bb4.17.3&#8243; _module_preset=\u00bbdefault\u00bb global_colors_info=\u00bb{}\u00bb][\/et_pb_image][\/et_pb_column][\/et_pb_row][\/et_pb_section]<\/p>","protected":false},"excerpt":{"rendered":"<p>Estructuras met\u00e1licas en Reus Montaje y mantenimiento de estructuras met\u00e1licas en Reus Empresa especializada en montaje y mantenimiento de estructuras met\u00e1licas en Reus &#8211; trabajos verticales sin andamios ni maquinaria. Descubre la excelencia en estructuras met\u00e1licas en Reus con nuestra empresa especializada MVertical. Contamos con un equipo de expertos capacitados y dedicados a proporcionar soluciones [&hellip;]<\/p>","protected":false},"author":1,"featured_media":887,"parent":0,"menu_order":0,"comment_status":"closed","ping_status":"closed","template":"","meta":{"_et_pb_use_builder":"on","_et_pb_old_content":"","_et_gb_content_width":"","footnotes":""},"class_list":["post-885","page","type-page","status-publish","has-post-thumbnail","hentry"],"yoast_head":"<!-- This site is optimized with the Yoast SEO plugin v27.2 - https:\/\/yoast.com\/product\/yoast-seo-wordpress\/ -->\n<title>Estructuras met\u00e1licas Reus - MVertical trabajos verticales<\/title>\n<meta name=\"description\" content=\"Montaje y mantenimiento de estructuras met\u00e1licas en Reus Especialistas en soldadura, y montajes de estructuras en altura. MVertical\" \/>\n<meta name=\"robots\" content=\"index, follow, max-snippet:-1, max-image-preview:large, max-video-preview:-1\" \/>\n<link rel=\"canonical\" href=\"https:\/\/www.mvertical.es\/ca\/estructuras-metalicas-reus\/\" \/>\n<meta property=\"og:locale\" content=\"ca_ES\" \/>\n<meta property=\"og:type\" content=\"article\" \/>\n<meta property=\"og:title\" content=\"Estructuras met\u00e1licas Reus - MVertical trabajos verticales\" \/>\n<meta property=\"og:description\" content=\"Montaje y mantenimiento de estructuras met\u00e1licas en Reus Especialistas en soldadura, y montajes de estructuras en altura. MVertical\" \/>\n<meta property=\"og:url\" content=\"https:\/\/www.mvertical.es\/ca\/estructuras-metalicas-reus\/\" \/>\n<meta property=\"og:site_name\" content=\"MVertical trabajos verticales\" \/>\n<meta property=\"article:modified_time\" content=\"2023-07-20T15:04:10+00:00\" \/>\n<meta property=\"og:image\" content=\"https:\/\/www.mvertical.es\/wp-content\/uploads\/2018\/11\/estructuras-metalicas-600.jpg\" \/>\n\t<meta property=\"og:image:width\" content=\"600\" \/>\n\t<meta property=\"og:image:height\" content=\"447\" \/>\n\t<meta property=\"og:image:type\" content=\"image\/jpeg\" \/>\n<meta name=\"twitter:card\" content=\"summary_large_image\" \/>\n<meta name=\"twitter:label1\" content=\"Temps estimat de lectura\" \/>\n\t<meta name=\"twitter:data1\" content=\"2 minuts\" \/>\n<script type=\"application\/ld+json\" class=\"yoast-schema-graph\">{\"@context\":\"https:\/\/schema.org\",\"@graph\":[{\"@type\":\"WebPage\",\"@id\":\"https:\/\/www.mvertical.es\/estructuras-metalicas-reus\/\",\"url\":\"https:\/\/www.mvertical.es\/estructuras-metalicas-reus\/\",\"name\":\"Estructuras met\u00e1licas Reus - MVertical trabajos verticales\",\"isPartOf\":{\"@id\":\"https:\/\/www.mvertical.es\/#website\"},\"primaryImageOfPage\":{\"@id\":\"https:\/\/www.mvertical.es\/estructuras-metalicas-reus\/#primaryimage\"},\"image\":{\"@id\":\"https:\/\/www.mvertical.es\/estructuras-metalicas-reus\/#primaryimage\"},\"thumbnailUrl\":\"https:\/\/www.mvertical.es\/wp-content\/uploads\/2018\/11\/estructuras-metalicas-600.jpg\",\"datePublished\":\"2018-11-21T09:21:46+00:00\",\"dateModified\":\"2023-07-20T15:04:10+00:00\",\"description\":\"Montaje y mantenimiento de estructuras met\u00e1licas en Reus Especialistas en soldadura, y montajes de estructuras en altura. MVertical\",\"breadcrumb\":{\"@id\":\"https:\/\/www.mvertical.es\/estructuras-metalicas-reus\/#breadcrumb\"},\"inLanguage\":\"ca\",\"potentialAction\":[{\"@type\":\"ReadAction\",\"target\":[\"https:\/\/www.mvertical.es\/estructuras-metalicas-reus\/\"]}]},{\"@type\":\"ImageObject\",\"inLanguage\":\"ca\",\"@id\":\"https:\/\/www.mvertical.es\/estructuras-metalicas-reus\/#primaryimage\",\"url\":\"https:\/\/www.mvertical.es\/wp-content\/uploads\/2018\/11\/estructuras-metalicas-600.jpg\",\"contentUrl\":\"https:\/\/www.mvertical.es\/wp-content\/uploads\/2018\/11\/estructuras-metalicas-600.jpg\",\"width\":600,\"height\":447,\"caption\":\"estructuras met\u00e1licas en Tarragona\"},{\"@type\":\"BreadcrumbList\",\"@id\":\"https:\/\/www.mvertical.es\/estructuras-metalicas-reus\/#breadcrumb\",\"itemListElement\":[{\"@type\":\"ListItem\",\"position\":1,\"name\":\"Portada\",\"item\":\"https:\/\/www.mvertical.es\/\"},{\"@type\":\"ListItem\",\"position\":2,\"name\":\"Estructuras met\u00e1licas Reus\"}]},{\"@type\":\"WebSite\",\"@id\":\"https:\/\/www.mvertical.es\/#website\",\"url\":\"https:\/\/www.mvertical.es\/\",\"name\":\"MVertical trabajos verticales\",\"description\":\"Trabajos verticales, rehabilitaci\u00f3n de fachadas en Tarragona\",\"potentialAction\":[{\"@type\":\"SearchAction\",\"target\":{\"@type\":\"EntryPoint\",\"urlTemplate\":\"https:\/\/www.mvertical.es\/?s={search_term_string}\"},\"query-input\":{\"@type\":\"PropertyValueSpecification\",\"valueRequired\":true,\"valueName\":\"search_term_string\"}}],\"inLanguage\":\"ca\"}]}<\/script>\n<!-- \/ Yoast SEO plugin. -->","yoast_head_json":{"title":"Estructuras met\u00e1licas Reus - MVertical trabajos verticales","description":"Montaje y mantenimiento de estructuras met\u00e1licas en Reus Especialistas en soldadura, y montajes de estructuras en altura. MVertical","robots":{"index":"index","follow":"follow","max-snippet":"max-snippet:-1","max-image-preview":"max-image-preview:large","max-video-preview":"max-video-preview:-1"},"canonical":"https:\/\/www.mvertical.es\/ca\/estructuras-metalicas-reus\/","og_locale":"ca_ES","og_type":"article","og_title":"Estructuras met\u00e1licas Reus - MVertical trabajos verticales","og_description":"Montaje y mantenimiento de estructuras met\u00e1licas en Reus Especialistas en soldadura, y montajes de estructuras en altura. MVertical","og_url":"https:\/\/www.mvertical.es\/ca\/estructuras-metalicas-reus\/","og_site_name":"MVertical trabajos verticales","article_modified_time":"2023-07-20T15:04:10+00:00","og_image":[{"width":600,"height":447,"url":"https:\/\/www.mvertical.es\/wp-content\/uploads\/2018\/11\/estructuras-metalicas-600.jpg","type":"image\/jpeg"}],"twitter_card":"summary_large_image","twitter_misc":{"Temps estimat de lectura":"2 minuts"},"schema":{"@context":"https:\/\/schema.org","@graph":[{"@type":"WebPage","@id":"https:\/\/www.mvertical.es\/estructuras-metalicas-reus\/","url":"https:\/\/www.mvertical.es\/estructuras-metalicas-reus\/","name":"Estructuras met\u00e1licas Reus - MVertical trabajos verticales","isPartOf":{"@id":"https:\/\/www.mvertical.es\/#website"},"primaryImageOfPage":{"@id":"https:\/\/www.mvertical.es\/estructuras-metalicas-reus\/#primaryimage"},"image":{"@id":"https:\/\/www.mvertical.es\/estructuras-metalicas-reus\/#primaryimage"},"thumbnailUrl":"https:\/\/www.mvertical.es\/wp-content\/uploads\/2018\/11\/estructuras-metalicas-600.jpg","datePublished":"2018-11-21T09:21:46+00:00","dateModified":"2023-07-20T15:04:10+00:00","description":"Montaje y mantenimiento de estructuras met\u00e1licas en Reus Especialistas en soldadura, y montajes de estructuras en altura. MVertical","breadcrumb":{"@id":"https:\/\/www.mvertical.es\/estructuras-metalicas-reus\/#breadcrumb"},"inLanguage":"ca","potentialAction":[{"@type":"ReadAction","target":["https:\/\/www.mvertical.es\/estructuras-metalicas-reus\/"]}]},{"@type":"ImageObject","inLanguage":"ca","@id":"https:\/\/www.mvertical.es\/estructuras-metalicas-reus\/#primaryimage","url":"https:\/\/www.mvertical.es\/wp-content\/uploads\/2018\/11\/estructuras-metalicas-600.jpg","contentUrl":"https:\/\/www.mvertical.es\/wp-content\/uploads\/2018\/11\/estructuras-metalicas-600.jpg","width":600,"height":447,"caption":"estructuras met\u00e1licas en Tarragona"},{"@type":"BreadcrumbList","@id":"https:\/\/www.mvertical.es\/estructuras-metalicas-reus\/#breadcrumb","itemListElement":[{"@type":"ListItem","position":1,"name":"Portada","item":"https:\/\/www.mvertical.es\/"},{"@type":"ListItem","position":2,"name":"Estructuras met\u00e1licas Reus"}]},{"@type":"WebSite","@id":"https:\/\/www.mvertical.es\/#website","url":"https:\/\/www.mvertical.es\/","name":"MVertical trabajos verticales","description":"Trabajos verticales, rehabilitaci\u00f3n de fachadas en Tarragona","potentialAction":[{"@type":"SearchAction","target":{"@type":"EntryPoint","urlTemplate":"https:\/\/www.mvertical.es\/?s={search_term_string}"},"query-input":{"@type":"PropertyValueSpecification","valueRequired":true,"valueName":"search_term_string"}}],"inLanguage":"ca"}]}},"_links":{"self":[{"href":"https:\/\/www.mvertical.es\/ca\/wp-json\/wp\/v2\/pages\/885","targetHints":{"allow":["GET"]}}],"collection":[{"href":"https:\/\/www.mvertical.es\/ca\/wp-json\/wp\/v2\/pages"}],"about":[{"href":"https:\/\/www.mvertical.es\/ca\/wp-json\/wp\/v2\/types\/page"}],"author":[{"embeddable":true,"href":"https:\/\/www.mvertical.es\/ca\/wp-json\/wp\/v2\/users\/1"}],"replies":[{"embeddable":true,"href":"https:\/\/www.mvertical.es\/ca\/wp-json\/wp\/v2\/comments?post=885"}],"version-history":[{"count":13,"href":"https:\/\/www.mvertical.es\/ca\/wp-json\/wp\/v2\/pages\/885\/revisions"}],"predecessor-version":[{"id":1491,"href":"https:\/\/www.mvertical.es\/ca\/wp-json\/wp\/v2\/pages\/885\/revisions\/1491"}],"wp:featuredmedia":[{"embeddable":true,"href":"https:\/\/www.mvertical.es\/ca\/wp-json\/wp\/v2\/media\/887"}],"wp:attachment":[{"href":"https:\/\/www.mvertical.es\/ca\/wp-json\/wp\/v2\/media?parent=885"}],"curies":[{"name":"wp","href":"https:\/\/api.w.org\/{rel}","templated":true}]}}