{"id":869,"date":"2018-11-02T11:44:24","date_gmt":"2018-11-02T11:44:24","guid":{"rendered":"https:\/\/www.mvertical.es\/?page_id=869"},"modified":"2023-07-20T15:27:02","modified_gmt":"2023-07-20T15:27:02","slug":"instalaciones-de-agua-en-reus","status":"publish","type":"page","link":"https:\/\/www.mvertical.es\/ca\/instalaciones-de-agua-en-reus\/","title":{"rendered":"Instalaciones de agua en Reus"},"content":{"rendered":"<p>[et_pb_section fb_built=\u00bb1&#8243; admin_label=\u00bbsection\u00bb _builder_version=\u00bb4.16&#8243; global_colors_info=\u00bb{}\u00bb][et_pb_row _builder_version=\u00bb4.16&#8243; custom_padding=\u00bb0px|||||\u00bb locked=\u00bboff\u00bb global_colors_info=\u00bb{}\u00bb][et_pb_column type=\u00bb4_4&#8243; _builder_version=\u00bb4.16&#8243; custom_padding=\u00bb|||\u00bb global_colors_info=\u00bb{}\u00bb custom_padding__hover=\u00bb|||\u00bb][et_pb_text _builder_version=\u00bb4.17.3&#8243; text_font=\u00bb||||||||\u00bb ul_font=\u00bb||||||||\u00bb header_font=\u00bb|700|||||||\u00bb header_text_align=\u00bbcenter\u00bb header_text_color=\u00bb#0da4e5&#8243; background_color=\u00bb#000000&#8243; custom_padding=\u00bb30px||\u00bb global_colors_info=\u00bb{}\u00bb]<\/p>\n<h1><strong>Instalaciones de agua en Reus<\/strong><\/h1>\n<p>&nbsp;<\/p>\n<p>[\/et_pb_text][\/et_pb_column][\/et_pb_row][et_pb_row column_structure=\u00bb3_4,1_4&#8243; admin_label=\u00bbrow\u00bb _builder_version=\u00bb4.16&#8243; background_size=\u00bbinitial\u00bb background_position=\u00bbtop_left\u00bb background_repeat=\u00bbrepeat\u00bb global_colors_info=\u00bb{}\u00bb][et_pb_column type=\u00bb3_4&#8243; _builder_version=\u00bb4.16&#8243; custom_padding=\u00bb|||\u00bb global_colors_info=\u00bb{}\u00bb custom_padding__hover=\u00bb|||\u00bb][et_pb_blurb title=\u00bbEmpresa experta en instalaciones de agua en Reus\u00bb alt=\u00bbInstalaciones de agua en Tarragona\u00bb content_max_width=\u00bb100%\u00bb content_max_width_tablet=\u00bb\u00bb content_max_width_phone=\u00bb\u00bb content_max_width_last_edited=\u00bbon|phone\u00bb admin_label=\u00bbtexto1&#8243; _builder_version=\u00bb4.17.3&#8243; header_level=\u00bbh2&#8243; header_font=\u00bb|700|||||||\u00bb header_font_size=\u00bb24px\u00bb body_text_color=\u00bb#000000&#8243; body_font_size=\u00bb16px\u00bb background_size=\u00bbinitial\u00bb background_position=\u00bbtop_left\u00bb background_repeat=\u00bbrepeat\u00bb custom_margin=\u00bb|||-33px||\u00bb custom_padding=\u00bb0px|10px||10px||\u00bb hover_enabled=\u00bb0&#8243; custom_css_main_element=\u00bb.texto1 {float:right;}||\u00bb use_border_color=\u00bboff\u00bb border_color=\u00bb#ffffff\u00bb border_width=\u00bb1px\u00bb border_style=\u00bbsolid\u00bb locked=\u00bboff\u00bb global_colors_info=\u00bb{}\u00bb sticky_enabled=\u00bb0&#8243;]<\/p>\n<p class=\"et_pb_main_blurb_image\" style=\"text-align: left;\"><span style=\"font-size: 16px;\"><\/span><\/p>\n<p class=\"et_pb_main_blurb_image\" style=\"text-align: left;\"><span style=\"font-size: 16px;\">En <\/span><strong style=\"font-size: 16px;\">MVertical<\/strong><span style=\"font-size: 16px;\"> le ofrecemos los siguientes servicios relacionados con las instalaciones de agua en Reus:<\/span><\/p>\n<div class=\"et_pb_blurb_container\">\n<div class=\"et_pb_blurb_description\">\n<p>Realizamos\u00a0<strong>todo tipo de montaje, reparaci\u00f3n y mantenimiento de tuber\u00edas de agua<\/strong>\u00a0en patios de luz y fachadas. Trabajamos con todo tipo de materiales: hierro, cobre, polietileno, tubos de inoxidable\u2026<\/p>\n<p>Cambiamos instalaciones comunitarias de agua antiguas por nuevas desde la instalaci\u00f3n general de la calle hasta cada piso, con montaje de bater\u00eda y cuarto de contadores.<\/p>\n<p>Nuestra empresa se ha consolidado como una experta en instalaciones de agua en Reus, brindando servicios de alta calidad y soluciones efectivas a nuestros clientes. Con a\u00f1os de experiencia en el sector, hemos logrado desarrollar una reputaci\u00f3n s\u00f3lida gracias a la satisfacci\u00f3n y confianza que hemos generado en nuestra amplia base de clientes.<\/p>\n<p>Nuestro equipo de profesionales se especializa en todo tipo de instalaciones de agua, desde sistemas de fontaner\u00eda residencial hasta proyectos comerciales a gran escala.<\/p>\n<p>Entendemos la importancia vital del suministro de agua potable y su correcta distribuci\u00f3n, por lo que nos comprometemos a garantizar la calidad y la seguridad en todas nuestras instalaciones. Utilizamos materiales de primera calidad y seguimos rigurosamente las normas y regulaciones vigentes para asegurarnos de que cada proyecto cumpla con los est\u00e1ndares m\u00e1s exigentes.<\/p>\n<p>Tambi\u00e9n ofrecemos servicios de mantenimiento y reparaci\u00f3n. Nuestro equipo est\u00e1 preparado para solucionar cualquier problema que pueda surgir, ya sea una fuga en una tuber\u00eda o la reparaci\u00f3n de equipos y bombas.<\/p>\n<p>&nbsp;<\/p>\n<h3><strong>Servicio de Desag\u00fces\u00a0<\/strong><\/h3>\n<p>Cambiamos viejos bajantes de desag\u00fces de uralita con nuevos de PVC, conect\u00e1ndolos con las instalaciones interiores de cada vivienda, sin dejar restos de tubos de uralita.<\/p>\n<p><span>Nos encargamos de resolver cualquier problema relacionado con el sistema de desag\u00fce de su propiedad de manera eficiente y confiable. Nuestro equipo de profesionales utiliza equipos y t\u00e9cnicas avanzadas para realizar inspecciones exhaustivas, limpieza y desatascos de tuber\u00edas y desag\u00fces. Ya sea que est\u00e9 experimentando obstrucciones, malos olores, fugas o cualquier otro problema de desag\u00fce, estamos preparados para brindarle soluciones r\u00e1pidas y efectivas. Nos comprometemos a garantizar la plena funcionalidad y flujo adecuado de su sistema de desag\u00fce, proporcionando un servicio de alta calidad y superando sus expectativas.<\/span><\/p>\n<\/div>\n<\/div>\n<p>[\/et_pb_blurb][et_pb_blurb title=\u00bbLos mejores servicios en instalaciones de agua en Reus\u00bb alt=\u00bbInstalaciones de agua en Tarragona\u00bb content_max_width=\u00bb100%\u00bb content_max_width_tablet=\u00bb\u00bb content_max_width_phone=\u00bb\u00bb content_max_width_last_edited=\u00bbon|phone\u00bb admin_label=\u00bbtexto1&#8243; _builder_version=\u00bb4.17.3&#8243; header_level=\u00bbh2&#8243; header_font=\u00bb|700|||||||\u00bb header_font_size=\u00bb20px\u00bb body_text_color=\u00bb#000000&#8243; body_font_size=\u00bb16px\u00bb background_size=\u00bbinitial\u00bb background_position=\u00bbtop_left\u00bb background_repeat=\u00bbrepeat\u00bb custom_margin=\u00bb|||-33px||\u00bb custom_padding=\u00bb0px|10px||10px||\u00bb custom_css_main_element=\u00bb.texto1 {float:right;}||\u00bb use_border_color=\u00bboff\u00bb border_color=\u00bb#ffffff\u00bb border_width=\u00bb1px\u00bb border_style=\u00bbsolid\u00bb locked=\u00bboff\u00bb global_colors_info=\u00bb{}\u00bb]<\/p>\n<p style=\"text-align: justify;\"><span>Los servicios de instalaciones de agua incluyen la planificaci\u00f3n, dise\u00f1o, construcci\u00f3n y mantenimiento de sistemas de suministro de agua potable y drenaje de aguas residuales. Estos servicios garantizan un suministro seguro y confiable de agua a hogares, edificios comerciales y industriales, y ayudan a prevenir la contaminaci\u00f3n del agua y la propagaci\u00f3n de enfermedades. Adem\u00e1s, los servicios de drenaje de aguas residuales ayudan a proteger el medio ambiente al tratar y desviar adecuadamente las aguas residuales. Los profesionales de instalaciones de agua utilizan tecnolog\u00edas avanzadas y pr\u00e1cticas sostenibles para asegurar un servicio de alta calidad.<\/span><\/p>\n<p>[\/et_pb_blurb][et_pb_button button_url=\u00bbhttps:\/\/www.mvertical.es\/contacto-mvertical\/\u00bb button_text=\u00bb\u00a1Contacta!\u00bb button_alignment=\u00bbcenter\u00bb _builder_version=\u00bb4.16&#8243; button_letter_spacing_hover=\u00bb0&#8243; global_colors_info=\u00bb{}\u00bb button_text_size__hover_enabled=\u00bboff\u00bb button_text_size__hover=\u00bbnull\u00bb button_one_text_size__hover_enabled=\u00bboff\u00bb button_one_text_size__hover=\u00bbnull\u00bb button_two_text_size__hover_enabled=\u00bboff\u00bb button_two_text_size__hover=\u00bbnull\u00bb button_text_color__hover_enabled=\u00bboff\u00bb button_text_color__hover=\u00bbnull\u00bb button_one_text_color__hover_enabled=\u00bboff\u00bb button_one_text_color__hover=\u00bbnull\u00bb button_two_text_color__hover_enabled=\u00bboff\u00bb button_two_text_color__hover=\u00bbnull\u00bb button_border_width__hover_enabled=\u00bboff\u00bb button_border_width__hover=\u00bbnull\u00bb button_one_border_width__hover_enabled=\u00bboff\u00bb button_one_border_width__hover=\u00bbnull\u00bb button_two_border_width__hover_enabled=\u00bboff\u00bb button_two_border_width__hover=\u00bbnull\u00bb button_border_color__hover_enabled=\u00bboff\u00bb button_border_color__hover=\u00bbnull\u00bb button_one_border_color__hover_enabled=\u00bboff\u00bb button_one_border_color__hover=\u00bbnull\u00bb button_two_border_color__hover_enabled=\u00bboff\u00bb button_two_border_color__hover=\u00bbnull\u00bb button_border_radius__hover_enabled=\u00bboff\u00bb button_border_radius__hover=\u00bbnull\u00bb button_one_border_radius__hover_enabled=\u00bboff\u00bb button_one_border_radius__hover=\u00bbnull\u00bb button_two_border_radius__hover_enabled=\u00bboff\u00bb button_two_border_radius__hover=\u00bbnull\u00bb button_letter_spacing__hover_enabled=\u00bbon\u00bb button_letter_spacing__hover=\u00bb0&#8243; button_one_letter_spacing__hover_enabled=\u00bboff\u00bb button_one_letter_spacing__hover=\u00bbnull\u00bb button_two_letter_spacing__hover_enabled=\u00bboff\u00bb button_two_letter_spacing__hover=\u00bbnull\u00bb button_bg_color__hover_enabled=\u00bboff\u00bb button_bg_color__hover=\u00bbnull\u00bb button_one_bg_color__hover_enabled=\u00bboff\u00bb button_one_bg_color__hover=\u00bbnull\u00bb button_two_bg_color__hover_enabled=\u00bboff\u00bb button_two_bg_color__hover=\u00bbnull\u00bb][\/et_pb_button][et_pb_image src=\u00bbhttps:\/\/www.mvertical.es\/wp-content\/uploads\/2023\/07\/instalaciones-agua.jpg\u00bb alt=\u00bbinstalaciones de agua en Reus\u00bb title_text=\u00bbinstalaciones de agua en Reus\u00bb align=\u00bbcenter\u00bb _builder_version=\u00bb4.17.3&#8243; _module_preset=\u00bbdefault\u00bb hover_enabled=\u00bb0&#8243; global_colors_info=\u00bb{}\u00bb sticky_enabled=\u00bb0&#8243;][\/et_pb_image][et_pb_text _builder_version=\u00bb4.17.3&#8243; _module_preset=\u00bbdefault\u00bb text_font_size=\u00bb16px\u00bb global_colors_info=\u00bb{}\u00bb]<\/p>\n<h3>Contr\u00e1tanos para sus instalaciones de agua en Reus<\/h3>\n<p>En MVertical contamos con un equipo de expertos altamente capacitados y con a\u00f1os de experiencia en el sector. Ofrecemos una amplia gama de servicios de instalaciones de agua, desde la instalaci\u00f3n de tuber\u00edas y sistemas de filtraci\u00f3n hasta la reparaci\u00f3n de fugas y la instalaci\u00f3n de sistemas de calefacci\u00f3n por agua.<\/p>\n<p>Adem\u00e1s, nos aseguramos de trabajar siempre con los materiales y equipos de mayor calidad, para garantizar que cada instalaci\u00f3n que realizamos sea duradera, segura y eficiente.<\/p>\n<p>Nos enorgullece decir que la satisfacci\u00f3n de nuestros clientes es nuestra principal prioridad. Por eso, trabajamos de manera cercana con cada cliente, escuchando sus necesidades y preocupaciones para poder ofrecer una soluci\u00f3n personalizada que se adapte a sus necesidades.<\/p>\n<p>No dudes en contactarnos para obtener m\u00e1s informaci\u00f3n sobre nuestros servicios de instalaciones de agua en Reus. \u00a1Estamos ansiosos por ayudarte a resolver tus necesidades de agua!<\/p>\n<p>[\/et_pb_text][et_pb_cta title=\u00bbSi busca una empresa para sus instalaciones de agua en Reus y cercan\u00edas contacta con nosotros\u00bb button_url=\u00bb@ET-DC@eyJkeW5hbWljIjp0cnVlLCJjb250ZW50IjoicG9zdF9saW5rX3VybF9wYWdlIiwic2V0dGluZ3MiOnsicG9zdF9pZCI6IjE1MyJ9fQ==@\u00bb button_text=\u00bbContacta con nosotros\u00bb _builder_version=\u00bb4.17.3&#8243; _dynamic_attributes=\u00bbbutton_url\u00bb _module_preset=\u00bbdefault\u00bb background_color=\u00bb#01068c\u00bb hover_enabled=\u00bb0&#8243; locked=\u00bboff\u00bb global_colors_info=\u00bb{}\u00bb sticky_enabled=\u00bb0&#8243;]<\/p>\n<p>\u00a1Somos expertos en toda clase de servicios de instalaciones de agua en Reus y cercan\u00edas!<\/p>\n<p>[\/et_pb_cta][\/et_pb_column][et_pb_column type=\u00bb1_4&#8243; _builder_version=\u00bb4.16&#8243; custom_padding=\u00bb|||\u00bb global_colors_info=\u00bb{}\u00bb custom_padding__hover=\u00bb|||\u00bb][et_pb_blog posts_number=\u00bb4&#8243; include_categories=\u00bb1&#8243; show_more=\u00bbon\u00bb show_author=\u00bboff\u00bb show_categories=\u00bboff\u00bb show_comments=\u00bbon\u00bb show_pagination=\u00bboff\u00bb _builder_version=\u00bb4.17.3&#8243; hover_enabled=\u00bb0&#8243; use_border_color=\u00bboff\u00bb border_color=\u00bb#ffffff\u00bb border_style=\u00bbsolid\u00bb use_dropshadow=\u00bboff\u00bb global_colors_info=\u00bb{}\u00bb sticky_enabled=\u00bb0&#8243;][\/et_pb_blog][\/et_pb_column][\/et_pb_row][et_pb_row column_structure=\u00bb1_2,1_2&#8243; _builder_version=\u00bb4.17.3&#8243; _module_preset=\u00bbdefault\u00bb global_colors_info=\u00bb{}\u00bb][et_pb_column type=\u00bb1_2&#8243; _builder_version=\u00bb4.17.3&#8243; _module_preset=\u00bbdefault\u00bb global_colors_info=\u00bb{}\u00bb][et_pb_image src=\u00bbhttps:\/\/www.mvertical.es\/wp-content\/uploads\/2015\/08\/aguas42.jpg\u00bb alt=\u00bbinstalaciones de agua en Reus\u00bb title_text=\u00bbinstalaciones de agua en Reus\u00bb _builder_version=\u00bb4.17.3&#8243; _module_preset=\u00bbdefault\u00bb hover_enabled=\u00bb0&#8243; global_colors_info=\u00bb{}\u00bb sticky_enabled=\u00bb0&#8243;][\/et_pb_image][\/et_pb_column][et_pb_column type=\u00bb1_2&#8243; _builder_version=\u00bb4.17.3&#8243; _module_preset=\u00bbdefault\u00bb global_colors_info=\u00bb{}\u00bb][et_pb_image src=\u00bbhttps:\/\/www.mvertical.es\/wp-content\/uploads\/2015\/08\/aguas31.jpg\u00bb alt=\u00bbinstalaciones de agua en Reus\u00bb title_text=\u00bbinstalaciones de agua en Reus\u00bb _builder_version=\u00bb4.17.3&#8243; _module_preset=\u00bbdefault\u00bb hover_enabled=\u00bb0&#8243; global_colors_info=\u00bb{}\u00bb sticky_enabled=\u00bb0&#8243;][\/et_pb_image][\/et_pb_column][\/et_pb_row][\/et_pb_section]<\/p>","protected":false},"excerpt":{"rendered":"<p>Instalaciones de agua en Reus &nbsp; En MVertical le ofrecemos los siguientes servicios relacionados con las instalaciones de agua en Reus: Realizamos\u00a0todo tipo de montaje, reparaci\u00f3n y mantenimiento de tuber\u00edas de agua\u00a0en patios de luz y fachadas. Trabajamos con todo tipo de materiales: hierro, cobre, polietileno, tubos de inoxidable\u2026 Cambiamos instalaciones comunitarias de agua antiguas [&hellip;]<\/p>","protected":false},"author":1,"featured_media":0,"parent":0,"menu_order":0,"comment_status":"closed","ping_status":"closed","template":"","meta":{"_et_pb_use_builder":"on","_et_pb_old_content":"","_et_gb_content_width":"","footnotes":""},"class_list":["post-869","page","type-page","status-publish","hentry"],"yoast_head":"<!-- This site is optimized with the Yoast SEO plugin v27.2 - https:\/\/yoast.com\/product\/yoast-seo-wordpress\/ -->\n<title>Instalaciones de agua en Reus - MVertical trabajos verticales<\/title>\n<meta name=\"description\" content=\"Instalaciones de agua en Reus. Realizamos todo tipo de montaje, reparaci\u00f3n y mantenimiento de tuber\u00edas de agua sea donde sea.\" \/>\n<meta name=\"robots\" content=\"index, follow, max-snippet:-1, max-image-preview:large, max-video-preview:-1\" \/>\n<link rel=\"canonical\" href=\"https:\/\/www.mvertical.es\/ca\/instalaciones-de-agua-en-reus\/\" \/>\n<meta property=\"og:locale\" content=\"ca_ES\" \/>\n<meta property=\"og:type\" content=\"article\" \/>\n<meta property=\"og:title\" content=\"Instalaciones de agua en Reus - MVertical trabajos verticales\" \/>\n<meta property=\"og:description\" content=\"Instalaciones de agua en Reus. Realizamos todo tipo de montaje, reparaci\u00f3n y mantenimiento de tuber\u00edas de agua sea donde sea.\" \/>\n<meta property=\"og:url\" content=\"https:\/\/www.mvertical.es\/ca\/instalaciones-de-agua-en-reus\/\" \/>\n<meta property=\"og:site_name\" content=\"MVertical trabajos verticales\" \/>\n<meta property=\"article:modified_time\" content=\"2023-07-20T15:27:02+00:00\" \/>\n<meta name=\"twitter:card\" content=\"summary_large_image\" \/>\n<meta name=\"twitter:label1\" content=\"Temps estimat de lectura\" \/>\n\t<meta name=\"twitter:data1\" content=\"2 minuts\" \/>\n<script type=\"application\/ld+json\" class=\"yoast-schema-graph\">{\"@context\":\"https:\/\/schema.org\",\"@graph\":[{\"@type\":\"WebPage\",\"@id\":\"https:\/\/www.mvertical.es\/instalaciones-de-agua-en-reus\/\",\"url\":\"https:\/\/www.mvertical.es\/instalaciones-de-agua-en-reus\/\",\"name\":\"Instalaciones de agua en Reus - MVertical trabajos verticales\",\"isPartOf\":{\"@id\":\"https:\/\/www.mvertical.es\/#website\"},\"datePublished\":\"2018-11-02T11:44:24+00:00\",\"dateModified\":\"2023-07-20T15:27:02+00:00\",\"description\":\"Instalaciones de agua en Reus. Realizamos todo tipo de montaje, reparaci\u00f3n y mantenimiento de tuber\u00edas de agua sea donde sea.\",\"breadcrumb\":{\"@id\":\"https:\/\/www.mvertical.es\/instalaciones-de-agua-en-reus\/#breadcrumb\"},\"inLanguage\":\"ca\",\"potentialAction\":[{\"@type\":\"ReadAction\",\"target\":[\"https:\/\/www.mvertical.es\/instalaciones-de-agua-en-reus\/\"]}]},{\"@type\":\"BreadcrumbList\",\"@id\":\"https:\/\/www.mvertical.es\/instalaciones-de-agua-en-reus\/#breadcrumb\",\"itemListElement\":[{\"@type\":\"ListItem\",\"position\":1,\"name\":\"Portada\",\"item\":\"https:\/\/www.mvertical.es\/\"},{\"@type\":\"ListItem\",\"position\":2,\"name\":\"Instalaciones de agua en Reus\"}]},{\"@type\":\"WebSite\",\"@id\":\"https:\/\/www.mvertical.es\/#website\",\"url\":\"https:\/\/www.mvertical.es\/\",\"name\":\"MVertical trabajos verticales\",\"description\":\"Trabajos verticales, rehabilitaci\u00f3n de fachadas en Tarragona\",\"potentialAction\":[{\"@type\":\"SearchAction\",\"target\":{\"@type\":\"EntryPoint\",\"urlTemplate\":\"https:\/\/www.mvertical.es\/?s={search_term_string}\"},\"query-input\":{\"@type\":\"PropertyValueSpecification\",\"valueRequired\":true,\"valueName\":\"search_term_string\"}}],\"inLanguage\":\"ca\"}]}<\/script>\n<!-- \/ Yoast SEO plugin. -->","yoast_head_json":{"title":"Instalaciones de agua en Reus - MVertical trabajos verticales","description":"Instalaciones de agua en Reus. Realizamos todo tipo de montaje, reparaci\u00f3n y mantenimiento de tuber\u00edas de agua sea donde sea.","robots":{"index":"index","follow":"follow","max-snippet":"max-snippet:-1","max-image-preview":"max-image-preview:large","max-video-preview":"max-video-preview:-1"},"canonical":"https:\/\/www.mvertical.es\/ca\/instalaciones-de-agua-en-reus\/","og_locale":"ca_ES","og_type":"article","og_title":"Instalaciones de agua en Reus - MVertical trabajos verticales","og_description":"Instalaciones de agua en Reus. Realizamos todo tipo de montaje, reparaci\u00f3n y mantenimiento de tuber\u00edas de agua sea donde sea.","og_url":"https:\/\/www.mvertical.es\/ca\/instalaciones-de-agua-en-reus\/","og_site_name":"MVertical trabajos verticales","article_modified_time":"2023-07-20T15:27:02+00:00","twitter_card":"summary_large_image","twitter_misc":{"Temps estimat de lectura":"2 minuts"},"schema":{"@context":"https:\/\/schema.org","@graph":[{"@type":"WebPage","@id":"https:\/\/www.mvertical.es\/instalaciones-de-agua-en-reus\/","url":"https:\/\/www.mvertical.es\/instalaciones-de-agua-en-reus\/","name":"Instalaciones de agua en Reus - MVertical trabajos verticales","isPartOf":{"@id":"https:\/\/www.mvertical.es\/#website"},"datePublished":"2018-11-02T11:44:24+00:00","dateModified":"2023-07-20T15:27:02+00:00","description":"Instalaciones de agua en Reus. Realizamos todo tipo de montaje, reparaci\u00f3n y mantenimiento de tuber\u00edas de agua sea donde sea.","breadcrumb":{"@id":"https:\/\/www.mvertical.es\/instalaciones-de-agua-en-reus\/#breadcrumb"},"inLanguage":"ca","potentialAction":[{"@type":"ReadAction","target":["https:\/\/www.mvertical.es\/instalaciones-de-agua-en-reus\/"]}]},{"@type":"BreadcrumbList","@id":"https:\/\/www.mvertical.es\/instalaciones-de-agua-en-reus\/#breadcrumb","itemListElement":[{"@type":"ListItem","position":1,"name":"Portada","item":"https:\/\/www.mvertical.es\/"},{"@type":"ListItem","position":2,"name":"Instalaciones de agua en Reus"}]},{"@type":"WebSite","@id":"https:\/\/www.mvertical.es\/#website","url":"https:\/\/www.mvertical.es\/","name":"MVertical trabajos verticales","description":"Trabajos verticales, rehabilitaci\u00f3n de fachadas en Tarragona","potentialAction":[{"@type":"SearchAction","target":{"@type":"EntryPoint","urlTemplate":"https:\/\/www.mvertical.es\/?s={search_term_string}"},"query-input":{"@type":"PropertyValueSpecification","valueRequired":true,"valueName":"search_term_string"}}],"inLanguage":"ca"}]}},"_links":{"self":[{"href":"https:\/\/www.mvertical.es\/ca\/wp-json\/wp\/v2\/pages\/869","targetHints":{"allow":["GET"]}}],"collection":[{"href":"https:\/\/www.mvertical.es\/ca\/wp-json\/wp\/v2\/pages"}],"about":[{"href":"https:\/\/www.mvertical.es\/ca\/wp-json\/wp\/v2\/types\/page"}],"author":[{"embeddable":true,"href":"https:\/\/www.mvertical.es\/ca\/wp-json\/wp\/v2\/users\/1"}],"replies":[{"embeddable":true,"href":"https:\/\/www.mvertical.es\/ca\/wp-json\/wp\/v2\/comments?post=869"}],"version-history":[{"count":8,"href":"https:\/\/www.mvertical.es\/ca\/wp-json\/wp\/v2\/pages\/869\/revisions"}],"predecessor-version":[{"id":1496,"href":"https:\/\/www.mvertical.es\/ca\/wp-json\/wp\/v2\/pages\/869\/revisions\/1496"}],"wp:attachment":[{"href":"https:\/\/www.mvertical.es\/ca\/wp-json\/wp\/v2\/media?parent=869"}],"curies":[{"name":"wp","href":"https:\/\/api.w.org\/{rel}","templated":true}]}}