{"id":836,"date":"2018-07-16T10:27:16","date_gmt":"2018-07-16T10:27:16","guid":{"rendered":"https:\/\/www.mvertical.es\/?page_id=836"},"modified":"2023-07-20T14:57:45","modified_gmt":"2023-07-20T14:57:45","slug":"carteles-publicitarios-en-tarragona","status":"publish","type":"page","link":"https:\/\/www.mvertical.es\/ca\/carteles-publicitarios-en-tarragona\/","title":{"rendered":"Carteles publicitarios en Tarragona"},"content":{"rendered":"<p>[et_pb_section fb_built=\u00bb1&#8243; admin_label=\u00bbsection\u00bb _builder_version=\u00bb4.16&#8243; global_colors_info=\u00bb{}\u00bb][et_pb_row _builder_version=\u00bb4.16&#8243; custom_padding=\u00bb0px|||||\u00bb locked=\u00bboff\u00bb global_colors_info=\u00bb{}\u00bb][et_pb_column type=\u00bb4_4&#8243; _builder_version=\u00bb4.16&#8243; custom_padding=\u00bb|||\u00bb global_colors_info=\u00bb{}\u00bb custom_padding__hover=\u00bb|||\u00bb][et_pb_text _builder_version=\u00bb4.17.3&#8243; text_font=\u00bb||||||||\u00bb ul_font=\u00bb||||||||\u00bb header_font=\u00bb|700|||||||\u00bb header_text_align=\u00bbcenter\u00bb header_text_color=\u00bb#0da4e5&#8243; background_color=\u00bb#000000&#8243; custom_padding=\u00bb30px||\u00bb global_colors_info=\u00bb{}\u00bb]<\/p>\n<h1><strong>Carteles publicitarios en Tarragona<\/strong><\/h1>\n<p>&nbsp;<\/p>\n<p>[\/et_pb_text][\/et_pb_column][\/et_pb_row][et_pb_row column_structure=\u00bb3_4,1_4&#8243; admin_label=\u00bbrow\u00bb _builder_version=\u00bb4.16&#8243; background_size=\u00bbinitial\u00bb background_position=\u00bbtop_left\u00bb background_repeat=\u00bbrepeat\u00bb global_colors_info=\u00bb{}\u00bb][et_pb_column type=\u00bb3_4&#8243; _builder_version=\u00bb4.16&#8243; custom_padding=\u00bb|||\u00bb global_colors_info=\u00bb{}\u00bb custom_padding__hover=\u00bb|||\u00bb][et_pb_text _builder_version=\u00bb4.17.3&#8243; hover_enabled=\u00bb0&#8243; use_border_color=\u00bboff\u00bb border_color=\u00bb#ffffff\u00bb border_style=\u00bbsolid\u00bb global_colors_info=\u00bb{}\u00bb sticky_enabled=\u00bb0&#8243;]<\/p>\n<h2><strong>Instalaci\u00f3n de carteles publicitarios en Tarragona<\/strong><\/h2>\n<p>[\/et_pb_text][et_pb_text _builder_version=\u00bb4.17.3&#8243; text_font_size=\u00bb16px\u00bb use_border_color=\u00bboff\u00bb border_color=\u00bb#ffffff\u00bb border_style=\u00bbsolid\u00bb global_colors_info=\u00bb{}\u00bb]<\/p>\n<p>En MVERTICAL somos especialistas en la instalaci\u00f3n de <strong>Carteles publicitarios en la provincia de Tarragona<\/strong>.<\/p>\n<p><span>Ofrecemos servicios de instalaci\u00f3n de carteles publicitarios en Tarragona para empresas y negocios que buscan destacar su imagen y atraer la atenci\u00f3n de su p\u00fablico objetivo. Nos encargamos de la instalaci\u00f3n de todo tipo de carteles publicitarios, ya sean de gran tama\u00f1o para fachadas o peque\u00f1os para interiores, utilizando materiales de alta calidad y las t\u00e9cnicas m\u00e1s innovadoras en el sector. Contamos con un equipo de profesionales que te asesorar\u00e1n en todo momento para encontrar la mejor soluci\u00f3n para tus necesidades de marketing y publicidad. Garantizamos la seguridad y cumplimiento de las normativas vigentes en cuanto a la instalaci\u00f3n de carteles publicitarios. Ofrecemos un servicio integral, desde el dise\u00f1o y planificaci\u00f3n hasta la ejecuci\u00f3n y puesta en marcha, asegur\u00e1ndonos de que cada trabajo realizado cumpla con las expectativas de nuestros clientes.<\/span><\/p>\n<p>[\/et_pb_text][et_pb_image src=\u00bbhttps:\/\/www.mvertical.es\/wp-content\/uploads\/2023\/03\/carteles-publicitarios-1.jpg\u00bb alt=\u00bbCarteles publicitarios en Tarragona\u00bb title_text=\u00bbCarteles publicitarios en Tarragona\u00bb _builder_version=\u00bb4.17.3&#8243; _module_preset=\u00bbdefault\u00bb global_colors_info=\u00bb{}\u00bb][\/et_pb_image][et_pb_text _builder_version=\u00bb4.17.3&#8243; text_font_size=\u00bb16px\u00bb hover_enabled=\u00bb0&#8243; use_border_color=\u00bboff\u00bb border_color=\u00bb#ffffff\u00bb border_style=\u00bbsolid\u00bb global_colors_info=\u00bb{}\u00bb sticky_enabled=\u00bb0&#8243;]<\/p>\n<h3><strong>Dise\u00f1o y plantillas de r\u00f3tulos, paneles y carteles publicitarios en Tarragona<\/strong><\/h3>\n<p>Si est\u00e1s buscando resaltar tu negocio con impactantes r\u00f3tulos, paneles y carteles publicitarios en Tarragona, \u00a1somos tu soluci\u00f3n! Nuestro equipo especializado en dise\u00f1o y plantillas te ofrece una amplia gama de opciones para crear una imagen publicitaria atractiva y efectiva.<\/p>\n<p>Comenzamos por comprender tus necesidades y objetivos comerciales para desarrollar dise\u00f1os personalizados que reflejen la identidad de tu marca. Ya sea que busques un enfoque moderno, elegante o llamativo, nuestro equipo de dise\u00f1adores expertos se asegurar\u00e1 de captar la esencia de tu negocio y plasmarla en cada dise\u00f1o.<\/p>\n<p>Ya sea que necesites r\u00f3tulos luminosos para destacar durante la noche, paneles informativos para promocionar tus productos o carteles publicitarios para captar la atenci\u00f3n de tu audiencia, estamos preparados para hacerlo realidad.<\/p>\n<p>Nos aseguramos de que tus r\u00f3tulos, paneles y carteles tengan una apariencia profesional y sean altamente legibles para maximizar su impacto publicitario.<\/p>\n<p>Adem\u00e1s del dise\u00f1o y la fabricaci\u00f3n, tambi\u00e9n ofrecemos servicios de instalaci\u00f3n para que no tengas que preocuparte por nada. Nuestro equipo de expertos se encargar\u00e1 de la colocaci\u00f3n de los r\u00f3tulos y carteles de manera precisa y segura.<\/p>\n<p>Dise\u00f1amos, elaboramos y montamos\u00a0<strong>r\u00f3tulos, carteles y elementos publicitarios.<\/strong><\/p>\n<p>Elementos publicitarios de todas las dimensiones y en todas las altura. <strong>MVERTICAL<\/strong>, somos tu mejor opci\u00f3n!<\/p>\n<h3>Otros servicios<\/h3>\n<p>Prestamos nuestros servicios a grandes empresas constructoras, entidades bancarias y comercios, y tambi\u00e9n a\u00a0viviendas particulares y comunidades de vecinos.<\/p>\n<p><strong>Ofrecemos servicios de:<\/strong><\/p>\n<ul>\n<li>Mantenimiento industrial<\/li>\n<li>Mantenimiento para comunidades<\/li>\n<li>Limpieza de cristales en altura<\/li>\n<li>Mantenimiento de fachadas<\/li>\n<\/ul>\n<h3>Solicitar informaci\u00f3n sobre la fabricaci\u00f3n e instalaci\u00f3n de carteles publicitarios en Tarragona<\/h3>\n<p>En MVertcal somos especialistas en la fabricaci\u00f3n e instalaci\u00f3n de carteles publicitarios que capturan la atenci\u00f3n de tu audiencia y comunican tu mensaje de manera impactante. Nuestro equipo de expertos en dise\u00f1o y producci\u00f3n trabaja para entender tus objetivos comerciales y plasmarlos en carteles atractivos y efectivos.<\/p>\n<p>Nuestra experiencia en el sector nos permite ofrecer una amplia gama de opciones de carteles, desde vallas publicitarias de gran formato hasta carteles para escaparates o interiores. Utilizamos materiales de alta calidad que garantizan la durabilidad y resistencia de nuestros carteles, asegurando que permanezcan impecables frente a las condiciones clim\u00e1ticas y de uso.<\/p>\n<p>En MVertical, valoramos la creatividad y la originalidad en cada proyecto. Nuestros dise\u00f1os personalizados destacan por su impacto visual y mensaje claro, ayudando a tu negocio a sobresalir en entornos urbanos y rurales.<\/p>\n<p>La instalaci\u00f3n de nuestros carteles es realizada por profesionales experimentados, asegurando un montaje seguro y preciso en el lugar deseado. Adem\u00e1s, nos esforzamos por cumplir con los plazos acordados, brindando un servicio eficiente y oportuno.<\/p>\n<p>Puede ponerse en contacto a trav\u00e9s de nuestro <strong><a href=\"https:\/\/www.mvertical.es\/contacto-mvertical\/\">formulario<\/a> <\/strong>o llamando al <a href=\"tel:\/\/977208435\">977 208 435<\/a>. Tambi\u00e9n nos puede visitar en<strong>\u00a0nuestras oficinas.<\/strong><\/p>\n<p>[\/et_pb_text][et_pb_cta title=\u00bbSi busca una empresa para la fabricaci\u00f3n e instalaci\u00f3n de carteles publicitarios en Tarragona y cercan\u00edas contacta con nosotros\u00bb button_url=\u00bb@ET-DC@eyJkeW5hbWljIjp0cnVlLCJjb250ZW50IjoicG9zdF9saW5rX3VybF9wYWdlIiwic2V0dGluZ3MiOnsicG9zdF9pZCI6IjE1MyJ9fQ==@\u00bb button_text=\u00bbContacta con nosotros\u00bb _builder_version=\u00bb4.17.3&#8243; _dynamic_attributes=\u00bbbutton_url\u00bb _module_preset=\u00bbdefault\u00bb background_color=\u00bb#01068c\u00bb hover_enabled=\u00bb0&#8243; locked=\u00bboff\u00bb global_colors_info=\u00bb{}\u00bb sticky_enabled=\u00bb0&#8243;]<\/p>\n<p>\u00a1Somos expertos en trabajos verticales y trabajos en altura sin andamios!<\/p>\n<p>[\/et_pb_cta][\/et_pb_column][et_pb_column type=\u00bb1_4&#8243; _builder_version=\u00bb4.16&#8243; custom_padding=\u00bb|||\u00bb global_colors_info=\u00bb{}\u00bb custom_padding__hover=\u00bb|||\u00bb][et_pb_blog posts_number=\u00bb4&#8243; include_categories=\u00bb1&#8243; show_more=\u00bbon\u00bb show_author=\u00bboff\u00bb show_categories=\u00bboff\u00bb show_comments=\u00bbon\u00bb show_pagination=\u00bboff\u00bb _builder_version=\u00bb4.17.3&#8243; hover_enabled=\u00bb0&#8243; use_border_color=\u00bboff\u00bb border_color=\u00bb#ffffff\u00bb border_style=\u00bbsolid\u00bb use_dropshadow=\u00bboff\u00bb global_colors_info=\u00bb{}\u00bb sticky_enabled=\u00bb0&#8243;][\/et_pb_blog][\/et_pb_column][\/et_pb_row][et_pb_row column_structure=\u00bb1_2,1_2&#8243; _builder_version=\u00bb4.17.3&#8243; _module_preset=\u00bbdefault\u00bb global_colors_info=\u00bb{}\u00bb][et_pb_column type=\u00bb1_2&#8243; _builder_version=\u00bb4.17.3&#8243; _module_preset=\u00bbdefault\u00bb global_colors_info=\u00bb{}\u00bb][et_pb_image src=\u00bbhttps:\/\/www.mvertical.es\/wp-content\/uploads\/2018\/01\/montaje-carteles-tarragona.jpg\u00bb alt=\u00bbCarteles publicitarios en Tarragona\u00bb title_text=\u00bbCarteles publicitarios en Tarragona\u00bb _builder_version=\u00bb4.17.3&#8243; _module_preset=\u00bbdefault\u00bb global_colors_info=\u00bb{}\u00bb][\/et_pb_image][\/et_pb_column][et_pb_column type=\u00bb1_2&#8243; _builder_version=\u00bb4.17.3&#8243; _module_preset=\u00bbdefault\u00bb global_colors_info=\u00bb{}\u00bb][et_pb_image src=\u00bbhttps:\/\/www.mvertical.es\/wp-content\/uploads\/2023\/03\/carteles-publicitarios.jpg\u00bb alt=\u00bbCarteles publicitarios en Tarragona\u00bb title_text=\u00bbCarteles publicitarios en Tarragona\u00bb _builder_version=\u00bb4.17.3&#8243; _module_preset=\u00bbdefault\u00bb global_colors_info=\u00bb{}\u00bb][\/et_pb_image][\/et_pb_column][\/et_pb_row][\/et_pb_section]<\/p>","protected":false},"excerpt":{"rendered":"<p>Carteles publicitarios en Tarragona &nbsp;Instalaci\u00f3n de carteles publicitarios en TarragonaEn MVERTICAL somos especialistas en la instalaci\u00f3n de Carteles publicitarios en la provincia de Tarragona. Ofrecemos servicios de instalaci\u00f3n de carteles publicitarios en Tarragona para empresas y negocios que buscan destacar su imagen y atraer la atenci\u00f3n de su p\u00fablico objetivo. Nos encargamos de la instalaci\u00f3n [&hellip;]<\/p>","protected":false},"author":1,"featured_media":0,"parent":0,"menu_order":0,"comment_status":"closed","ping_status":"closed","template":"","meta":{"_et_pb_use_builder":"on","_et_pb_old_content":"","_et_gb_content_width":"","footnotes":""},"class_list":["post-836","page","type-page","status-publish","hentry"],"yoast_head":"<!-- This site is optimized with the Yoast SEO plugin v27.2 - https:\/\/yoast.com\/product\/yoast-seo-wordpress\/ -->\n<title>Carteles publicitarios en Tarragona - MVertical trabajos verticales<\/title>\n<meta name=\"description\" content=\"Carteles publicitarios en Tarragona. En MVERTICAL somos especialistas en la instalaci\u00f3n de carteles publicitarios.\" \/>\n<meta name=\"robots\" content=\"index, follow, max-snippet:-1, max-image-preview:large, max-video-preview:-1\" \/>\n<link rel=\"canonical\" href=\"https:\/\/www.mvertical.es\/ca\/carteles-publicitarios-en-tarragona\/\" \/>\n<meta property=\"og:locale\" content=\"ca_ES\" \/>\n<meta property=\"og:type\" content=\"article\" \/>\n<meta property=\"og:title\" content=\"Carteles publicitarios en Tarragona - MVertical trabajos verticales\" \/>\n<meta property=\"og:description\" content=\"Carteles publicitarios en Tarragona. En MVERTICAL somos especialistas en la instalaci\u00f3n de carteles publicitarios.\" \/>\n<meta property=\"og:url\" content=\"https:\/\/www.mvertical.es\/ca\/carteles-publicitarios-en-tarragona\/\" \/>\n<meta property=\"og:site_name\" content=\"MVertical trabajos verticales\" \/>\n<meta property=\"article:modified_time\" content=\"2023-07-20T14:57:45+00:00\" \/>\n<meta name=\"twitter:card\" content=\"summary_large_image\" \/>\n<meta name=\"twitter:label1\" content=\"Temps estimat de lectura\" \/>\n\t<meta name=\"twitter:data1\" content=\"1 minut\" \/>\n<script type=\"application\/ld+json\" class=\"yoast-schema-graph\">{\"@context\":\"https:\/\/schema.org\",\"@graph\":[{\"@type\":\"WebPage\",\"@id\":\"https:\/\/www.mvertical.es\/carteles-publicitarios-en-tarragona\/\",\"url\":\"https:\/\/www.mvertical.es\/carteles-publicitarios-en-tarragona\/\",\"name\":\"Carteles publicitarios en Tarragona - MVertical trabajos verticales\",\"isPartOf\":{\"@id\":\"https:\/\/www.mvertical.es\/#website\"},\"datePublished\":\"2018-07-16T10:27:16+00:00\",\"dateModified\":\"2023-07-20T14:57:45+00:00\",\"description\":\"Carteles publicitarios en Tarragona. En MVERTICAL somos especialistas en la instalaci\u00f3n de carteles publicitarios.\",\"breadcrumb\":{\"@id\":\"https:\/\/www.mvertical.es\/carteles-publicitarios-en-tarragona\/#breadcrumb\"},\"inLanguage\":\"ca\",\"potentialAction\":[{\"@type\":\"ReadAction\",\"target\":[\"https:\/\/www.mvertical.es\/carteles-publicitarios-en-tarragona\/\"]}]},{\"@type\":\"BreadcrumbList\",\"@id\":\"https:\/\/www.mvertical.es\/carteles-publicitarios-en-tarragona\/#breadcrumb\",\"itemListElement\":[{\"@type\":\"ListItem\",\"position\":1,\"name\":\"Portada\",\"item\":\"https:\/\/www.mvertical.es\/\"},{\"@type\":\"ListItem\",\"position\":2,\"name\":\"Carteles publicitarios en Tarragona\"}]},{\"@type\":\"WebSite\",\"@id\":\"https:\/\/www.mvertical.es\/#website\",\"url\":\"https:\/\/www.mvertical.es\/\",\"name\":\"MVertical trabajos verticales\",\"description\":\"Trabajos verticales, rehabilitaci\u00f3n de fachadas en Tarragona\",\"potentialAction\":[{\"@type\":\"SearchAction\",\"target\":{\"@type\":\"EntryPoint\",\"urlTemplate\":\"https:\/\/www.mvertical.es\/?s={search_term_string}\"},\"query-input\":{\"@type\":\"PropertyValueSpecification\",\"valueRequired\":true,\"valueName\":\"search_term_string\"}}],\"inLanguage\":\"ca\"}]}<\/script>\n<!-- \/ Yoast SEO plugin. -->","yoast_head_json":{"title":"Carteles publicitarios en Tarragona - MVertical trabajos verticales","description":"Carteles publicitarios en Tarragona. En MVERTICAL somos especialistas en la instalaci\u00f3n de carteles publicitarios.","robots":{"index":"index","follow":"follow","max-snippet":"max-snippet:-1","max-image-preview":"max-image-preview:large","max-video-preview":"max-video-preview:-1"},"canonical":"https:\/\/www.mvertical.es\/ca\/carteles-publicitarios-en-tarragona\/","og_locale":"ca_ES","og_type":"article","og_title":"Carteles publicitarios en Tarragona - MVertical trabajos verticales","og_description":"Carteles publicitarios en Tarragona. En MVERTICAL somos especialistas en la instalaci\u00f3n de carteles publicitarios.","og_url":"https:\/\/www.mvertical.es\/ca\/carteles-publicitarios-en-tarragona\/","og_site_name":"MVertical trabajos verticales","article_modified_time":"2023-07-20T14:57:45+00:00","twitter_card":"summary_large_image","twitter_misc":{"Temps estimat de lectura":"1 minut"},"schema":{"@context":"https:\/\/schema.org","@graph":[{"@type":"WebPage","@id":"https:\/\/www.mvertical.es\/carteles-publicitarios-en-tarragona\/","url":"https:\/\/www.mvertical.es\/carteles-publicitarios-en-tarragona\/","name":"Carteles publicitarios en Tarragona - MVertical trabajos verticales","isPartOf":{"@id":"https:\/\/www.mvertical.es\/#website"},"datePublished":"2018-07-16T10:27:16+00:00","dateModified":"2023-07-20T14:57:45+00:00","description":"Carteles publicitarios en Tarragona. En MVERTICAL somos especialistas en la instalaci\u00f3n de carteles publicitarios.","breadcrumb":{"@id":"https:\/\/www.mvertical.es\/carteles-publicitarios-en-tarragona\/#breadcrumb"},"inLanguage":"ca","potentialAction":[{"@type":"ReadAction","target":["https:\/\/www.mvertical.es\/carteles-publicitarios-en-tarragona\/"]}]},{"@type":"BreadcrumbList","@id":"https:\/\/www.mvertical.es\/carteles-publicitarios-en-tarragona\/#breadcrumb","itemListElement":[{"@type":"ListItem","position":1,"name":"Portada","item":"https:\/\/www.mvertical.es\/"},{"@type":"ListItem","position":2,"name":"Carteles publicitarios en Tarragona"}]},{"@type":"WebSite","@id":"https:\/\/www.mvertical.es\/#website","url":"https:\/\/www.mvertical.es\/","name":"MVertical trabajos verticales","description":"Trabajos verticales, rehabilitaci\u00f3n de fachadas en Tarragona","potentialAction":[{"@type":"SearchAction","target":{"@type":"EntryPoint","urlTemplate":"https:\/\/www.mvertical.es\/?s={search_term_string}"},"query-input":{"@type":"PropertyValueSpecification","valueRequired":true,"valueName":"search_term_string"}}],"inLanguage":"ca"}]}},"_links":{"self":[{"href":"https:\/\/www.mvertical.es\/ca\/wp-json\/wp\/v2\/pages\/836","targetHints":{"allow":["GET"]}}],"collection":[{"href":"https:\/\/www.mvertical.es\/ca\/wp-json\/wp\/v2\/pages"}],"about":[{"href":"https:\/\/www.mvertical.es\/ca\/wp-json\/wp\/v2\/types\/page"}],"author":[{"embeddable":true,"href":"https:\/\/www.mvertical.es\/ca\/wp-json\/wp\/v2\/users\/1"}],"replies":[{"embeddable":true,"href":"https:\/\/www.mvertical.es\/ca\/wp-json\/wp\/v2\/comments?post=836"}],"version-history":[{"count":8,"href":"https:\/\/www.mvertical.es\/ca\/wp-json\/wp\/v2\/pages\/836\/revisions"}],"predecessor-version":[{"id":1490,"href":"https:\/\/www.mvertical.es\/ca\/wp-json\/wp\/v2\/pages\/836\/revisions\/1490"}],"wp:attachment":[{"href":"https:\/\/www.mvertical.es\/ca\/wp-json\/wp\/v2\/media?parent=836"}],"curies":[{"name":"wp","href":"https:\/\/api.w.org\/{rel}","templated":true}]}}