{"id":814,"date":"2018-05-07T08:25:10","date_gmt":"2018-05-07T08:25:10","guid":{"rendered":"https:\/\/www.mvertical.es\/?page_id=814"},"modified":"2023-07-20T14:31:51","modified_gmt":"2023-07-20T14:31:51","slug":"rehabilitaciones-en-tarragona","status":"publish","type":"page","link":"https:\/\/www.mvertical.es\/ca\/rehabilitaciones-en-tarragona\/","title":{"rendered":"Rehabilitaciones en Tarragona"},"content":{"rendered":"<p>[et_pb_section fb_built=\u00bb1&#8243; admin_label=\u00bbsection\u00bb _builder_version=\u00bb4.16&#8243; global_colors_info=\u00bb{}\u00bb][et_pb_row _builder_version=\u00bb4.16&#8243; custom_padding=\u00bb0px|||||\u00bb locked=\u00bboff\u00bb global_colors_info=\u00bb{}\u00bb][et_pb_column type=\u00bb4_4&#8243; _builder_version=\u00bb4.16&#8243; custom_padding=\u00bb|||\u00bb global_colors_info=\u00bb{}\u00bb custom_padding__hover=\u00bb|||\u00bb][et_pb_text _builder_version=\u00bb4.17.3&#8243; text_font=\u00bb||||||||\u00bb ul_font=\u00bb||||||||\u00bb header_font=\u00bb|700|||||||\u00bb header_text_align=\u00bbcenter\u00bb header_text_color=\u00bb#0da4e5&#8243; background_color=\u00bb#000000&#8243; custom_padding=\u00bb30px||\u00bb global_colors_info=\u00bb{}\u00bb]<\/p>\n<h1><strong>Rehabilitaciones e instalaci\u00f3n de tabiques pluviales en Tarragona<\/strong><\/h1>\n<p>&nbsp;<\/p>\n<p>[\/et_pb_text][\/et_pb_column][\/et_pb_row][et_pb_row column_structure=\u00bb3_4,1_4&#8243; admin_label=\u00bbrow\u00bb _builder_version=\u00bb4.16&#8243; background_size=\u00bbinitial\u00bb background_position=\u00bbtop_left\u00bb background_repeat=\u00bbrepeat\u00bb global_colors_info=\u00bb{}\u00bb][et_pb_column type=\u00bb3_4&#8243; _builder_version=\u00bb4.16&#8243; custom_padding=\u00bb|||\u00bb global_colors_info=\u00bb{}\u00bb custom_padding__hover=\u00bb|||\u00bb][et_pb_text _builder_version=\u00bb4.17.3&#8243; text_font_size=\u00bb16px\u00bb hover_enabled=\u00bb0&#8243; use_border_color=\u00bboff\u00bb border_color=\u00bb#ffffff\u00bb border_style=\u00bbsolid\u00bb global_colors_info=\u00bb{}\u00bb sticky_enabled=\u00bb0&#8243;]<\/p>\n<div class=\"et_pb_text et_pb_module et_pb_bg_layout_light et_pb_text_align_left et_pb_text_1\">\n<div class=\"et_pb_text_inner\">\n<h2><strong>Empresa de rehabilitaciones en Tarragona<\/strong><\/h2>\n<p>La misi\u00f3n ed nuestra empresa de rehabilitaciones en Tarragona es preservar y realzar el valor hist\u00f3rico, arquitect\u00f3nico y est\u00e9tico de los espacios que trabajamos, al tiempo que adaptamos las estructuras a las necesidades y est\u00e1ndares modernos. Ya sea que se trate de una antigua edificaci\u00f3n que requiere una renovaci\u00f3n integral o de una rehabilitaci\u00f3n parcial para optimizar su funcionalidad, estamos listos para asumir el desaf\u00edo.<\/p>\n<p>En MVertical valoramos la comunicaci\u00f3n y la colaboraci\u00f3n con nuestros clientes. Entendemos que cada proyecto es \u00fanico y, por lo tanto, trabajamos para comprender tus objetivos y requisitos espec\u00edficos. Nuestra atenci\u00f3n al detalle y el enfoque en la calidad nos permiten entregar resultados que superan las expectativas de nuestros clientes.<\/p>\n<p>Nos esforzamos por cumplir estrictamente con los plazos acordados, para que puedas disfrutar de tu espacio renovado en el menor tiempo posible y as\u00ed ocasionar la m\u00ednimas molestias posibles al vencindario.<\/p>\n<h2><span style=\"font-size: medium;\"><strong>Expertos en rehabilitaciones en Tarragona<\/strong><\/span><\/h2>\n<p>Cuando pasan los a\u00f1os, la pintura va desapareciendo, y a causa de la lluvia y las tormentas, queda suciedad. En MVertical realizamos rehabilitaciones parciales y totales para viviendas y edificios.<\/p>\n<p>Servicios de reparaci\u00f3n, rehabilitaci\u00f3n y acondicionamiento de fachadas entre otros.<\/p>\n<h3><span style=\"font-size: medium;\"><strong>Otros servicios que ofrecemos<\/strong><\/span><\/h3>\n<p>Cabe se\u00f1alar, tambi\u00e9n, que realizamos instalaciones de agua y desag\u00fces. As\u00ed como trabajos en patios de luz, sin andamios ni plataformas, de forma sencilla para terminar las obras m\u00e1s r\u00e1pido. Adem\u00e1s ofrecemos la instalaci\u00f3n de tabiques pluviales, por ejemplo, para que la parte externa del edificio aguante m\u00e1s tiempo en buen estado. No s\u00f3lo evita las filtraciones de agua, sino que mejora el aislamiento t\u00e9rmico. Ofrecemos muchos tipos de servicio.<\/p>\n<h3><span style=\"font-size: medium;\"><strong>Contactar con MVertical<\/strong><\/span><img decoding=\"async\" class=\"size-medium wp-image-495 alignright lazyload\" data-src=\"https:\/\/www.mvertical.es\/wp-content\/uploads\/2015\/08\/aguas4-e1439370856637-1-300x225.jpg\" data-sizes=\"(max-width: 300px) 100vw, 300px\" data-srcset=\"https:\/\/www.mvertical.es\/wp-content\/uploads\/2015\/08\/aguas4-e1439370856637-1-300x225.jpg 300w,  https:\/\/www.mvertical.es\/wp-content\/uploads\/2015\/08\/aguas4-e1439370856637-1.jpg 500w\" alt=\"\" width=\"300\" height=\"225\" src=\"data:image\/svg+xml;base64,PHN2ZyB3aWR0aD0iMSIgaGVpZ2h0PSIxIiB4bWxucz0iaHR0cDovL3d3dy53My5vcmcvMjAwMC9zdmciPjwvc3ZnPg==\" style=\"--smush-placeholder-width: 300px; --smush-placeholder-aspect-ratio: 300\/225;\" \/><\/h3>\n<p>Si necesita m\u00e1s informaci\u00f3n o necesita un presupuesto claro para que pueda barajar las posibilidades que le ofrecemos, no dude en contactar con nosotros por tel\u00e9fono. Aunque tambi\u00e9n nos puede visitar en nuestras oficinas. Su satisfacci\u00f3n es lo que m\u00e1s nos importa a nosotros, adem\u00e1s del trabajo bien realizado.<\/p>\n<\/div>\n<\/div>\n<p>[\/et_pb_text][et_pb_button button_url=\u00bbhttps:\/\/www.mvertical.es\/contacto-mvertical\/\u00bb button_text=\u00bb\u00a1Contacta!\u00bb button_alignment=\u00bbcenter\u00bb _builder_version=\u00bb4.16&#8243; global_colors_info=\u00bb{}\u00bb button_text_size__hover_enabled=\u00bboff\u00bb button_one_text_size__hover_enabled=\u00bboff\u00bb button_two_text_size__hover_enabled=\u00bboff\u00bb button_text_color__hover_enabled=\u00bboff\u00bb button_one_text_color__hover_enabled=\u00bboff\u00bb button_two_text_color__hover_enabled=\u00bboff\u00bb button_border_width__hover_enabled=\u00bboff\u00bb button_one_border_width__hover_enabled=\u00bboff\u00bb button_two_border_width__hover_enabled=\u00bboff\u00bb button_border_color__hover_enabled=\u00bboff\u00bb button_one_border_color__hover_enabled=\u00bboff\u00bb button_two_border_color__hover_enabled=\u00bboff\u00bb button_border_radius__hover_enabled=\u00bboff\u00bb button_one_border_radius__hover_enabled=\u00bboff\u00bb button_two_border_radius__hover_enabled=\u00bboff\u00bb button_letter_spacing__hover_enabled=\u00bboff\u00bb button_one_letter_spacing__hover_enabled=\u00bboff\u00bb button_two_letter_spacing__hover_enabled=\u00bboff\u00bb button_bg_color__hover_enabled=\u00bboff\u00bb button_one_bg_color__hover_enabled=\u00bboff\u00bb button_two_bg_color__hover_enabled=\u00bboff\u00bb][\/et_pb_button][et_pb_image src=\u00bbhttps:\/\/www.mvertical.es\/wp-content\/uploads\/2016\/09\/260720161850.jpg\u00bb alt=\u00bbRehabilitaciones en Tarragona\u00bb title_text=\u00bbRehabilitaciones en Tarragona\u00bb _builder_version=\u00bb4.17.3&#8243; _module_preset=\u00bbdefault\u00bb global_colors_info=\u00bb{}\u00bb][\/et_pb_image][et_pb_text _builder_version=\u00bb4.17.3&#8243; _module_preset=\u00bbdefault\u00bb text_font_size=\u00bb16px\u00bb global_colors_info=\u00bb{}\u00bb]<\/p>\n<h3>Servicios de rehabilitaciones en Tarragona<\/h3>\n<div class=\"group w-full text-gray-800 dark:text-gray-100 border-b border-black\/10 dark:border-gray-900\/50 bg-gray-50 dark:bg-[#444654]\">\n<div class=\"text-base gap-4 md:gap-6 md:max-w-2xl lg:max-w-2xl xl:max-w-3xl p-4 md:py-6 flex lg:px-0 m-auto\">\n<div class=\"relative flex w-[calc(100%-50px)] flex-col gap-1 md:gap-3 lg:w-[calc(100%-115px)]\">\n<div class=\"flex flex-grow flex-col gap-3\">\n<div class=\"min-h-[20px] flex flex-col items-start gap-4 whitespace-pre-wrap\">\n<div class=\"markdown prose w-full break-words dark:prose-invert dark\">\n<p>En MVertical ofrecemos servicios de rehabilitaciones en Tarragona para todo tipo de edificios y estructuras, ya sean residenciales o comerciales. Nuestros servicios incluyen desde la rehabilitaci\u00f3n de fachadas y cubiertas, hasta la impermeabilizaci\u00f3n de terrazas y la reparaci\u00f3n de elementos estructurales. Trabajamos con materiales de alta calidad y utilizamos las \u00faltimas tecnolog\u00edas y herramientas para garantizar resultados \u00f3ptimos y duraderos. Ofrecemos un servicio integral, desde la planificaci\u00f3n y el dise\u00f1o hasta la ejecuci\u00f3n y el seguimiento de la obra, asegur\u00e1ndonos de que todos los trabajos se realicen de forma segura y respetando los plazos y presupuestos establecidos.<\/p>\n<p>&nbsp;<\/p>\n<h3>Solicita m\u00e1s informaci\u00f3n<\/h3>\n<p>\u00bfEst\u00e1s buscando rehabilitar tu propiedad en Tarragona y devolverle su esplendor original? \u00a1Estamos aqu\u00ed para ayudarte! Nuestro servicio de rehabilitaciones en Tarragona ofrece soluciones integrales para revitalizar y renovar edificaciones antiguas, preservando su encanto hist\u00f3rico y adapt\u00e1ndolas a las necesidades actuales.<\/p>\n<p>Nos aseguramos de preservar la esencia arquitect\u00f3nica original, mientras incorporamos mejoras y comodidades modernas.<\/p>\n<p>Desde la consolidaci\u00f3n de estructuras hasta la renovaci\u00f3n de fachadas, pasando por la actualizaci\u00f3n de instalaciones el\u00e9ctricas y de fontaner\u00eda, nos encargamos de cada aspecto del proceso de rehabilitaci\u00f3n.<\/p>\n<p>Si est\u00e1s interesado en obtener m\u00e1s informaci\u00f3n sobre nuestras rehabilitaciones en Tarragona, no dudes en contactarnos. Estaremos encantados de proporcionarte detalles adicionales sobre nuestros servicios, mostrarte ejemplos de proyectos anteriores y brindarte un presupuesto personalizado. Perm\u00edtenos ayudarte a devolverle vida y belleza a tu propiedad, con un enfoque centrado en la calidad, el respeto y la excelencia en cada etapa del proceso de rehabilitaci\u00f3n.<\/p>\n<\/div>\n<\/div>\n<\/div>\n<\/div>\n<\/div>\n<\/div>\n<p>[\/et_pb_text][et_pb_cta title=\u00bbSi busca una empresa de rehabilitaciones en Tarragona y cercan\u00edas contacta con nosotros\u00bb button_url=\u00bb@ET-DC@eyJkeW5hbWljIjp0cnVlLCJjb250ZW50IjoicG9zdF9saW5rX3VybF9wYWdlIiwic2V0dGluZ3MiOnsicG9zdF9pZCI6IjE1MyJ9fQ==@\u00bb button_text=\u00bbContacta con nosotros\u00bb _builder_version=\u00bb4.17.3&#8243; _dynamic_attributes=\u00bbbutton_url\u00bb _module_preset=\u00bbdefault\u00bb background_color=\u00bb#01068c\u00bb hover_enabled=\u00bb0&#8243; locked=\u00bboff\u00bb global_colors_info=\u00bb{}\u00bb sticky_enabled=\u00bb0&#8243;]<\/p>\n<p>\u00a1Somos expertos en trabajos verticales y trabajos en altura sin andamios!<\/p>\n<p>[\/et_pb_cta][\/et_pb_column][et_pb_column type=\u00bb1_4&#8243; _builder_version=\u00bb4.16&#8243; custom_padding=\u00bb|||\u00bb global_colors_info=\u00bb{}\u00bb custom_padding__hover=\u00bb|||\u00bb][et_pb_blog posts_number=\u00bb4&#8243; include_categories=\u00bb1&#8243; show_more=\u00bbon\u00bb show_author=\u00bboff\u00bb show_categories=\u00bboff\u00bb show_comments=\u00bbon\u00bb show_pagination=\u00bboff\u00bb _builder_version=\u00bb4.17.3&#8243; hover_enabled=\u00bb0&#8243; use_border_color=\u00bboff\u00bb border_color=\u00bb#ffffff\u00bb border_style=\u00bbsolid\u00bb use_dropshadow=\u00bboff\u00bb global_colors_info=\u00bb{}\u00bb sticky_enabled=\u00bb0&#8243;][\/et_pb_blog][\/et_pb_column][\/et_pb_row][et_pb_row column_structure=\u00bb1_2,1_2&#8243; _builder_version=\u00bb4.17.3&#8243; _module_preset=\u00bbdefault\u00bb global_colors_info=\u00bb{}\u00bb][et_pb_column type=\u00bb1_2&#8243; _builder_version=\u00bb4.17.3&#8243; _module_preset=\u00bbdefault\u00bb global_colors_info=\u00bb{}\u00bb][et_pb_image src=\u00bbhttps:\/\/www.mvertical.es\/wp-content\/uploads\/2015\/08\/goya_despues-500&#215;329.jpg\u00bb alt=\u00bbRehabilitaciones en Tarragona\u00bb title_text=\u00bbRehabilitaciones en Tarragona\u00bb _builder_version=\u00bb4.17.3&#8243; _module_preset=\u00bbdefault\u00bb global_colors_info=\u00bb{}\u00bb][\/et_pb_image][\/et_pb_column][et_pb_column type=\u00bb1_2&#8243; _builder_version=\u00bb4.17.3&#8243; _module_preset=\u00bbdefault\u00bb global_colors_info=\u00bb{}\u00bb][et_pb_image src=\u00bbhttps:\/\/www.mvertical.es\/wp-content\/uploads\/2015\/08\/lesseps2-500&#215;344-1.png\u00bb alt=\u00bbRehabilitaciones en Tarragona\u00bb title_text=\u00bbRehabilitaciones en Tarragona\u00bb _builder_version=\u00bb4.17.3&#8243; _module_preset=\u00bbdefault\u00bb max_width=\u00bb95%\u00bb global_colors_info=\u00bb{}\u00bb][\/et_pb_image][\/et_pb_column][\/et_pb_row][\/et_pb_section]<\/p>","protected":false},"excerpt":{"rendered":"<p>Rehabilitaciones e instalaci\u00f3n de tabiques pluviales en Tarragona &nbsp; Empresa de rehabilitaciones en Tarragona La misi\u00f3n ed nuestra empresa de rehabilitaciones en Tarragona es preservar y realzar el valor hist\u00f3rico, arquitect\u00f3nico y est\u00e9tico de los espacios que trabajamos, al tiempo que adaptamos las estructuras a las necesidades y est\u00e1ndares modernos. Ya sea que se trate [&hellip;]<\/p>","protected":false},"author":1,"featured_media":0,"parent":0,"menu_order":0,"comment_status":"closed","ping_status":"closed","template":"","meta":{"_et_pb_use_builder":"on","_et_pb_old_content":"","_et_gb_content_width":"","footnotes":""},"class_list":["post-814","page","type-page","status-publish","hentry"],"yoast_head":"<!-- This site is optimized with the Yoast SEO plugin v27.2 - https:\/\/yoast.com\/product\/yoast-seo-wordpress\/ -->\n<title>Rehabilitaciones en Tarragona - MVertical trabajos verticales<\/title>\n<meta name=\"description\" content=\"Rehabilitaciones en Tarragona. En MVertical realizamos rehabilitaciones parciales y totales para viviendas y edificios de cualquier altura.\" \/>\n<meta name=\"robots\" content=\"index, follow, max-snippet:-1, max-image-preview:large, max-video-preview:-1\" \/>\n<link rel=\"canonical\" href=\"https:\/\/www.mvertical.es\/ca\/rehabilitaciones-en-tarragona\/\" \/>\n<meta property=\"og:locale\" content=\"ca_ES\" \/>\n<meta property=\"og:type\" content=\"article\" \/>\n<meta property=\"og:title\" content=\"Rehabilitaciones en Tarragona - MVertical trabajos verticales\" \/>\n<meta property=\"og:description\" content=\"Rehabilitaciones en Tarragona. En MVertical realizamos rehabilitaciones parciales y totales para viviendas y edificios de cualquier altura.\" \/>\n<meta property=\"og:url\" content=\"https:\/\/www.mvertical.es\/ca\/rehabilitaciones-en-tarragona\/\" \/>\n<meta property=\"og:site_name\" content=\"MVertical trabajos verticales\" \/>\n<meta property=\"article:modified_time\" content=\"2023-07-20T14:31:51+00:00\" \/>\n<meta property=\"og:image\" content=\"https:\/\/www.mvertical.es\/wp-content\/uploads\/2015\/08\/aguas4-e1439370856637-1-300x225.jpg\" \/>\n<meta name=\"twitter:card\" content=\"summary_large_image\" \/>\n<meta name=\"twitter:label1\" content=\"Temps estimat de lectura\" \/>\n\t<meta name=\"twitter:data1\" content=\"2 minuts\" \/>\n<script type=\"application\/ld+json\" class=\"yoast-schema-graph\">{\"@context\":\"https:\/\/schema.org\",\"@graph\":[{\"@type\":\"WebPage\",\"@id\":\"https:\/\/www.mvertical.es\/rehabilitaciones-en-tarragona\/\",\"url\":\"https:\/\/www.mvertical.es\/rehabilitaciones-en-tarragona\/\",\"name\":\"Rehabilitaciones en Tarragona - MVertical trabajos verticales\",\"isPartOf\":{\"@id\":\"https:\/\/www.mvertical.es\/#website\"},\"primaryImageOfPage\":{\"@id\":\"https:\/\/www.mvertical.es\/rehabilitaciones-en-tarragona\/#primaryimage\"},\"image\":{\"@id\":\"https:\/\/www.mvertical.es\/rehabilitaciones-en-tarragona\/#primaryimage\"},\"thumbnailUrl\":\"https:\/\/www.mvertical.es\/wp-content\/uploads\/2015\/08\/aguas4-e1439370856637-1-300x225.jpg\",\"datePublished\":\"2018-05-07T08:25:10+00:00\",\"dateModified\":\"2023-07-20T14:31:51+00:00\",\"description\":\"Rehabilitaciones en Tarragona. En MVertical realizamos rehabilitaciones parciales y totales para viviendas y edificios de cualquier altura.\",\"breadcrumb\":{\"@id\":\"https:\/\/www.mvertical.es\/rehabilitaciones-en-tarragona\/#breadcrumb\"},\"inLanguage\":\"ca\",\"potentialAction\":[{\"@type\":\"ReadAction\",\"target\":[\"https:\/\/www.mvertical.es\/rehabilitaciones-en-tarragona\/\"]}]},{\"@type\":\"ImageObject\",\"inLanguage\":\"ca\",\"@id\":\"https:\/\/www.mvertical.es\/rehabilitaciones-en-tarragona\/#primaryimage\",\"url\":\"https:\/\/www.mvertical.es\/wp-content\/uploads\/2015\/08\/aguas4-e1439370856637-1-300x225.jpg\",\"contentUrl\":\"https:\/\/www.mvertical.es\/wp-content\/uploads\/2015\/08\/aguas4-e1439370856637-1-300x225.jpg\"},{\"@type\":\"BreadcrumbList\",\"@id\":\"https:\/\/www.mvertical.es\/rehabilitaciones-en-tarragona\/#breadcrumb\",\"itemListElement\":[{\"@type\":\"ListItem\",\"position\":1,\"name\":\"Portada\",\"item\":\"https:\/\/www.mvertical.es\/\"},{\"@type\":\"ListItem\",\"position\":2,\"name\":\"Rehabilitaciones en Tarragona\"}]},{\"@type\":\"WebSite\",\"@id\":\"https:\/\/www.mvertical.es\/#website\",\"url\":\"https:\/\/www.mvertical.es\/\",\"name\":\"MVertical trabajos verticales\",\"description\":\"Trabajos verticales, rehabilitaci\u00f3n de fachadas en Tarragona\",\"potentialAction\":[{\"@type\":\"SearchAction\",\"target\":{\"@type\":\"EntryPoint\",\"urlTemplate\":\"https:\/\/www.mvertical.es\/?s={search_term_string}\"},\"query-input\":{\"@type\":\"PropertyValueSpecification\",\"valueRequired\":true,\"valueName\":\"search_term_string\"}}],\"inLanguage\":\"ca\"}]}<\/script>\n<!-- \/ Yoast SEO plugin. -->","yoast_head_json":{"title":"Rehabilitaciones en Tarragona - MVertical trabajos verticales","description":"Rehabilitaciones en Tarragona. En MVertical realizamos rehabilitaciones parciales y totales para viviendas y edificios de cualquier altura.","robots":{"index":"index","follow":"follow","max-snippet":"max-snippet:-1","max-image-preview":"max-image-preview:large","max-video-preview":"max-video-preview:-1"},"canonical":"https:\/\/www.mvertical.es\/ca\/rehabilitaciones-en-tarragona\/","og_locale":"ca_ES","og_type":"article","og_title":"Rehabilitaciones en Tarragona - MVertical trabajos verticales","og_description":"Rehabilitaciones en Tarragona. En MVertical realizamos rehabilitaciones parciales y totales para viviendas y edificios de cualquier altura.","og_url":"https:\/\/www.mvertical.es\/ca\/rehabilitaciones-en-tarragona\/","og_site_name":"MVertical trabajos verticales","article_modified_time":"2023-07-20T14:31:51+00:00","og_image":[{"url":"https:\/\/www.mvertical.es\/wp-content\/uploads\/2015\/08\/aguas4-e1439370856637-1-300x225.jpg","type":"","width":"","height":""}],"twitter_card":"summary_large_image","twitter_misc":{"Temps estimat de lectura":"2 minuts"},"schema":{"@context":"https:\/\/schema.org","@graph":[{"@type":"WebPage","@id":"https:\/\/www.mvertical.es\/rehabilitaciones-en-tarragona\/","url":"https:\/\/www.mvertical.es\/rehabilitaciones-en-tarragona\/","name":"Rehabilitaciones en Tarragona - MVertical trabajos verticales","isPartOf":{"@id":"https:\/\/www.mvertical.es\/#website"},"primaryImageOfPage":{"@id":"https:\/\/www.mvertical.es\/rehabilitaciones-en-tarragona\/#primaryimage"},"image":{"@id":"https:\/\/www.mvertical.es\/rehabilitaciones-en-tarragona\/#primaryimage"},"thumbnailUrl":"https:\/\/www.mvertical.es\/wp-content\/uploads\/2015\/08\/aguas4-e1439370856637-1-300x225.jpg","datePublished":"2018-05-07T08:25:10+00:00","dateModified":"2023-07-20T14:31:51+00:00","description":"Rehabilitaciones en Tarragona. En MVertical realizamos rehabilitaciones parciales y totales para viviendas y edificios de cualquier altura.","breadcrumb":{"@id":"https:\/\/www.mvertical.es\/rehabilitaciones-en-tarragona\/#breadcrumb"},"inLanguage":"ca","potentialAction":[{"@type":"ReadAction","target":["https:\/\/www.mvertical.es\/rehabilitaciones-en-tarragona\/"]}]},{"@type":"ImageObject","inLanguage":"ca","@id":"https:\/\/www.mvertical.es\/rehabilitaciones-en-tarragona\/#primaryimage","url":"https:\/\/www.mvertical.es\/wp-content\/uploads\/2015\/08\/aguas4-e1439370856637-1-300x225.jpg","contentUrl":"https:\/\/www.mvertical.es\/wp-content\/uploads\/2015\/08\/aguas4-e1439370856637-1-300x225.jpg"},{"@type":"BreadcrumbList","@id":"https:\/\/www.mvertical.es\/rehabilitaciones-en-tarragona\/#breadcrumb","itemListElement":[{"@type":"ListItem","position":1,"name":"Portada","item":"https:\/\/www.mvertical.es\/"},{"@type":"ListItem","position":2,"name":"Rehabilitaciones en Tarragona"}]},{"@type":"WebSite","@id":"https:\/\/www.mvertical.es\/#website","url":"https:\/\/www.mvertical.es\/","name":"MVertical trabajos verticales","description":"Trabajos verticales, rehabilitaci\u00f3n de fachadas en Tarragona","potentialAction":[{"@type":"SearchAction","target":{"@type":"EntryPoint","urlTemplate":"https:\/\/www.mvertical.es\/?s={search_term_string}"},"query-input":{"@type":"PropertyValueSpecification","valueRequired":true,"valueName":"search_term_string"}}],"inLanguage":"ca"}]}},"_links":{"self":[{"href":"https:\/\/www.mvertical.es\/ca\/wp-json\/wp\/v2\/pages\/814","targetHints":{"allow":["GET"]}}],"collection":[{"href":"https:\/\/www.mvertical.es\/ca\/wp-json\/wp\/v2\/pages"}],"about":[{"href":"https:\/\/www.mvertical.es\/ca\/wp-json\/wp\/v2\/types\/page"}],"author":[{"embeddable":true,"href":"https:\/\/www.mvertical.es\/ca\/wp-json\/wp\/v2\/users\/1"}],"replies":[{"embeddable":true,"href":"https:\/\/www.mvertical.es\/ca\/wp-json\/wp\/v2\/comments?post=814"}],"version-history":[{"count":9,"href":"https:\/\/www.mvertical.es\/ca\/wp-json\/wp\/v2\/pages\/814\/revisions"}],"predecessor-version":[{"id":1486,"href":"https:\/\/www.mvertical.es\/ca\/wp-json\/wp\/v2\/pages\/814\/revisions\/1486"}],"wp:attachment":[{"href":"https:\/\/www.mvertical.es\/ca\/wp-json\/wp\/v2\/media?parent=814"}],"curies":[{"name":"wp","href":"https:\/\/api.w.org\/{rel}","templated":true}]}}