{"id":208,"date":"2015-08-13T08:13:11","date_gmt":"2015-08-13T08:13:11","guid":{"rendered":"http:\/\/www.mvertical.es\/?page_id=208"},"modified":"2019-02-19T08:50:59","modified_gmt":"2019-02-19T08:50:59","slug":"galeria-de-fotos","status":"publish","type":"page","link":"https:\/\/www.mvertical.es\/ca\/galeria-de-fotos\/","title":{"rendered":"Galer\u00eda de Fotos"},"content":{"rendered":"<p>[et_pb_section fb_built=\u00bb1&#8243; admin_label=\u00bbsection\u00bb _builder_version=\u00bb3.0.74&#8243; background_color=\u00bb#056699&#8243; custom_padding=\u00bb24px|0px|0px|0px\u00bb][et_pb_row admin_label=\u00bbrow\u00bb _builder_version=\u00bb3.0.47&#8243; background_size=\u00bbinitial\u00bb background_position=\u00bbtop_left\u00bb background_repeat=\u00bbrepeat\u00bb][et_pb_column type=\u00bb4_4&#8243; _builder_version=\u00bb3.0.47&#8243; parallax=\u00bboff\u00bb parallax_method=\u00bbon\u00bb][et_pb_text admin_label=\u00bbTexto\u00bb _builder_version=\u00bb3.17.6&#8243; header_font=\u00bb||||||||\u00bb header_font_size=\u00bb38px\u00bb background_size=\u00bbinitial\u00bb background_position=\u00bbtop_left\u00bb background_repeat=\u00bbrepeat\u00bb]<\/p>\n<h1 style=\"text-align: center;\"><span style=\"color: #ffffff;\">Galer\u00eda de fotos de trabajos verticales en Tarragona<\/span><\/h1>\n<p>[\/et_pb_text][et_pb_text admin_label=\u00bbTexto\u00bb _builder_version=\u00bb3.0.47&#8243; background_size=\u00bbinitial\u00bb background_position=\u00bbtop_left\u00bb background_repeat=\u00bbrepeat\u00bb text_orientation=\u00bbcenter\u00bb module_alignment=\u00bbcenter\u00bb]<\/p>\n<h3 style=\"text-align: center;\"><span style=\"color: #ffffff;\"> Aqu\u00ed podr\u00e1 ver una galer\u00eda de algunos de nuestros trabajos<br \/>\n<\/span><\/h3>\n<p>[\/et_pb_text][\/et_pb_column][\/et_pb_row][\/et_pb_section][et_pb_section fb_built=\u00bb1&#8243; inner_shadow=\u00bbon\u00bb admin_label=\u00bbsection\u00bb _builder_version=\u00bb3.0.47&#8243; parallax=\u00bbon\u00bb custom_padding=\u00bb33px|0px|0px|0px|false|false\u00bb][et_pb_row custom_padding=\u00bb27px|0px|27px|0px\u00bb admin_label=\u00bbrow\u00bb _builder_version=\u00bb3.17.6&#8243; background_size=\u00bbinitial\u00bb background_position=\u00bbtop_left\u00bb background_repeat=\u00bbrepeat\u00bb][et_pb_column type=\u00bb1_5&#8243; _builder_version=\u00bb3.0.47&#8243; parallax=\u00bboff\u00bb parallax_method=\u00bbon\u00bb][\/et_pb_column][et_pb_column type=\u00bb3_5&#8243; _builder_version=\u00bb3.0.47&#8243; parallax=\u00bboff\u00bb parallax_method=\u00bbon\u00bb][et_pb_text _builder_version=\u00bb3.17.6&#8243;]<\/p>\n<h2 style=\"text-align: center;\"><span style=\"font-size: x-large;\"><strong>Fotos trabajos verticales y rehabilitaciones<\/strong><\/span><\/h2>\n<p>[\/et_pb_text][et_pb_gallery gallery_ids=\u00bb955,209,210,952,211,215,216,217,218,219,220&#8243; gallery_orderby=\u00bbrand\u00bb gallery_captions=\u00bb,,,,,,,,,,,\u00bb fullwidth=\u00bbon\u00bb admin_label=\u00bbGaler\u00eda\u00bb _builder_version=\u00bb3.18.8&#8243; auto=\u00bbon\u00bb auto_speed=\u00bb4000&#8243;] [\/et_pb_gallery][et_pb_button button_url=\u00bbhttps:\/\/www.mvertical.es\/galeria-de-trabajos\/\u00bb button_text=\u00bbVer otra galer\u00eda de trabajos\u00bb button_alignment=\u00bbcenter\u00bb admin_label=\u00bbBot\u00f3n\u00bb _builder_version=\u00bb3.16&#8243; button_text_size__hover_enabled=\u00bboff\u00bb button_one_text_size__hover_enabled=\u00bboff\u00bb button_two_text_size__hover_enabled=\u00bboff\u00bb button_text_color__hover_enabled=\u00bboff\u00bb button_one_text_color__hover_enabled=\u00bboff\u00bb button_two_text_color__hover_enabled=\u00bboff\u00bb button_border_width__hover_enabled=\u00bboff\u00bb button_one_border_width__hover_enabled=\u00bboff\u00bb button_two_border_width__hover_enabled=\u00bboff\u00bb button_border_color__hover_enabled=\u00bboff\u00bb button_one_border_color__hover_enabled=\u00bboff\u00bb button_two_border_color__hover_enabled=\u00bboff\u00bb button_border_radius__hover_enabled=\u00bboff\u00bb button_one_border_radius__hover_enabled=\u00bboff\u00bb button_two_border_radius__hover_enabled=\u00bboff\u00bb button_letter_spacing__hover_enabled=\u00bboff\u00bb button_one_letter_spacing__hover_enabled=\u00bboff\u00bb button_two_letter_spacing__hover_enabled=\u00bboff\u00bb button_bg_color__hover_enabled=\u00bboff\u00bb button_one_bg_color__hover_enabled=\u00bboff\u00bb button_two_bg_color__hover_enabled=\u00bboff\u00bb] [\/et_pb_button][\/et_pb_column][et_pb_column type=\u00bb1_5&#8243; _builder_version=\u00bb3.0.47&#8243; parallax=\u00bboff\u00bb parallax_method=\u00bbon\u00bb][\/et_pb_column][\/et_pb_row][et_pb_row _builder_version=\u00bb3.17.6&#8243;][et_pb_column type=\u00bb1_2&#8243; _builder_version=\u00bb3.17.6&#8243; parallax=\u00bboff\u00bb parallax_method=\u00bbon\u00bb][et_pb_image src=\u00bbhttps:\/\/www.mvertical.es\/wp-content\/uploads\/2019\/02\/galeria-fotos-900.jpg\u00bb alt=\u00bbtrabajos MVERTICAL\u00bb title_text=\u00bbtrabajos MVERTICAL\u00bb show_in_lightbox=\u00bbon\u00bb _builder_version=\u00bb3.18.8&#8243;][\/et_pb_image][\/et_pb_column][et_pb_column type=\u00bb1_2&#8243; _builder_version=\u00bb3.17.6&#8243; parallax=\u00bboff\u00bb parallax_method=\u00bbon\u00bb][et_pb_image src=\u00bbhttps:\/\/www.mvertical.es\/wp-content\/uploads\/2019\/02\/galeria-fotos-900-dos.jpg\u00bb alt=\u00bbtrabajos MVERTICAL\u00bb title_text=\u00bbtrabajos MVERTICAL\u00bb show_in_lightbox=\u00bbon\u00bb _builder_version=\u00bb3.18.8&#8243;][\/et_pb_image][\/et_pb_column][\/et_pb_row][\/et_pb_section][et_pb_section fb_built=\u00bb1&#8243; custom_padding_last_edited=\u00bbon|desktop\u00bb admin_label=\u00bbSecci\u00f3n\u00bb _builder_version=\u00bb3.0.74&#8243; background_color=\u00bb#046598&#8243; custom_padding=\u00bb6px|0px|0px|0px\u00bb custom_padding_tablet=\u00bb50px|0|50px|0&#8243; transparent_background=\u00bboff\u00bb global_module=\u00bb502&#8243;][et_pb_row padding_mobile=\u00bboff\u00bb column_padding_mobile=\u00bbon\u00bb admin_label=\u00bbrow\u00bb _builder_version=\u00bb3.0.47&#8243; background_size=\u00bbinitial\u00bb background_position=\u00bbtop_left\u00bb background_repeat=\u00bbrepeat\u00bb][et_pb_column type=\u00bb1_3&#8243; _builder_version=\u00bb3.0.47&#8243; column_padding_mobile=\u00bbon\u00bb parallax=\u00bboff\u00bb parallax_method=\u00bbon\u00bb][et_pb_blurb title=\u00bbLocalizaci\u00f3n\u00bb use_icon=\u00bbon\u00bb font_icon=\u00bb%%249%%\u00bb icon_color=\u00bb#7daad6&#8243; icon_placement=\u00bbleft\u00bb _builder_version=\u00bb3.0.87&#8243; header_font_size=\u00bb26&#8243; body_font_size=\u00bb18&#8243; background_size=\u00bbinitial\u00bb background_position=\u00bbtop_left\u00bb background_repeat=\u00bbrepeat\u00bb text_orientation=\u00bbcenter\u00bb background_layout=\u00bbdark\u00bb use_border_color=\u00bboff\u00bb border_color=\u00bb#ffffff\u00bb border_style=\u00bbsolid\u00bb]<\/p>\n<h3>\u00a0<\/h3>\n<p><span style=\"color: #ffffff;\">Carrer Roca Bruna, 14<\/span><\/p>\n<p><span style=\"color: #ffffff;\">43007 &#8211; Tarragona\u00a0<\/span><\/p>\n<p><span style=\"color: #ffffff;\">(Espa\u00f1a)<\/span><\/p>\n<p><span style=\"color: #ffffff;\"><a style=\"color: #ffffff;\" href=\"mailto:m.vertical@hotmail.com\">m.vertical@hotmail.com<\/a><\/span><\/p>\n<p>[\/et_pb_blurb][\/et_pb_column][et_pb_column type=\u00bb1_3&#8243; _builder_version=\u00bb3.0.47&#8243; column_padding_mobile=\u00bbon\u00bb parallax=\u00bboff\u00bb parallax_method=\u00bbon\u00bb][et_pb_blurb title=\u00bbTel\u00e9fono\u00bb use_icon=\u00bbon\u00bb font_icon=\u00bb%%264%%\u00bb icon_color=\u00bb#7daad6&#8243; icon_placement=\u00bbleft\u00bb _builder_version=\u00bb3.0.87&#8243; header_font_size=\u00bb26&#8243; body_font_size=\u00bb18&#8243; background_size=\u00bbinitial\u00bb background_position=\u00bbtop_left\u00bb background_repeat=\u00bbrepeat\u00bb text_orientation=\u00bbcenter\u00bb background_layout=\u00bbdark\u00bb use_border_color=\u00bboff\u00bb border_color=\u00bb#ffffff\u00bb border_style=\u00bbsolid\u00bb]<\/p>\n<p><span style=\"color: #ffffff;\"><strong>\u00a0<\/strong><\/span><\/p>\n<p><span style=\"color: #ffffff;\"><a style=\"color: #ffffff;\" href=\"tel:\/\/977208435\">977 208 435<\/a><\/span><\/p>\n<p><span style=\"color: #ffffff;\"><a style=\"color: #ffffff;\" href=\"tel:\/\/616655618\">616 655 618<\/a><\/span><\/p>\n<p><span style=\"color: #ffffff;\"><a style=\"color: #ffffff;\" href=\"tel:\/\/636982312\">636 982 312<\/a><\/span><\/p>\n<p>[\/et_pb_blurb][et_pb_blurb title=\u00bbLINKEDIN\u00bb icon_placement=\u00bbleft\u00bb _builder_version=\u00bb3.17.5&#8243; header_font=\u00bb||||||||\u00bb header_font_size=\u00bb26&#8243; body_font=\u00bb||||||||\u00bb body_font_size=\u00bb18&#8243; background_size=\u00bbinitial\u00bb background_position=\u00bbtop_left\u00bb background_repeat=\u00bbrepeat\u00bb text_orientation=\u00bbcenter\u00bb background_layout=\u00bbdark\u00bb use_border_color=\u00bboff\u00bb border_color=\u00bb#ffffff\u00bb border_style=\u00bbsolid\u00bb]<\/p>\n<p><a href=\"https:\/\/www.mvertical.es\/wp-content\/uploads\/2018\/11\/linkedin-png-60.png\"><img decoding=\"async\" data-src=\"https:\/\/www.mvertical.es\/wp-content\/uploads\/2018\/11\/linkedin-png-60.png\" width=\"60\" height=\"60\" alt=\"\" class=\"wp-image-858 alignnone size-full lazyload\" src=\"data:image\/svg+xml;base64,PHN2ZyB3aWR0aD0iMSIgaGVpZ2h0PSIxIiB4bWxucz0iaHR0cDovL3d3dy53My5vcmcvMjAwMC9zdmciPjwvc3ZnPg==\" style=\"--smush-placeholder-width: 60px; --smush-placeholder-aspect-ratio: 60\/60;\" \/><\/a><\/p>\n<p>[\/et_pb_blurb][\/et_pb_column][et_pb_column type=\u00bb1_3&#8243; _builder_version=\u00bb3.0.47&#8243; column_padding_mobile=\u00bbon\u00bb parallax=\u00bboff\u00bb parallax_method=\u00bbon\u00bb][et_pb_blurb title=\u00bbHorario\u00bb use_icon=\u00bbon\u00bb font_icon=\u00bb%%227%%\u00bb icon_color=\u00bb#7daad6&#8243; icon_placement=\u00bbleft\u00bb _builder_version=\u00bb3.0.87&#8243; header_font_size=\u00bb26&#8243; body_font_size=\u00bb18&#8243; background_size=\u00bbinitial\u00bb background_position=\u00bbtop_left\u00bb background_repeat=\u00bbrepeat\u00bb text_orientation=\u00bbcenter\u00bb background_layout=\u00bbdark\u00bb use_border_color=\u00bboff\u00bb border_color=\u00bb#ffffff\u00bb border_style=\u00bbsolid\u00bb]<\/p>\n<p><strong>\u00a0<\/strong><\/p>\n<p><span style=\"color: #ffffff;\">De lunes a viernes:<\/span><\/p>\n<p><span style=\"color: #ffffff;\">De 8:00 a 13:00 y de 15:00 a 20:00<\/span><\/p>\n<p><span style=\"color: #ffffff;\">S\u00e1bados:<\/span><\/p>\n<p><span style=\"color: #ffffff;\">De 9:00 a 13:00<\/span><\/p>\n<p><span style=\"color: #ffffff;\">URGENCIAS LLAMAR AL M\u00d3VIL<\/span><\/p>\n<p>[\/et_pb_blurb][\/et_pb_column][\/et_pb_row][\/et_pb_section]<\/p>","protected":false},"excerpt":{"rendered":"<p>Galer\u00eda de fotos de trabajos verticales en Tarragona Aqu\u00ed podr\u00e1 ver una galer\u00eda de algunos de nuestros trabajos Fotos trabajos verticales y rehabilitaciones \u00a0 Carrer Roca Bruna, 14 43007 &#8211; Tarragona\u00a0 (Espa\u00f1a) m.vertical@hotmail.com\u00a0 977 208 435 616 655 618 636 982 312\u00a0 De lunes a viernes: De 8:00 a 13:00 y de 15:00 a 20:00 [&hellip;]<\/p>","protected":false},"author":1,"featured_media":0,"parent":0,"menu_order":0,"comment_status":"open","ping_status":"closed","template":"","meta":{"_et_pb_use_builder":"on","_et_pb_old_content":"","_et_gb_content_width":"","footnotes":""},"class_list":["post-208","page","type-page","status-publish","hentry"],"yoast_head":"<!-- This site is optimized with the Yoast SEO plugin v27.2 - https:\/\/yoast.com\/product\/yoast-seo-wordpress\/ -->\n<title>Galer\u00eda de fotos de trabajos verticales en Tarragona - Mvertical<\/title>\n<meta name=\"description\" content=\"Mvertical - Galer\u00eda de fotos de trabajos verticales en Tarragona. Somos una empresa dedicada a Trabajos verticales y rehabilitaci\u00f3n de fachadas.\" \/>\n<meta name=\"robots\" content=\"index, follow, max-snippet:-1, max-image-preview:large, max-video-preview:-1\" \/>\n<link rel=\"canonical\" href=\"https:\/\/www.mvertical.es\/ca\/galeria-de-fotos\/\" \/>\n<meta property=\"og:locale\" content=\"ca_ES\" \/>\n<meta property=\"og:type\" content=\"article\" \/>\n<meta property=\"og:title\" content=\"Galer\u00eda de fotos de trabajos verticales en Tarragona - Mvertical\" \/>\n<meta property=\"og:description\" content=\"Mvertical - Galer\u00eda de fotos de trabajos verticales en Tarragona. Somos una empresa dedicada a Trabajos verticales y rehabilitaci\u00f3n de fachadas.\" \/>\n<meta property=\"og:url\" content=\"https:\/\/www.mvertical.es\/ca\/galeria-de-fotos\/\" \/>\n<meta property=\"og:site_name\" content=\"MVertical trabajos verticales\" \/>\n<meta property=\"article:modified_time\" content=\"2019-02-19T08:50:59+00:00\" \/>\n<meta property=\"og:image\" content=\"https:\/\/www.mvertical.es\/wp-content\/uploads\/2018\/11\/linkedin-png-60.png\" \/>\n<meta name=\"twitter:card\" content=\"summary_large_image\" \/>\n<meta name=\"twitter:label1\" content=\"Temps estimat de lectura\" \/>\n\t<meta name=\"twitter:data1\" content=\"4 minuts\" \/>\n<script type=\"application\/ld+json\" class=\"yoast-schema-graph\">{\"@context\":\"https:\/\/schema.org\",\"@graph\":[{\"@type\":\"WebPage\",\"@id\":\"https:\/\/www.mvertical.es\/galeria-de-fotos\/\",\"url\":\"https:\/\/www.mvertical.es\/galeria-de-fotos\/\",\"name\":\"Galer\u00eda de fotos de trabajos verticales en Tarragona - Mvertical\",\"isPartOf\":{\"@id\":\"https:\/\/www.mvertical.es\/#website\"},\"primaryImageOfPage\":{\"@id\":\"https:\/\/www.mvertical.es\/galeria-de-fotos\/#primaryimage\"},\"image\":{\"@id\":\"https:\/\/www.mvertical.es\/galeria-de-fotos\/#primaryimage\"},\"thumbnailUrl\":\"https:\/\/www.mvertical.es\/wp-content\/uploads\/2018\/11\/linkedin-png-60.png\",\"datePublished\":\"2015-08-13T08:13:11+00:00\",\"dateModified\":\"2019-02-19T08:50:59+00:00\",\"description\":\"Mvertical - Galer\u00eda de fotos de trabajos verticales en Tarragona. Somos una empresa dedicada a Trabajos verticales y rehabilitaci\u00f3n de fachadas.\",\"breadcrumb\":{\"@id\":\"https:\/\/www.mvertical.es\/galeria-de-fotos\/#breadcrumb\"},\"inLanguage\":\"ca\",\"potentialAction\":[{\"@type\":\"ReadAction\",\"target\":[\"https:\/\/www.mvertical.es\/galeria-de-fotos\/\"]}]},{\"@type\":\"ImageObject\",\"inLanguage\":\"ca\",\"@id\":\"https:\/\/www.mvertical.es\/galeria-de-fotos\/#primaryimage\",\"url\":\"https:\/\/www.mvertical.es\/wp-content\/uploads\/2018\/11\/linkedin-png-60.png\",\"contentUrl\":\"https:\/\/www.mvertical.es\/wp-content\/uploads\/2018\/11\/linkedin-png-60.png\"},{\"@type\":\"BreadcrumbList\",\"@id\":\"https:\/\/www.mvertical.es\/galeria-de-fotos\/#breadcrumb\",\"itemListElement\":[{\"@type\":\"ListItem\",\"position\":1,\"name\":\"Portada\",\"item\":\"https:\/\/www.mvertical.es\/\"},{\"@type\":\"ListItem\",\"position\":2,\"name\":\"Galer\u00eda de Fotos\"}]},{\"@type\":\"WebSite\",\"@id\":\"https:\/\/www.mvertical.es\/#website\",\"url\":\"https:\/\/www.mvertical.es\/\",\"name\":\"MVertical trabajos verticales\",\"description\":\"Trabajos verticales, rehabilitaci\u00f3n de fachadas en Tarragona\",\"potentialAction\":[{\"@type\":\"SearchAction\",\"target\":{\"@type\":\"EntryPoint\",\"urlTemplate\":\"https:\/\/www.mvertical.es\/?s={search_term_string}\"},\"query-input\":{\"@type\":\"PropertyValueSpecification\",\"valueRequired\":true,\"valueName\":\"search_term_string\"}}],\"inLanguage\":\"ca\"}]}<\/script>\n<!-- \/ Yoast SEO plugin. -->","yoast_head_json":{"title":"Galer\u00eda de fotos de trabajos verticales en Tarragona - Mvertical","description":"Mvertical - Galer\u00eda de fotos de trabajos verticales en Tarragona. Somos una empresa dedicada a Trabajos verticales y rehabilitaci\u00f3n de fachadas.","robots":{"index":"index","follow":"follow","max-snippet":"max-snippet:-1","max-image-preview":"max-image-preview:large","max-video-preview":"max-video-preview:-1"},"canonical":"https:\/\/www.mvertical.es\/ca\/galeria-de-fotos\/","og_locale":"ca_ES","og_type":"article","og_title":"Galer\u00eda de fotos de trabajos verticales en Tarragona - Mvertical","og_description":"Mvertical - Galer\u00eda de fotos de trabajos verticales en Tarragona. Somos una empresa dedicada a Trabajos verticales y rehabilitaci\u00f3n de fachadas.","og_url":"https:\/\/www.mvertical.es\/ca\/galeria-de-fotos\/","og_site_name":"MVertical trabajos verticales","article_modified_time":"2019-02-19T08:50:59+00:00","og_image":[{"url":"https:\/\/www.mvertical.es\/wp-content\/uploads\/2018\/11\/linkedin-png-60.png","type":"","width":"","height":""}],"twitter_card":"summary_large_image","twitter_misc":{"Temps estimat de lectura":"4 minuts"},"schema":{"@context":"https:\/\/schema.org","@graph":[{"@type":"WebPage","@id":"https:\/\/www.mvertical.es\/galeria-de-fotos\/","url":"https:\/\/www.mvertical.es\/galeria-de-fotos\/","name":"Galer\u00eda de fotos de trabajos verticales en Tarragona - Mvertical","isPartOf":{"@id":"https:\/\/www.mvertical.es\/#website"},"primaryImageOfPage":{"@id":"https:\/\/www.mvertical.es\/galeria-de-fotos\/#primaryimage"},"image":{"@id":"https:\/\/www.mvertical.es\/galeria-de-fotos\/#primaryimage"},"thumbnailUrl":"https:\/\/www.mvertical.es\/wp-content\/uploads\/2018\/11\/linkedin-png-60.png","datePublished":"2015-08-13T08:13:11+00:00","dateModified":"2019-02-19T08:50:59+00:00","description":"Mvertical - Galer\u00eda de fotos de trabajos verticales en Tarragona. Somos una empresa dedicada a Trabajos verticales y rehabilitaci\u00f3n de fachadas.","breadcrumb":{"@id":"https:\/\/www.mvertical.es\/galeria-de-fotos\/#breadcrumb"},"inLanguage":"ca","potentialAction":[{"@type":"ReadAction","target":["https:\/\/www.mvertical.es\/galeria-de-fotos\/"]}]},{"@type":"ImageObject","inLanguage":"ca","@id":"https:\/\/www.mvertical.es\/galeria-de-fotos\/#primaryimage","url":"https:\/\/www.mvertical.es\/wp-content\/uploads\/2018\/11\/linkedin-png-60.png","contentUrl":"https:\/\/www.mvertical.es\/wp-content\/uploads\/2018\/11\/linkedin-png-60.png"},{"@type":"BreadcrumbList","@id":"https:\/\/www.mvertical.es\/galeria-de-fotos\/#breadcrumb","itemListElement":[{"@type":"ListItem","position":1,"name":"Portada","item":"https:\/\/www.mvertical.es\/"},{"@type":"ListItem","position":2,"name":"Galer\u00eda de Fotos"}]},{"@type":"WebSite","@id":"https:\/\/www.mvertical.es\/#website","url":"https:\/\/www.mvertical.es\/","name":"MVertical trabajos verticales","description":"Trabajos verticales, rehabilitaci\u00f3n de fachadas en Tarragona","potentialAction":[{"@type":"SearchAction","target":{"@type":"EntryPoint","urlTemplate":"https:\/\/www.mvertical.es\/?s={search_term_string}"},"query-input":{"@type":"PropertyValueSpecification","valueRequired":true,"valueName":"search_term_string"}}],"inLanguage":"ca"}]}},"_links":{"self":[{"href":"https:\/\/www.mvertical.es\/ca\/wp-json\/wp\/v2\/pages\/208","targetHints":{"allow":["GET"]}}],"collection":[{"href":"https:\/\/www.mvertical.es\/ca\/wp-json\/wp\/v2\/pages"}],"about":[{"href":"https:\/\/www.mvertical.es\/ca\/wp-json\/wp\/v2\/types\/page"}],"author":[{"embeddable":true,"href":"https:\/\/www.mvertical.es\/ca\/wp-json\/wp\/v2\/users\/1"}],"replies":[{"embeddable":true,"href":"https:\/\/www.mvertical.es\/ca\/wp-json\/wp\/v2\/comments?post=208"}],"version-history":[{"count":20,"href":"https:\/\/www.mvertical.es\/ca\/wp-json\/wp\/v2\/pages\/208\/revisions"}],"predecessor-version":[{"id":956,"href":"https:\/\/www.mvertical.es\/ca\/wp-json\/wp\/v2\/pages\/208\/revisions\/956"}],"wp:attachment":[{"href":"https:\/\/www.mvertical.es\/ca\/wp-json\/wp\/v2\/media?parent=208"}],"curies":[{"name":"wp","href":"https:\/\/api.w.org\/{rel}","templated":true}]}}