{"id":143,"date":"2015-08-12T09:36:25","date_gmt":"2015-08-12T09:36:25","guid":{"rendered":"http:\/\/www.mvertical.es\/?page_id=143"},"modified":"2019-07-10T09:07:50","modified_gmt":"2019-07-10T09:07:50","slug":"servicios-para-la-industria-en-tarragona","status":"publish","type":"page","link":"https:\/\/www.mvertical.es\/ca\/servicios-para-la-industria-en-tarragona\/","title":{"rendered":"Servicios para la industria en Tarragona"},"content":{"rendered":"<p>[et_pb_section fb_built=\u00bb1&#8243; admin_label=\u00bbsection\u00bb _builder_version=\u00bb3.22.3&#8243; box_shadow_position=\u00bbouter\u00bb transparent_background=\u00bboff\u00bb padding_mobile=\u00bboff\u00bb background_color=\u00bb#0c0000&#8243; custom_padding=\u00bb0px|0px|0px|0px||\u00bb][et_pb_row padding_mobile=\u00bboff\u00bb column_padding_mobile=\u00bbon\u00bb admin_label=\u00bbrow\u00bb module_class=\u00bb et_pb_row_fullwidth\u00bb _builder_version=\u00bb3.22.3&#8243; background_size=\u00bbinitial\u00bb background_position=\u00bbtop_left\u00bb background_repeat=\u00bbrepeat\u00bb width=\u00bb89%\u00bb width_tablet=\u00bb80%\u00bb width_last_edited=\u00bbon|desktop\u00bb max_width=\u00bb89%\u00bb max_width_tablet=\u00bb80%\u00bb max_width_last_edited=\u00bbon|desktop\u00bb make_fullwidth=\u00bbon\u00bb][et_pb_column type=\u00bb4_4&#8243; _builder_version=\u00bb3.0.47&#8243;][et_pb_text admin_label=\u00bbTexto\u00bb _builder_version=\u00bb3.0.87&#8243; box_shadow_position=\u00bbouter\u00bb use_border_color=\u00bboff\u00bb border_style=\u00bbsolid\u00bb text_font=\u00bb|700|||||||\u00bb text_text_color=\u00bb#0da4e5&#8243; header_font=\u00bb|700|||||||\u00bb header_text_color=\u00bb#ffffff\u00bb header_2_font=\u00bb|600|||||||\u00bb header_2_text_color=\u00bb#0da4e5&#8243; background_size=\u00bbinitial\u00bb background_position=\u00bbtop_left\u00bb background_repeat=\u00bbrepeat\u00bb custom_padding=\u00bb0px|||||\u00bb]<\/p>\n<h1 style=\"font-size: 3em; text-align: center;\"><strong>Trabajos verticales aplicados a la industria<\/strong><\/h1>\n<p><strong><\/strong><\/p>\n<h2 style=\"text-align: center;\"><strong>Profesionalidad, seguridad, confianza y vocaci\u00f3n de servicio <\/strong><\/h2>\n<p><strong><\/strong><\/p>\n<p>[\/et_pb_text][\/et_pb_column][\/et_pb_row][\/et_pb_section][et_pb_section fb_built=\u00bb1&#8243; custom_padding_last_edited=\u00bbon|desktop\u00bb admin_label=\u00bbsection\u00bb _builder_version=\u00bb3.22.3&#8243; custom_padding_tablet=\u00bb50px|0|50px|0&#8243; transparent_background=\u00bboff\u00bb padding_mobile=\u00bboff\u00bb][et_pb_row padding_mobile=\u00bboff\u00bb column_padding_mobile=\u00bbon\u00bb admin_label=\u00bbrow\u00bb _builder_version=\u00bb3.22.3&#8243; background_size=\u00bbinitial\u00bb background_position=\u00bbtop_left\u00bb background_repeat=\u00bbrepeat\u00bb][et_pb_column type=\u00bb1_2&#8243; _builder_version=\u00bb3.0.47&#8243;][et_pb_blurb image=\u00bbhttps:\/\/www.mvertical.es\/wp-content\/uploads\/2017\/02\/lineas-de-vida-1-300&#215;225.png\u00bb alt=\u00bbEstudio, proyectos y montaje de sistemas de seguridad\u00bb image_max_width=\u00bbnone\u00bb admin_label=\u00bbAnuncio\u00bb _builder_version=\u00bb3.22.4&#8243; header_font_size=\u00bb26&#8243; body_text_color=\u00bb#000000&#8243; body_font_size=\u00bb16&#8243; background_size=\u00bbinitial\u00bb background_position=\u00bbtop_left\u00bb background_repeat=\u00bbrepeat\u00bb use_border_color=\u00bboff\u00bb border_color=\u00bb#ffffff\u00bb border_width=\u00bb1px\u00bb border_style=\u00bbsolid\u00bb animation_style=\u00bbslide\u00bb animation=\u00bbleft\u00bb]<\/p>\n<h2 style=\"text-align: center;\">Estudio, proyectos y montaje de sistemas de seguridad<\/h2>\n<p style=\"text-align: justify;\">Todos los trabajos en altura implican el peligro de ca\u00edda. MVERTICAL ofrece una serie de soluciones para eliminar este riesgo existente. Nuestros sistemas garantizan la total seguridad de los operarios en sus distintas tareas.<\/p>\n<p> Se realizan <strong>detallados estudios y an\u00e1lisis de cada proyecto de instalaci\u00f3n de sistemas de seguridad<\/strong> para determinar con mejor eficacia el sistema de seguridad adecuada para cada caso. Para cumplir con las normativas vigentes de revisi\u00f3n anual de los sistemas antica\u00eddas ITSA (Inspecci\u00f3n T\u00e9cnica de Sistemas Antica\u00eddas) ofrecemos servicio de mantenimiento implantados por nosotros.<\/p>\n<p style=\"text-align: justify;\">Tenemos a su disposici\u00f3n amplia gama de sistemas de seguridad:<\/p>\n<ul>\n<li style=\"text-align: justify;\">L\u00edneas de vida horizontales.<\/li>\n<li style=\"text-align: justify;\">L\u00edneas de vida verticales.<\/li>\n<li style=\"text-align: justify;\">Escaleras de acceso con plataformas de mantenimiento.<\/li>\n<li style=\"text-align: justify;\">Barandillas de protecci\u00f3n.<\/li>\n<li style=\"text-align: justify;\">Puntos de anclaje.<\/li>\n<\/ul>\n<p>[\/et_pb_blurb][et_pb_image src=\u00bbhttps:\/\/www.mvertical.es\/wp-content\/uploads\/2015\/08\/trabajo-alturas-5.jpg\u00bb alt=\u00bbtrabajos en altura en Tarragona\u00bb title_text=\u00bbTrabajos en altura en Tarragona\u00bb align=\u00bbcenter\u00bb admin_label=\u00bbImagen\u00bb _builder_version=\u00bb3.0.87&#8243; animation_style=\u00bbslide\u00bb animation_direction=\u00bbleft\u00bb animation_duration=\u00bb500ms\u00bb animation_intensity_slide=\u00bb10%\u00bb use_border_color=\u00bboff\u00bb border_color=\u00bb#ffffff\u00bb border_width=\u00bb1px\u00bb border_style=\u00bbsolid\u00bb sticky=\u00bboff\u00bb] [\/et_pb_image][\/et_pb_column][et_pb_column type=\u00bb1_2&#8243; _builder_version=\u00bb3.0.47&#8243;][et_pb_blurb image=\u00bbhttps:\/\/www.mvertical.es\/wp-content\/uploads\/2015\/08\/Pintura-industrial-2.png\u00bb alt=\u00bbLimpieza y pintura industrial en Tarragona\u00bb image_max_width=\u00bbnone\u00bb admin_label=\u00bbAnuncio\u00bb _builder_version=\u00bb3.22.4&#8243; header_font_size=\u00bb26&#8243; body_text_color=\u00bb#000000&#8243; body_font_size=\u00bb16&#8243; background_size=\u00bbinitial\u00bb background_position=\u00bbtop_left\u00bb background_repeat=\u00bbrepeat\u00bb use_border_color=\u00bboff\u00bb border_color=\u00bb#ffffff\u00bb border_width=\u00bb1px\u00bb border_style=\u00bbsolid\u00bb animation_style=\u00bbslide\u00bb animation=\u00bbright\u00bb]<\/p>\n<h2 style=\"text-align: center;\">Limpieza y pintura industrial en Tarragona<\/h2>\n<p style=\"text-align: justify;\">Bas\u00e1ndose en los estudios previos del estado de las superficies a tratar, se determinan tanto los procedimientos m\u00e1s adecuados para la limpieza y preparaci\u00f3n como los productos y recubrimientos m\u00e1s avanzados.<\/p>\n<p style=\"text-align: justify;\">Nos encargamos de regular la pintura interior y exterior de todos los tipos de sustratos, incluyendo toda la gama de metal, madera y pl\u00e1stico. Nuestra experiencia en la pintura industrial nos da el conocimiento para saber qu\u00e9 tipo de capa hay que imprimir, ya sea de pintura anticorrosiva o de pintura antioxidante.<\/p>\n<p style=\"text-align: justify;\">Teniendo en cuenta las necesidades particulares de cada industria, dividimos las aplicaciones de la pintura industrial en varias categor\u00edas, siendo las aplicaciones m\u00e1s comunes los centros de producci\u00f3n, industrias de productos qu\u00edmicos, arquitectura comercial, puentes y autopistas. Para la marina y edificaciones cercanas al mar, es muy recurrente el uso de pintura anticorrosiva y pintura antioxidante, ya que favorece la protecci\u00f3n de las estructuras contra el viento, el agua y la sal marina.<\/p>\n<p style=\"text-align: justify;\">Por \u00faltimo queremos rescatar que la pintura industrial, la pintura anticorrosiva y la pintura antioxidante ayudan determinantemente a mejorar la apariencia y la longevidad de edificaciones e instalaciones de una empresa o industria. Son una adecuada inversi\u00f3n en seguridad y es un trabajo r\u00e1pido de realizar, gracias a su pronto secado. Por lo tanto, este tipo de pinturas adem\u00e1s de ofrecer seguridad, tambi\u00e9n proporcionan un mayor valor est\u00e9tico y una mayor protecci\u00f3n a cualquier clase de instalaciones empresariales.<\/p>\n<p style=\"text-align: justify;\">No dude en ponerse en contacto con nosotros si necesitas servicios de\u00a0pintura industrial en Tarragona.<\/p>\n<p>[\/et_pb_blurb][\/et_pb_column][\/et_pb_row][et_pb_row custom_padding=\u00bb27px|0px|26px|0px\u00bb column_padding_mobile=\u00bbon\u00bb admin_label=\u00bbrow\u00bb _builder_version=\u00bb3.22.3&#8243; background_size=\u00bbinitial\u00bb background_position=\u00bbtop_left\u00bb background_repeat=\u00bbrepeat\u00bb][et_pb_column type=\u00bb1_2&#8243; _builder_version=\u00bb3.0.47&#8243;][et_pb_blurb image=\u00bbhttps:\/\/www.mvertical.es\/wp-content\/uploads\/2015\/08\/estructuras-metalicas-1-300&#215;225.png\u00bb alt=\u00bbMontaje y mantenimiento de estructuras met\u00e1licas\u00bb image_max_width=\u00bbnone\u00bb admin_label=\u00bbAnuncio\u00bb _builder_version=\u00bb3.22.4&#8243; header_font_size=\u00bb26&#8243; body_text_color=\u00bb#000000&#8243; body_font_size=\u00bb16&#8243; background_size=\u00bbinitial\u00bb background_position=\u00bbtop_left\u00bb background_repeat=\u00bbrepeat\u00bb use_border_color=\u00bboff\u00bb border_color=\u00bb#ffffff\u00bb border_width=\u00bb1px\u00bb border_style=\u00bbsolid\u00bb animation_style=\u00bbslide\u00bb animation=\u00bbleft\u00bb]<\/p>\n<h2 style=\"text-align: center;\">Montaje y mantenimiento de estructuras met\u00e1licas<\/h2>\n<p style=\"text-align: justify;\">Disponemos de un equipo de especialistas de soldadura, mec\u00e1nica, montajes de estructuras y tuber\u00edas met\u00e1licas. Con las t\u00e9cnicas de f\u00e1cil acceso que usamos, facilitamos mucho el diagnostico y el mantenimiento de todo tipo de estructuras industriales, met\u00e1licas, tuber\u00edas, hormig\u00f3n.<\/p>\n<p>[\/et_pb_blurb][\/et_pb_column][et_pb_column type=\u00bb1_2&#8243; _builder_version=\u00bb3.0.47&#8243;][et_pb_blurb image=\u00bbhttps:\/\/www.mvertical.es\/wp-content\/uploads\/2018\/01\/montaje-carteles-tarragona.jpg\u00bb alt=\u00bbDise\u00f1o y plantillas de r\u00f3tulos, paneles y carteles publicitarios\u00bb admin_label=\u00bbAnuncio\u00bb _builder_version=\u00bb3.22.4&#8243; header_font_size=\u00bb26&#8243; body_text_color=\u00bb#000000&#8243; body_font_size=\u00bb16&#8243; background_size=\u00bbinitial\u00bb background_position=\u00bbtop_left\u00bb background_repeat=\u00bbrepeat\u00bb use_border_color=\u00bboff\u00bb border_color=\u00bb#ffffff\u00bb border_width=\u00bb1px\u00bb border_style=\u00bbsolid\u00bb animation_style=\u00bbslide\u00bb animation=\u00bbright\u00bb]<\/p>\n<h2 style=\"text-align: center;\">Dise\u00f1o y plantillas de r\u00f3tulos, paneles y carteles publicitarios<\/h2>\n<p style=\"text-align: justify;\">Dise\u00f1amos, elaboramos y montamos <strong>r\u00f3tulos, carteles y elementos publicitarios.<\/strong><\/p>\n<p style=\"text-align: justify;\">Elementos publicitarios de todas las dimensiones y en todas las altura.<\/p>\n<p style=\"text-align: justify;\">\n<p>[\/et_pb_blurb][\/et_pb_column][\/et_pb_row][et_pb_row padding_mobile=\u00bboff\u00bb column_padding_mobile=\u00bbon\u00bb admin_label=\u00bbFila\u00bb _builder_version=\u00bb3.22.3&#8243; background_size=\u00bbinitial\u00bb background_position=\u00bbtop_left\u00bb background_repeat=\u00bbrepeat\u00bb][et_pb_column type=\u00bb4_4&#8243; _builder_version=\u00bb3.0.47&#8243;][et_pb_button button_url=\u00bbhttps:\/\/www.mvertical.es\/servicios-para-la-construccion-en-tarragona\/\u00bb button_text=\u00bbVea tambi\u00e9n nuestros servicios de construcci\u00f3n\u00bb button_alignment=\u00bbcenter\u00bb admin_label=\u00bbBot\u00f3n\u00bb _builder_version=\u00bb3.16&#8243; button_text_size__hover_enabled=\u00bboff\u00bb button_one_text_size__hover_enabled=\u00bboff\u00bb button_two_text_size__hover_enabled=\u00bboff\u00bb button_text_color__hover_enabled=\u00bboff\u00bb button_one_text_color__hover_enabled=\u00bboff\u00bb button_two_text_color__hover_enabled=\u00bboff\u00bb button_border_width__hover_enabled=\u00bboff\u00bb button_one_border_width__hover_enabled=\u00bboff\u00bb button_two_border_width__hover_enabled=\u00bboff\u00bb button_border_color__hover_enabled=\u00bboff\u00bb button_one_border_color__hover_enabled=\u00bboff\u00bb button_two_border_color__hover_enabled=\u00bboff\u00bb button_border_radius__hover_enabled=\u00bboff\u00bb button_one_border_radius__hover_enabled=\u00bboff\u00bb button_two_border_radius__hover_enabled=\u00bboff\u00bb button_letter_spacing__hover_enabled=\u00bboff\u00bb button_one_letter_spacing__hover_enabled=\u00bboff\u00bb button_two_letter_spacing__hover_enabled=\u00bboff\u00bb button_bg_color__hover_enabled=\u00bboff\u00bb button_one_bg_color__hover_enabled=\u00bboff\u00bb button_two_bg_color__hover_enabled=\u00bboff\u00bb] [\/et_pb_button][\/et_pb_column][\/et_pb_row][\/et_pb_section][et_pb_section fb_built=\u00bb1&#8243; custom_padding_last_edited=\u00bbon|desktop\u00bb admin_label=\u00bbSecci\u00f3n\u00bb _builder_version=\u00bb3.0.74&#8243; background_color=\u00bb#046598&#8243; custom_padding=\u00bb6px|0px|0px|0px\u00bb custom_padding_tablet=\u00bb50px|0|50px|0&#8243; transparent_background=\u00bboff\u00bb global_module=\u00bb502&#8243;][et_pb_row padding_mobile=\u00bboff\u00bb column_padding_mobile=\u00bbon\u00bb admin_label=\u00bbrow\u00bb _builder_version=\u00bb3.22.3&#8243; background_size=\u00bbinitial\u00bb background_position=\u00bbtop_left\u00bb background_repeat=\u00bbrepeat\u00bb][et_pb_column type=\u00bb1_3&#8243; _builder_version=\u00bb3.0.47&#8243;][et_pb_blurb title=\u00bbLocalizaci\u00f3n\u00bb use_icon=\u00bbon\u00bb font_icon=\u00bb%%249%%\u00bb icon_color=\u00bb#7daad6&#8243; icon_placement=\u00bbleft\u00bb _builder_version=\u00bb3.0.87&#8243; header_font_size=\u00bb26&#8243; body_font_size=\u00bb18&#8243; background_size=\u00bbinitial\u00bb background_position=\u00bbtop_left\u00bb background_repeat=\u00bbrepeat\u00bb text_orientation=\u00bbcenter\u00bb background_layout=\u00bbdark\u00bb use_border_color=\u00bboff\u00bb border_color=\u00bb#ffffff\u00bb border_style=\u00bbsolid\u00bb]<\/p>\n<h3>\u00a0<\/h3>\n<p><span style=\"color: #ffffff;\">Carrer Roca Bruna, 14<\/span><\/p>\n<p><span style=\"color: #ffffff;\">43007 &#8211; Tarragona\u00a0<\/span><\/p>\n<p><span style=\"color: #ffffff;\">(Espa\u00f1a)<\/span><\/p>\n<p><span style=\"color: #ffffff;\"><a style=\"color: #ffffff;\" href=\"mailto:m.vertical@hotmail.com\">m.vertical@hotmail.com<\/a><\/span><\/p>\n<p>[\/et_pb_blurb][\/et_pb_column][et_pb_column type=\u00bb1_3&#8243; _builder_version=\u00bb3.0.47&#8243;][et_pb_blurb title=\u00bbTel\u00e9fono\u00bb use_icon=\u00bbon\u00bb font_icon=\u00bb%%264%%\u00bb icon_color=\u00bb#7daad6&#8243; icon_placement=\u00bbleft\u00bb _builder_version=\u00bb3.0.87&#8243; header_font_size=\u00bb26&#8243; body_font_size=\u00bb18&#8243; background_size=\u00bbinitial\u00bb background_position=\u00bbtop_left\u00bb background_repeat=\u00bbrepeat\u00bb text_orientation=\u00bbcenter\u00bb background_layout=\u00bbdark\u00bb use_border_color=\u00bboff\u00bb border_color=\u00bb#ffffff\u00bb border_style=\u00bbsolid\u00bb]<\/p>\n<p><span style=\"color: #ffffff;\"><strong>\u00a0<\/strong><\/span><\/p>\n<p><span style=\"color: #ffffff;\"><a style=\"color: #ffffff;\" href=\"tel:\/\/977208435\">977 208 435<\/a><\/span><\/p>\n<p><span style=\"color: #ffffff;\"><a style=\"color: #ffffff;\" href=\"tel:\/\/616655618\">616 655 618<\/a><\/span><\/p>\n<p><span style=\"color: #ffffff;\"><a style=\"color: #ffffff;\" href=\"tel:\/\/636982312\">636 982 312<\/a><\/span><\/p>\n<p>[\/et_pb_blurb][et_pb_blurb title=\u00bbLINKEDIN\u00bb icon_placement=\u00bbleft\u00bb _builder_version=\u00bb3.17.5&#8243; header_font=\u00bb||||||||\u00bb header_font_size=\u00bb26&#8243; body_font=\u00bb||||||||\u00bb body_font_size=\u00bb18&#8243; background_size=\u00bbinitial\u00bb background_position=\u00bbtop_left\u00bb background_repeat=\u00bbrepeat\u00bb text_orientation=\u00bbcenter\u00bb background_layout=\u00bbdark\u00bb use_border_color=\u00bboff\u00bb border_color=\u00bb#ffffff\u00bb border_style=\u00bbsolid\u00bb]<\/p>\n<p><a href=\"https:\/\/www.mvertical.es\/wp-content\/uploads\/2018\/11\/linkedin-png-60.png\"><img decoding=\"async\" data-src=\"https:\/\/www.mvertical.es\/wp-content\/uploads\/2018\/11\/linkedin-png-60.png\" width=\"60\" height=\"60\" alt=\"\" class=\"wp-image-858 alignnone size-full lazyload\" src=\"data:image\/svg+xml;base64,PHN2ZyB3aWR0aD0iMSIgaGVpZ2h0PSIxIiB4bWxucz0iaHR0cDovL3d3dy53My5vcmcvMjAwMC9zdmciPjwvc3ZnPg==\" style=\"--smush-placeholder-width: 60px; --smush-placeholder-aspect-ratio: 60\/60;\" \/><\/a><\/p>\n<p>[\/et_pb_blurb][\/et_pb_column][et_pb_column type=\u00bb1_3&#8243; _builder_version=\u00bb3.0.47&#8243;][et_pb_blurb title=\u00bbHorario\u00bb use_icon=\u00bbon\u00bb font_icon=\u00bb%%227%%\u00bb icon_color=\u00bb#7daad6&#8243; icon_placement=\u00bbleft\u00bb _builder_version=\u00bb3.0.87&#8243; header_font_size=\u00bb26&#8243; body_font_size=\u00bb18&#8243; background_size=\u00bbinitial\u00bb background_position=\u00bbtop_left\u00bb background_repeat=\u00bbrepeat\u00bb text_orientation=\u00bbcenter\u00bb background_layout=\u00bbdark\u00bb use_border_color=\u00bboff\u00bb border_color=\u00bb#ffffff\u00bb border_style=\u00bbsolid\u00bb]<\/p>\n<p><strong>\u00a0<\/strong><\/p>\n<p><span style=\"color: #ffffff;\">De lunes a viernes:<\/span><\/p>\n<p><span style=\"color: #ffffff;\">De 8:00 a 13:00 y de 15:00 a 20:00<\/span><\/p>\n<p><span style=\"color: #ffffff;\">S\u00e1bados:<\/span><\/p>\n<p><span style=\"color: #ffffff;\">De 9:00 a 13:00<\/span><\/p>\n<p><span style=\"color: #ffffff;\">URGENCIAS LLAMAR AL M\u00d3VIL<\/span><\/p>\n<p>[\/et_pb_blurb][\/et_pb_column][\/et_pb_row][\/et_pb_section]<\/p>","protected":false},"excerpt":{"rendered":"<p>Trabajos verticales aplicados a la industria Profesionalidad, seguridad, confianza y vocaci\u00f3n de servicio Estudio, proyectos y montaje de sistemas de seguridad Todos los trabajos en altura implican el peligro de ca\u00edda. MVERTICAL ofrece una serie de soluciones para eliminar este riesgo existente. Nuestros sistemas garantizan la total seguridad de los operarios en sus distintas tareas. [&hellip;]<\/p>","protected":false},"author":1,"featured_media":0,"parent":0,"menu_order":0,"comment_status":"open","ping_status":"closed","template":"","meta":{"_et_pb_use_builder":"on","_et_pb_old_content":"","_et_gb_content_width":"","footnotes":""},"class_list":["post-143","page","type-page","status-publish","hentry"],"yoast_head":"<!-- This site is optimized with the Yoast SEO plugin v27.2 - https:\/\/yoast.com\/product\/yoast-seo-wordpress\/ -->\n<title>Servicios para la industria, pintura industrial en Tarragona - Mvertical<\/title>\n<meta name=\"description\" content=\"Servicios para la industria, pintura industrial en Tarragona. Montaje de sistemas de seguridad, Montaje y mantenimiento de estructuras met\u00e1licas....\" \/>\n<meta name=\"robots\" content=\"index, follow, max-snippet:-1, max-image-preview:large, max-video-preview:-1\" \/>\n<link rel=\"canonical\" href=\"https:\/\/www.mvertical.es\/ca\/servicios-para-la-industria-en-tarragona\/\" \/>\n<meta property=\"og:locale\" content=\"ca_ES\" \/>\n<meta property=\"og:type\" content=\"article\" \/>\n<meta property=\"og:title\" content=\"Servicios para la industria, pintura industrial en Tarragona - Mvertical\" \/>\n<meta property=\"og:description\" content=\"Servicios para la industria, pintura industrial en Tarragona. Montaje de sistemas de seguridad, Montaje y mantenimiento de estructuras met\u00e1licas....\" \/>\n<meta property=\"og:url\" content=\"https:\/\/www.mvertical.es\/ca\/servicios-para-la-industria-en-tarragona\/\" \/>\n<meta property=\"og:site_name\" content=\"MVertical trabajos verticales\" \/>\n<meta property=\"article:modified_time\" content=\"2019-07-10T09:07:50+00:00\" \/>\n<meta property=\"og:image\" content=\"https:\/\/www.mvertical.es\/wp-content\/uploads\/2018\/11\/linkedin-png-60.png\" \/>\n<meta name=\"twitter:card\" content=\"summary_large_image\" \/>\n<meta name=\"twitter:label1\" content=\"Temps estimat de lectura\" \/>\n\t<meta name=\"twitter:data1\" content=\"8 minuts\" \/>\n<script type=\"application\/ld+json\" class=\"yoast-schema-graph\">{\"@context\":\"https:\/\/schema.org\",\"@graph\":[{\"@type\":\"WebPage\",\"@id\":\"https:\/\/www.mvertical.es\/servicios-para-la-industria-en-tarragona\/\",\"url\":\"https:\/\/www.mvertical.es\/servicios-para-la-industria-en-tarragona\/\",\"name\":\"Servicios para la industria, pintura industrial en Tarragona - Mvertical\",\"isPartOf\":{\"@id\":\"https:\/\/www.mvertical.es\/#website\"},\"primaryImageOfPage\":{\"@id\":\"https:\/\/www.mvertical.es\/servicios-para-la-industria-en-tarragona\/#primaryimage\"},\"image\":{\"@id\":\"https:\/\/www.mvertical.es\/servicios-para-la-industria-en-tarragona\/#primaryimage\"},\"thumbnailUrl\":\"https:\/\/www.mvertical.es\/wp-content\/uploads\/2018\/11\/linkedin-png-60.png\",\"datePublished\":\"2015-08-12T09:36:25+00:00\",\"dateModified\":\"2019-07-10T09:07:50+00:00\",\"description\":\"Servicios para la industria, pintura industrial en Tarragona. Montaje de sistemas de seguridad, Montaje y mantenimiento de estructuras met\u00e1licas....\",\"breadcrumb\":{\"@id\":\"https:\/\/www.mvertical.es\/servicios-para-la-industria-en-tarragona\/#breadcrumb\"},\"inLanguage\":\"ca\",\"potentialAction\":[{\"@type\":\"ReadAction\",\"target\":[\"https:\/\/www.mvertical.es\/servicios-para-la-industria-en-tarragona\/\"]}]},{\"@type\":\"ImageObject\",\"inLanguage\":\"ca\",\"@id\":\"https:\/\/www.mvertical.es\/servicios-para-la-industria-en-tarragona\/#primaryimage\",\"url\":\"https:\/\/www.mvertical.es\/wp-content\/uploads\/2018\/11\/linkedin-png-60.png\",\"contentUrl\":\"https:\/\/www.mvertical.es\/wp-content\/uploads\/2018\/11\/linkedin-png-60.png\"},{\"@type\":\"BreadcrumbList\",\"@id\":\"https:\/\/www.mvertical.es\/servicios-para-la-industria-en-tarragona\/#breadcrumb\",\"itemListElement\":[{\"@type\":\"ListItem\",\"position\":1,\"name\":\"Portada\",\"item\":\"https:\/\/www.mvertical.es\/\"},{\"@type\":\"ListItem\",\"position\":2,\"name\":\"Servicios para la industria en Tarragona\"}]},{\"@type\":\"WebSite\",\"@id\":\"https:\/\/www.mvertical.es\/#website\",\"url\":\"https:\/\/www.mvertical.es\/\",\"name\":\"MVertical trabajos verticales\",\"description\":\"Trabajos verticales, rehabilitaci\u00f3n de fachadas en Tarragona\",\"potentialAction\":[{\"@type\":\"SearchAction\",\"target\":{\"@type\":\"EntryPoint\",\"urlTemplate\":\"https:\/\/www.mvertical.es\/?s={search_term_string}\"},\"query-input\":{\"@type\":\"PropertyValueSpecification\",\"valueRequired\":true,\"valueName\":\"search_term_string\"}}],\"inLanguage\":\"ca\"}]}<\/script>\n<!-- \/ Yoast SEO plugin. -->","yoast_head_json":{"title":"Servicios para la industria, pintura industrial en Tarragona - Mvertical","description":"Servicios para la industria, pintura industrial en Tarragona. Montaje de sistemas de seguridad, Montaje y mantenimiento de estructuras met\u00e1licas....","robots":{"index":"index","follow":"follow","max-snippet":"max-snippet:-1","max-image-preview":"max-image-preview:large","max-video-preview":"max-video-preview:-1"},"canonical":"https:\/\/www.mvertical.es\/ca\/servicios-para-la-industria-en-tarragona\/","og_locale":"ca_ES","og_type":"article","og_title":"Servicios para la industria, pintura industrial en Tarragona - Mvertical","og_description":"Servicios para la industria, pintura industrial en Tarragona. Montaje de sistemas de seguridad, Montaje y mantenimiento de estructuras met\u00e1licas....","og_url":"https:\/\/www.mvertical.es\/ca\/servicios-para-la-industria-en-tarragona\/","og_site_name":"MVertical trabajos verticales","article_modified_time":"2019-07-10T09:07:50+00:00","og_image":[{"url":"https:\/\/www.mvertical.es\/wp-content\/uploads\/2018\/11\/linkedin-png-60.png","type":"","width":"","height":""}],"twitter_card":"summary_large_image","twitter_misc":{"Temps estimat de lectura":"8 minuts"},"schema":{"@context":"https:\/\/schema.org","@graph":[{"@type":"WebPage","@id":"https:\/\/www.mvertical.es\/servicios-para-la-industria-en-tarragona\/","url":"https:\/\/www.mvertical.es\/servicios-para-la-industria-en-tarragona\/","name":"Servicios para la industria, pintura industrial en Tarragona - Mvertical","isPartOf":{"@id":"https:\/\/www.mvertical.es\/#website"},"primaryImageOfPage":{"@id":"https:\/\/www.mvertical.es\/servicios-para-la-industria-en-tarragona\/#primaryimage"},"image":{"@id":"https:\/\/www.mvertical.es\/servicios-para-la-industria-en-tarragona\/#primaryimage"},"thumbnailUrl":"https:\/\/www.mvertical.es\/wp-content\/uploads\/2018\/11\/linkedin-png-60.png","datePublished":"2015-08-12T09:36:25+00:00","dateModified":"2019-07-10T09:07:50+00:00","description":"Servicios para la industria, pintura industrial en Tarragona. Montaje de sistemas de seguridad, Montaje y mantenimiento de estructuras met\u00e1licas....","breadcrumb":{"@id":"https:\/\/www.mvertical.es\/servicios-para-la-industria-en-tarragona\/#breadcrumb"},"inLanguage":"ca","potentialAction":[{"@type":"ReadAction","target":["https:\/\/www.mvertical.es\/servicios-para-la-industria-en-tarragona\/"]}]},{"@type":"ImageObject","inLanguage":"ca","@id":"https:\/\/www.mvertical.es\/servicios-para-la-industria-en-tarragona\/#primaryimage","url":"https:\/\/www.mvertical.es\/wp-content\/uploads\/2018\/11\/linkedin-png-60.png","contentUrl":"https:\/\/www.mvertical.es\/wp-content\/uploads\/2018\/11\/linkedin-png-60.png"},{"@type":"BreadcrumbList","@id":"https:\/\/www.mvertical.es\/servicios-para-la-industria-en-tarragona\/#breadcrumb","itemListElement":[{"@type":"ListItem","position":1,"name":"Portada","item":"https:\/\/www.mvertical.es\/"},{"@type":"ListItem","position":2,"name":"Servicios para la industria en Tarragona"}]},{"@type":"WebSite","@id":"https:\/\/www.mvertical.es\/#website","url":"https:\/\/www.mvertical.es\/","name":"MVertical trabajos verticales","description":"Trabajos verticales, rehabilitaci\u00f3n de fachadas en Tarragona","potentialAction":[{"@type":"SearchAction","target":{"@type":"EntryPoint","urlTemplate":"https:\/\/www.mvertical.es\/?s={search_term_string}"},"query-input":{"@type":"PropertyValueSpecification","valueRequired":true,"valueName":"search_term_string"}}],"inLanguage":"ca"}]}},"_links":{"self":[{"href":"https:\/\/www.mvertical.es\/ca\/wp-json\/wp\/v2\/pages\/143","targetHints":{"allow":["GET"]}}],"collection":[{"href":"https:\/\/www.mvertical.es\/ca\/wp-json\/wp\/v2\/pages"}],"about":[{"href":"https:\/\/www.mvertical.es\/ca\/wp-json\/wp\/v2\/types\/page"}],"author":[{"embeddable":true,"href":"https:\/\/www.mvertical.es\/ca\/wp-json\/wp\/v2\/users\/1"}],"replies":[{"embeddable":true,"href":"https:\/\/www.mvertical.es\/ca\/wp-json\/wp\/v2\/comments?post=143"}],"version-history":[{"count":25,"href":"https:\/\/www.mvertical.es\/ca\/wp-json\/wp\/v2\/pages\/143\/revisions"}],"predecessor-version":[{"id":1157,"href":"https:\/\/www.mvertical.es\/ca\/wp-json\/wp\/v2\/pages\/143\/revisions\/1157"}],"wp:attachment":[{"href":"https:\/\/www.mvertical.es\/ca\/wp-json\/wp\/v2\/media?parent=143"}],"curies":[{"name":"wp","href":"https:\/\/api.w.org\/{rel}","templated":true}]}}