{"id":1303,"date":"2020-11-13T12:55:32","date_gmt":"2020-11-13T12:55:32","guid":{"rendered":"https:\/\/www.mvertical.es\/?page_id=1303"},"modified":"2020-11-13T12:55:34","modified_gmt":"2020-11-13T12:55:34","slug":"tabiques-pluviales-tarragona-2","status":"publish","type":"page","link":"https:\/\/www.mvertical.es\/ca\/tabiques-pluviales-tarragona-2\/","title":{"rendered":"Tabiques pluviales Tarragona"},"content":{"rendered":"<blockquote class=\"wp-block-quote is-layout-flow wp-block-quote-is-layout-flow\"><p>En MVertical somos especialistas en la colocaci\u00f3n, reparaci\u00f3n y mantenimiento de tabiques pluviales.<\/p><\/blockquote>\n\n\n\n<h2 class=\"wp-block-heading\">Que es un tabique pluvial?<\/h2>\n\n\n\n<p>El tabique pluvial es un revestimiento de fachada exterior antihumedad de la pared medianera en el cual se incluye en su interior un sistema de aislamiento t\u00e9rmico. El objetivo tras la instalaci\u00f3n de un tabique pluvial es garantizar una impermeabilizaci\u00f3n y el aislamiento de la pared o paredes medianeras laterales exteriores de los edificios, tanto en la obra nueva como en la rehabilitaci\u00f3n de edificios.<\/p>\n\n\n\n<h2 class=\"wp-block-heading\">Cu\u00e1l es su origen?<\/h2>\n\n\n\n<p>El tabique pluvial se origina hace ya m\u00e1s de treinta a\u00f1os a consecuencia de las continuas filtraciones por las paredes medianeras de los edificios.<br>Al principio tan solo se instalaban para solventar las filtraciones de agua pero con el paso de los a\u00f1os el tabique pluvial ha ido evolucionando de tal manera que se han encontrado usos adicionales como mejorar la eficiencia energ\u00e9tica de los edificios y gracias a su variedad de acabados tambi\u00e9n es un elemento decorativo de fachada.<\/p>\n\n\n\n<h2 class=\"wp-block-heading\">Cu\u00e1l es el beneficio de su instalaci\u00f3n?<\/h2>\n\n\n\n<p>Con la instalaci\u00f3n de&nbsp;tabiques pluviales en los edificios se consigue:<\/p>\n\n\n\n<ul class=\"wp-block-list\"><li>Ahorro econ\u00f3mico y energ\u00e9tico: menor gasto y consumo de la calefacci\u00f3n y aire acondicionado.<\/li><li>Sistema decorativo: acabados variados en colores a elegir.<\/li><li>Aislamiento t\u00e9rmico y ac\u00fastico: Aumenta el confort de la vivienda y aumenta el aislamiento ac\u00fastico.<\/li><li>Impermeabilizaci\u00f3n: garantiza la impermeabilizaci\u00f3n de toda la superficie revestida.<\/li><li>Sistema ligero y r\u00e1pido: Evita sistemas de cargas pesadas en&nbsp;los edificios y se instala de forma r\u00e1pida.<\/li><\/ul>\n\n\n\n<blockquote class=\"wp-block-quote is-layout-flow wp-block-quote-is-layout-flow\"><p>Contacte ahora con nosotros sin ning\u00fan compromiso llamando al\u00a0\u00a0tel\u00e9fono 616655618 , al 977208435 o bien mediante el<a href=\"https:\/\/www.mvertical.es\/ca\/contacto-mvertical\/\">\u00a0formulario de contacto<\/a><\/p><\/blockquote>\n\n\n\n<h2 class=\"wp-block-heading\">Qu\u00e9 porcentaje de ahorro energ\u00e9tico tiene la instalaci\u00f3n de tabiques pluviales?<\/h2>\n\n\n\n<p>La instalaci\u00f3n de un tabique pluvial en algunos caso y dependiendo del espesor del aislamiento elegido por el cliente puede llegar al 60% de ahorro energ\u00e9tico en cuanto a fugas de calor del interior hacia el exterior de la vivienda y reducir hasta un 40% la entrada de calor a la vivienda en verano con respecto a edificios que carecen de la instalaci\u00f3n de un tabique pluvial en las paredes medianeras.<\/p>","protected":false},"excerpt":{"rendered":"<p>En MVertical somos especialistas en la colocaci\u00f3n, reparaci\u00f3n y mantenimiento de tabiques pluviales. Que es un tabique pluvial? El tabique pluvial es un revestimiento de fachada exterior antihumedad de la pared medianera en el cual se incluye en su interior un sistema de aislamiento t\u00e9rmico. El objetivo tras la instalaci\u00f3n de un tabique pluvial es [&hellip;]<\/p>","protected":false},"author":1,"featured_media":954,"parent":0,"menu_order":0,"comment_status":"closed","ping_status":"closed","template":"","meta":{"_et_pb_use_builder":"off","_et_pb_old_content":"","_et_gb_content_width":"","footnotes":""},"class_list":["post-1303","page","type-page","status-publish","has-post-thumbnail","hentry"],"yoast_head":"<!-- This site is optimized with the Yoast SEO plugin v27.2 - https:\/\/yoast.com\/product\/yoast-seo-wordpress\/ -->\n<title>Tabiques pluviales Tarragona - MVertical trabajos verticales<\/title>\n<meta name=\"robots\" content=\"index, follow, max-snippet:-1, max-image-preview:large, max-video-preview:-1\" \/>\n<link rel=\"canonical\" href=\"https:\/\/www.mvertical.es\/ca\/tabiques-pluviales-tarragona-2\/\" \/>\n<meta property=\"og:locale\" content=\"ca_ES\" \/>\n<meta property=\"og:type\" content=\"article\" \/>\n<meta property=\"og:title\" content=\"Tabiques pluviales Tarragona - MVertical trabajos verticales\" \/>\n<meta property=\"og:description\" content=\"En MVertical somos especialistas en la colocaci\u00f3n, reparaci\u00f3n y mantenimiento de tabiques pluviales. Que es un tabique pluvial? El tabique pluvial es un revestimiento de fachada exterior antihumedad de la pared medianera en el cual se incluye en su interior un sistema de aislamiento t\u00e9rmico. El objetivo tras la instalaci\u00f3n de un tabique pluvial es [&hellip;]\" \/>\n<meta property=\"og:url\" content=\"https:\/\/www.mvertical.es\/ca\/tabiques-pluviales-tarragona-2\/\" \/>\n<meta property=\"og:site_name\" content=\"MVertical trabajos verticales\" \/>\n<meta property=\"article:modified_time\" content=\"2020-11-13T12:55:34+00:00\" \/>\n<meta property=\"og:image\" content=\"https:\/\/www.mvertical.es\/wp-content\/uploads\/2019\/02\/galeria-fotos-900-dos.jpg\" \/>\n\t<meta property=\"og:image:width\" content=\"736\" \/>\n\t<meta property=\"og:image:height\" content=\"900\" \/>\n\t<meta property=\"og:image:type\" content=\"image\/jpeg\" \/>\n<meta name=\"twitter:card\" content=\"summary_large_image\" \/>\n<meta name=\"twitter:label1\" content=\"Temps estimat de lectura\" \/>\n\t<meta name=\"twitter:data1\" content=\"2 minuts\" \/>\n<script type=\"application\/ld+json\" class=\"yoast-schema-graph\">{\"@context\":\"https:\/\/schema.org\",\"@graph\":[{\"@type\":\"WebPage\",\"@id\":\"https:\/\/www.mvertical.es\/tabiques-pluviales-tarragona-2\/\",\"url\":\"https:\/\/www.mvertical.es\/tabiques-pluviales-tarragona-2\/\",\"name\":\"Tabiques pluviales Tarragona - MVertical trabajos verticales\",\"isPartOf\":{\"@id\":\"https:\/\/www.mvertical.es\/#website\"},\"primaryImageOfPage\":{\"@id\":\"https:\/\/www.mvertical.es\/tabiques-pluviales-tarragona-2\/#primaryimage\"},\"image\":{\"@id\":\"https:\/\/www.mvertical.es\/tabiques-pluviales-tarragona-2\/#primaryimage\"},\"thumbnailUrl\":\"https:\/\/www.mvertical.es\/wp-content\/uploads\/2019\/02\/galeria-fotos-900-dos.jpg\",\"datePublished\":\"2020-11-13T12:55:32+00:00\",\"dateModified\":\"2020-11-13T12:55:34+00:00\",\"breadcrumb\":{\"@id\":\"https:\/\/www.mvertical.es\/tabiques-pluviales-tarragona-2\/#breadcrumb\"},\"inLanguage\":\"ca\",\"potentialAction\":[{\"@type\":\"ReadAction\",\"target\":[\"https:\/\/www.mvertical.es\/tabiques-pluviales-tarragona-2\/\"]}]},{\"@type\":\"ImageObject\",\"inLanguage\":\"ca\",\"@id\":\"https:\/\/www.mvertical.es\/tabiques-pluviales-tarragona-2\/#primaryimage\",\"url\":\"https:\/\/www.mvertical.es\/wp-content\/uploads\/2019\/02\/galeria-fotos-900-dos.jpg\",\"contentUrl\":\"https:\/\/www.mvertical.es\/wp-content\/uploads\/2019\/02\/galeria-fotos-900-dos.jpg\",\"width\":736,\"height\":900,\"caption\":\"trabajos verticales en Tarragona\"},{\"@type\":\"BreadcrumbList\",\"@id\":\"https:\/\/www.mvertical.es\/tabiques-pluviales-tarragona-2\/#breadcrumb\",\"itemListElement\":[{\"@type\":\"ListItem\",\"position\":1,\"name\":\"Portada\",\"item\":\"https:\/\/www.mvertical.es\/\"},{\"@type\":\"ListItem\",\"position\":2,\"name\":\"Tabiques pluviales Tarragona\"}]},{\"@type\":\"WebSite\",\"@id\":\"https:\/\/www.mvertical.es\/#website\",\"url\":\"https:\/\/www.mvertical.es\/\",\"name\":\"MVertical trabajos verticales\",\"description\":\"Trabajos verticales, rehabilitaci\u00f3n de fachadas en Tarragona\",\"potentialAction\":[{\"@type\":\"SearchAction\",\"target\":{\"@type\":\"EntryPoint\",\"urlTemplate\":\"https:\/\/www.mvertical.es\/?s={search_term_string}\"},\"query-input\":{\"@type\":\"PropertyValueSpecification\",\"valueRequired\":true,\"valueName\":\"search_term_string\"}}],\"inLanguage\":\"ca\"}]}<\/script>\n<!-- \/ Yoast SEO plugin. -->","yoast_head_json":{"title":"Tabiques pluviales Tarragona - MVertical trabajos verticales","robots":{"index":"index","follow":"follow","max-snippet":"max-snippet:-1","max-image-preview":"max-image-preview:large","max-video-preview":"max-video-preview:-1"},"canonical":"https:\/\/www.mvertical.es\/ca\/tabiques-pluviales-tarragona-2\/","og_locale":"ca_ES","og_type":"article","og_title":"Tabiques pluviales Tarragona - MVertical trabajos verticales","og_description":"En MVertical somos especialistas en la colocaci\u00f3n, reparaci\u00f3n y mantenimiento de tabiques pluviales. Que es un tabique pluvial? El tabique pluvial es un revestimiento de fachada exterior antihumedad de la pared medianera en el cual se incluye en su interior un sistema de aislamiento t\u00e9rmico. El objetivo tras la instalaci\u00f3n de un tabique pluvial es [&hellip;]","og_url":"https:\/\/www.mvertical.es\/ca\/tabiques-pluviales-tarragona-2\/","og_site_name":"MVertical trabajos verticales","article_modified_time":"2020-11-13T12:55:34+00:00","og_image":[{"width":736,"height":900,"url":"https:\/\/www.mvertical.es\/wp-content\/uploads\/2019\/02\/galeria-fotos-900-dos.jpg","type":"image\/jpeg"}],"twitter_card":"summary_large_image","twitter_misc":{"Temps estimat de lectura":"2 minuts"},"schema":{"@context":"https:\/\/schema.org","@graph":[{"@type":"WebPage","@id":"https:\/\/www.mvertical.es\/tabiques-pluviales-tarragona-2\/","url":"https:\/\/www.mvertical.es\/tabiques-pluviales-tarragona-2\/","name":"Tabiques pluviales Tarragona - MVertical trabajos verticales","isPartOf":{"@id":"https:\/\/www.mvertical.es\/#website"},"primaryImageOfPage":{"@id":"https:\/\/www.mvertical.es\/tabiques-pluviales-tarragona-2\/#primaryimage"},"image":{"@id":"https:\/\/www.mvertical.es\/tabiques-pluviales-tarragona-2\/#primaryimage"},"thumbnailUrl":"https:\/\/www.mvertical.es\/wp-content\/uploads\/2019\/02\/galeria-fotos-900-dos.jpg","datePublished":"2020-11-13T12:55:32+00:00","dateModified":"2020-11-13T12:55:34+00:00","breadcrumb":{"@id":"https:\/\/www.mvertical.es\/tabiques-pluviales-tarragona-2\/#breadcrumb"},"inLanguage":"ca","potentialAction":[{"@type":"ReadAction","target":["https:\/\/www.mvertical.es\/tabiques-pluviales-tarragona-2\/"]}]},{"@type":"ImageObject","inLanguage":"ca","@id":"https:\/\/www.mvertical.es\/tabiques-pluviales-tarragona-2\/#primaryimage","url":"https:\/\/www.mvertical.es\/wp-content\/uploads\/2019\/02\/galeria-fotos-900-dos.jpg","contentUrl":"https:\/\/www.mvertical.es\/wp-content\/uploads\/2019\/02\/galeria-fotos-900-dos.jpg","width":736,"height":900,"caption":"trabajos verticales en Tarragona"},{"@type":"BreadcrumbList","@id":"https:\/\/www.mvertical.es\/tabiques-pluviales-tarragona-2\/#breadcrumb","itemListElement":[{"@type":"ListItem","position":1,"name":"Portada","item":"https:\/\/www.mvertical.es\/"},{"@type":"ListItem","position":2,"name":"Tabiques pluviales Tarragona"}]},{"@type":"WebSite","@id":"https:\/\/www.mvertical.es\/#website","url":"https:\/\/www.mvertical.es\/","name":"MVertical trabajos verticales","description":"Trabajos verticales, rehabilitaci\u00f3n de fachadas en Tarragona","potentialAction":[{"@type":"SearchAction","target":{"@type":"EntryPoint","urlTemplate":"https:\/\/www.mvertical.es\/?s={search_term_string}"},"query-input":{"@type":"PropertyValueSpecification","valueRequired":true,"valueName":"search_term_string"}}],"inLanguage":"ca"}]}},"_links":{"self":[{"href":"https:\/\/www.mvertical.es\/ca\/wp-json\/wp\/v2\/pages\/1303","targetHints":{"allow":["GET"]}}],"collection":[{"href":"https:\/\/www.mvertical.es\/ca\/wp-json\/wp\/v2\/pages"}],"about":[{"href":"https:\/\/www.mvertical.es\/ca\/wp-json\/wp\/v2\/types\/page"}],"author":[{"embeddable":true,"href":"https:\/\/www.mvertical.es\/ca\/wp-json\/wp\/v2\/users\/1"}],"replies":[{"embeddable":true,"href":"https:\/\/www.mvertical.es\/ca\/wp-json\/wp\/v2\/comments?post=1303"}],"version-history":[{"count":1,"href":"https:\/\/www.mvertical.es\/ca\/wp-json\/wp\/v2\/pages\/1303\/revisions"}],"predecessor-version":[{"id":1305,"href":"https:\/\/www.mvertical.es\/ca\/wp-json\/wp\/v2\/pages\/1303\/revisions\/1305"}],"wp:featuredmedia":[{"embeddable":true,"href":"https:\/\/www.mvertical.es\/ca\/wp-json\/wp\/v2\/media\/954"}],"wp:attachment":[{"href":"https:\/\/www.mvertical.es\/ca\/wp-json\/wp\/v2\/media?parent=1303"}],"curies":[{"name":"wp","href":"https:\/\/api.w.org\/{rel}","templated":true}]}}