{"id":1291,"date":"2020-07-28T15:50:34","date_gmt":"2020-07-28T15:50:34","guid":{"rendered":"https:\/\/www.mvertical.es\/?page_id=1291"},"modified":"2023-05-23T10:01:57","modified_gmt":"2023-05-23T10:01:57","slug":"limpieza-de-fachadas-de-ladrillos-tarragona","status":"publish","type":"page","link":"https:\/\/www.mvertical.es\/ca\/limpieza-de-fachadas-de-ladrillos-tarragona\/","title":{"rendered":"Limpieza de fachadas de ladrillos en Tarragona"},"content":{"rendered":"<p>[et_pb_section fb_built=\u00bb1&#8243; admin_label=\u00bbsection\u00bb _builder_version=\u00bb4.16&#8243; global_colors_info=\u00bb{}\u00bb][et_pb_row _builder_version=\u00bb4.16&#8243; custom_padding=\u00bb0px|||||\u00bb locked=\u00bboff\u00bb global_colors_info=\u00bb{}\u00bb][et_pb_column type=\u00bb4_4&#8243; _builder_version=\u00bb4.16&#8243; custom_padding=\u00bb|||\u00bb global_colors_info=\u00bb{}\u00bb custom_padding__hover=\u00bb|||\u00bb][et_pb_text _builder_version=\u00bb4.17.3&#8243; text_font=\u00bb||||||||\u00bb ul_font=\u00bb||||||||\u00bb header_font=\u00bb|700|||||||\u00bb header_text_align=\u00bbcenter\u00bb header_text_color=\u00bb#0da4e5&#8243; background_color=\u00bb#000000&#8243; custom_padding=\u00bb30px||\u00bb hover_enabled=\u00bb0&#8243; global_colors_info=\u00bb{}\u00bb sticky_enabled=\u00bb0&#8243;]<\/p>\n<h1 class=\"entry-title main_title\"><strong>Limpieza de fachadas de ladrillos en Tarragona<\/strong><\/h1>\n<p><strong><\/strong><\/p>\n<p><strong><\/strong><\/p>\n<p>[\/et_pb_text][\/et_pb_column][\/et_pb_row][et_pb_row column_structure=\u00bb3_4,1_4&#8243; _builder_version=\u00bb4.16&#8243; background_size=\u00bbinitial\u00bb background_position=\u00bbtop_left\u00bb background_repeat=\u00bbrepeat\u00bb locked=\u00bboff\u00bb global_colors_info=\u00bb{}\u00bb][et_pb_column type=\u00bb3_4&#8243; _builder_version=\u00bb4.16&#8243; custom_padding=\u00bb|||\u00bb global_colors_info=\u00bb{}\u00bb custom_padding__hover=\u00bb|||\u00bb][et_pb_text _builder_version=\u00bb4.17.3&#8243; text_font_size=\u00bb16px\u00bb header_font=\u00bb|600||on|||||\u00bb header_text_align=\u00bbcenter\u00bb header_font_size=\u00bb28px\u00bb background_size=\u00bbinitial\u00bb background_position=\u00bbtop_left\u00bb background_repeat=\u00bbrepeat\u00bb hover_enabled=\u00bb0&#8243; use_border_color=\u00bboff\u00bb global_colors_info=\u00bb{}\u00bb sticky_enabled=\u00bb0&#8243;]<\/p>\n<h2 class=\"entry-title main_title\"><strong>Empresa de limpieza de fachadas de ladrillos en Tarragona<\/strong><\/h2>\n<div class=\"entry-content\">\n<p>En las fachadas de ladrillos, todas las manchas causadas por el paso del tiempo y del clima, pueden ser solucionadas utilizando distintos productos de limpieza.<\/p>\n<p>Este problema tambi\u00e9n se puede solucionar con la aplicaci\u00f3n de tratamientos hidr\u00f3fugos, para as\u00ed evitar la absorci\u00f3n del agua y poder garantizar la durabilidad del tratamiento aplicado.<\/p>\n<p>Las Fachadas de Ladrillos, a cara vista, son una opci\u00f3n llamativa para nuestros diferentes proyectos de construcci\u00f3n.<\/p>\n<p>Sin embargo, con el paso del tiempo pueden perder su esplendor, a causa del deterioro producido por el clima y por la contaminaci\u00f3n.<\/p>\n<p>De esta manera, pueden aparecer diferentes manchas y perder el color original, dependiendo de la calidad de los ladrillos y de los morteros que se hayan utilizado en su construcci\u00f3n.<\/p>\n<p>Al tratarse de materiales porosos, el agua de la lluvia puede penetrarlos y arrastrar diferentes sustancias da\u00f1inas por la superficie del muro o de la pared.<\/p>\n<p>Para evitar que estos da\u00f1os se presenten, podemos recurrir a los llamados productos hidr\u00f3fugos.<\/p>\n<p>Estos productos especiales tambi\u00e9n pueden ayudar a reparar algunas de las marcas que la meteorolog\u00eda ya dej\u00f3 en el frente de nuestras fachadas.<\/p>\n<p>En primer lugar, para limpiar el muro o la pared podemos recurrir a gran cantidad de productos especializados.<\/p>\n<p>Como este tipo de productos especiales generalmente vienen en dosis concentradas, antes de usarlos, debemos rebajarlos con agua.<\/p>\n<p>Todo este procedimiento debemos hacerlo siempre seg\u00fan las especificaciones de cada marca, y teniendo en cuenta las indicaciones sobre su rendimiento por metro cuadrado.<\/p>\n<p>Las aplicaciones de estos productos especiales deben realizarse cuidadosamente, dado que gran parte de estas sustancias especializadas contienen \u00e1cidos en estado puro, que pueden quemar la piel o irritar las v\u00edas respiratorias.<\/p>\n<p>De esta manera, siempre se recomienda utilizar protecci\u00f3n para las manos, para el rostro y para el cuerpo.<\/p>\n<p>Tambi\u00e9n se puede recurrir a un pulverizador, ya que as\u00ed se conseguir\u00e1 un mejor rendimiento, pero hay que aplicarlo suavemente para que no derrame l\u00edquido.<\/p>\n<p>Luego de este paso, tendremos que pasar un cepillo grueso de nylon siguiendo la l\u00ednea de ladrillos, es decir, horizontalmente.<\/p>\n<p>A continuaci\u00f3n, dejamos reposar unos instantes el producto y despu\u00e9s lo enjuagamos con abundantemente agua limpia a presi\u00f3n, al tiempo que se frota nuevamente con el cepillo grueso de nylon.<\/p>\n<p>Este procedimiento lo debemos repetir las veces que sean necesarias, para poder sacar todas las manchas del muro o de la pared.<\/p>\n<p>En definitiva, para lograr una fachada limpia, aplicaremos los productos hidr\u00f3fugos que impermeabilizar\u00e1n el muro o la pared, evitando a su vez la absorci\u00f3n del agua.<\/p>\n<p>Este tipo de qu\u00edmicos no aportan ni quitan brillo o color, como s\u00ed lo har\u00edan los barnices o las resinas, puesto que solamente crean una fina pel\u00edcula que hace de barrera pritectira ante el paso de la humedad.<\/p>\n<p>Para aplicarlo usaremos un rodillo de lana, pero tambi\u00e9n debemos tomar las precauciones necesarias con respecto a los ojos y a la piel, ya que los vapores que emiten son altamente t\u00f3xicos.<\/p>\n<p>En su aplicaci\u00f3n debemos darle dos capas, dejando pasar 10 minutos entre la primera capa y la segunda capa, aplic\u00e1ndolo siempre de abajo hacia arriba.<\/p>\n<p>Al igual que el limpiador, podemos utilizar un pulverizador a poca presi\u00f3n. De esta manera, evitaremos el deterioro de nuestra fachada de ladrillo con cara vista.<\/p>\n<p>Igualmente, el cuidado constante es fundamental para que el resultado final sea duradero y no debamos repetir el proceso nuevamente en el corto o mediano plazo.<\/p>\n<p>En MVertical somos especialistas en la ejecuci\u00f3n de trabajos verticales de alta presi\u00f3n, realizados por profesionales altamente cualificados en el \u00e1rea.<\/p>\n<p>Nuestra gran experiencia nos permite ofrecer servicios de excelente calidad, al mejor precio del mercado.<\/p>\n<p>Para cualquier reforma o trabajo que necesites, solicita tu presupuesto, sin ning\u00fan compromiso, para que puedas tomar tu mejor decisi\u00f3n.<\/p>\n<p>Ponte en contacto con nosotros y te brindaremos el mejor presupuesto para la ejecuci\u00f3n de tus proyectos.<\/p>\n<\/div>\n<p>[\/et_pb_text][et_pb_image src=\u00bbhttps:\/\/www.mvertical.es\/wp-content\/uploads\/2016\/09\/260720161850.jpg\u00bb alt=\u00bbLimpieza de fachadas de ladrillos en Tarragona\u00bb title_text=\u00bbLimpieza de fachadas de ladrillos en Tarragona\u00bb align=\u00bbcenter\u00bb _builder_version=\u00bb4.17.3&#8243; _module_preset=\u00bbdefault\u00bb hover_enabled=\u00bb0&#8243; global_colors_info=\u00bb{}\u00bb sticky_enabled=\u00bb0&#8243;][\/et_pb_image][et_pb_text _builder_version=\u00bb4.17.3&#8243; text_font_size=\u00bb16px\u00bb background_size=\u00bbinitial\u00bb background_position=\u00bbtop_left\u00bb background_repeat=\u00bbrepeat\u00bb hover_enabled=\u00bb0&#8243; global_colors_info=\u00bb{}\u00bb sticky_enabled=\u00bb0&#8243;]<\/p>\n<p><!-- divi:heading --><\/p>\n<h2 style=\"text-align: left;\"><strong>Contrata el mejor servicio de limpieza de fachadas de ladrillos en Tarragona<\/strong><\/h2>\n<div class=\"group w-full text-gray-800 dark:text-gray-100 border-b border-black\/10 dark:border-gray-900\/50 bg-gray-50 dark:bg-[#444654]\">\n<div class=\"flex p-4 gap-4 text-base md:gap-6 md:max-w-2xl lg:max-w-xl xl:max-w-3xl md:py-6 lg:px-0 m-auto\">\n<div class=\"relative flex w-[calc(100%-50px)] flex-col gap-1 md:gap-3 lg:w-[calc(100%-115px)]\">\n<div class=\"flex flex-grow flex-col gap-3\">\n<div class=\"min-h-[20px] flex flex-col items-start gap-4 whitespace-pre-wrap break-words\">\n<div class=\"markdown prose w-full break-words dark:prose-invert dark\">\n<p>\u00a1En MVertical somos expertos en la limpieza de fachadas de ladrillos en Tarragona! Si est\u00e1s buscando revitalizar y restaurar el aspecto de tu edificio, nuestro equipo de profesionales altamente capacitados est\u00e1 listo para ayudarte. Utilizamos t\u00e9cnicas y productos de limpieza de vanguardia para eliminar eficazmente la suciedad, el moho, los dep\u00f3sitos de polvo y otras manchas no deseadas de tus fachadas de ladrillos, devolvi\u00e9ndoles su belleza original. Ya sea que necesites una limpieza puntual o un mantenimiento regular, estamos comprometidos a brindarte un servicio de calidad y resultados sobresalientes. Ponte en contacto con nosotros hoy mismo para programar una consulta gratuita y obtener un presupuesto personalizado.<\/p>\n<\/div>\n<\/div>\n<\/div>\n<\/div>\n<\/div>\n<\/div>\n<p>[\/et_pb_text][\/et_pb_column][et_pb_column type=\u00bb1_4&#8243; _builder_version=\u00bb4.16&#8243; custom_padding=\u00bb|||\u00bb global_colors_info=\u00bb{}\u00bb custom_padding__hover=\u00bb|||\u00bb][et_pb_blog posts_number=\u00bb4&#8243; _builder_version=\u00bb4.17.3&#8243; hover_enabled=\u00bb0&#8243; global_colors_info=\u00bb{}\u00bb sticky_enabled=\u00bb0&#8243;][\/et_pb_blog][\/et_pb_column][\/et_pb_row][et_pb_row column_structure=\u00bb1_2,1_2&#8243; _builder_version=\u00bb4.17.3&#8243; _module_preset=\u00bbdefault\u00bb global_colors_info=\u00bb{}\u00bb][et_pb_column type=\u00bb1_2&#8243; _builder_version=\u00bb4.17.3&#8243; _module_preset=\u00bbdefault\u00bb global_colors_info=\u00bb{}\u00bb][et_pb_image src=\u00bbhttps:\/\/www.mvertical.es\/wp-content\/uploads\/2015\/08\/montroig7-1.jpg\u00bb _builder_version=\u00bb4.17.3&#8243; _module_preset=\u00bbdefault\u00bb hover_enabled=\u00bb0&#8243; global_colors_info=\u00bb{}\u00bb sticky_enabled=\u00bb0&#8243;][\/et_pb_image][\/et_pb_column][et_pb_column type=\u00bb1_2&#8243; _builder_version=\u00bb4.17.3&#8243; _module_preset=\u00bbdefault\u00bb global_colors_info=\u00bb{}\u00bb][et_pb_image src=\u00bbhttps:\/\/www.mvertical.es\/wp-content\/uploads\/2015\/08\/aguas11.jpg\u00bb alt=\u00bbLimpieza de fachadas de ladrillos en Tarragona\u00bb title_text=\u00bbLimpieza de fachadas de ladrillos en Tarragona\u00bb _builder_version=\u00bb4.17.3&#8243; _module_preset=\u00bbdefault\u00bb hover_enabled=\u00bb0&#8243; global_colors_info=\u00bb{}\u00bb sticky_enabled=\u00bb0&#8243;][\/et_pb_image][\/et_pb_column][\/et_pb_row][\/et_pb_section]<\/p>","protected":false},"excerpt":{"rendered":"<p>Limpieza de fachadas de ladrillos en Tarragona Empresa de limpieza de fachadas de ladrillos en Tarragona En las fachadas de ladrillos, todas las manchas causadas por el paso del tiempo y del clima, pueden ser solucionadas utilizando distintos productos de limpieza. Este problema tambi\u00e9n se puede solucionar con la aplicaci\u00f3n de tratamientos hidr\u00f3fugos, para as\u00ed [&hellip;]<\/p>","protected":false},"author":1,"featured_media":163,"parent":0,"menu_order":0,"comment_status":"closed","ping_status":"closed","template":"","meta":{"_et_pb_use_builder":"on","_et_pb_old_content":"<!-- wp:paragraph -->\r\n<p>En las Fachadas de Ladrillos, todas las manchas causadas por el paso del tiempo y del clima, pueden ser solucionadas utilizando distintos productos de limpieza.<\/p>\r\n<!-- \/wp:paragraph --><!-- wp:paragraph -->\r\n<p>Este problema tambi\u00e9n se puede solucionar con la aplicaci\u00f3n de tratamientos hidr\u00f3fugos, para as\u00ed evitar la absorci\u00f3n del agua y poder garantizar la durabilidad del tratamiento aplicado.<\/p>\r\n<!-- \/wp:paragraph --><!-- wp:paragraph -->\r\n<p>Las Fachadas de Ladrillos, a cara vista, son una opci\u00f3n llamativa para nuestros diferentes proyectos de construcci\u00f3n.<\/p>\r\n<!-- \/wp:paragraph --><!-- wp:paragraph -->\r\n<p>Sin embargo, con el paso del tiempo pueden perder su esplendor, a causa del deterioro producido por el clima y por la contaminaci\u00f3n.<\/p>\r\n<!-- \/wp:paragraph --><!-- wp:paragraph -->\r\n<p>De esta manera, pueden aparecer diferentes manchas y perder el color original, dependiendo de la calidad de los ladrillos y de los morteros que se hayan utilizado en su construcci\u00f3n.<\/p>\r\n<!-- \/wp:paragraph --><!-- wp:paragraph -->\r\n<p>Al tratarse de materiales porosos, el agua de la lluvia puede penetrarlos y arrastrar diferentes sustancias da\u00f1inas por la superficie del muro o de la pared.<\/p>\r\n<!-- \/wp:paragraph --><!-- wp:paragraph -->\r\n<p>Para evitar que estos da\u00f1os se presenten, podemos recurrir a los llamados productos hidr\u00f3fugos.<\/p>\r\n<!-- \/wp:paragraph --><!-- wp:paragraph -->\r\n<p>Estos productos especiales tambi\u00e9n pueden ayudar a reparar algunas de las marcas que la meteorolog\u00eda ya dej\u00f3 en el frente de nuestras fachadas.<\/p>\r\n<!-- \/wp:paragraph --><!-- wp:paragraph -->\r\n<p>En primer lugar, para limpiar el muro o la pared podemos recurrir a gran cantidad de productos especializados.<\/p>\r\n<!-- \/wp:paragraph --><!-- wp:paragraph -->\r\n<p>Como este tipo de productos especiales generalmente vienen en dosis concentradas, antes de usarlos, debemos rebajarlos con agua.<\/p>\r\n<!-- \/wp:paragraph --><!-- wp:paragraph -->\r\n<p>Todo este procedimiento debemos hacerlo siempre seg\u00fan las especificaciones de cada marca, y teniendo en cuenta las indicaciones sobre su rendimiento por metro cuadrado.<\/p>\r\n<!-- \/wp:paragraph --><!-- wp:paragraph -->\r\n<p>Las aplicaciones de estos productos especiales deben realizarse cuidadosamente, dado que gran parte de estas sustancias especializadas contienen \u00e1cidos en estado puro, que pueden quemar la piel o irritar las v\u00edas respiratorias.<\/p>\r\n<!-- \/wp:paragraph --><!-- wp:paragraph -->\r\n<p>De esta manera, siempre se recomienda utilizar protecci\u00f3n para las manos, para el rostro y para el cuerpo.<\/p>\r\n<!-- \/wp:paragraph --><!-- wp:paragraph -->\r\n<p>Tambi\u00e9n se puede recurrir a un pulverizador, ya que as\u00ed se conseguir\u00e1 un mejor rendimiento, pero hay que aplicarlo suavemente para que no derrame l\u00edquido.<\/p>\r\n<!-- \/wp:paragraph --><!-- wp:paragraph -->\r\n<p>Luego de este paso, tendremos que pasar un cepillo grueso de nylon siguiendo la l\u00ednea de ladrillos, es decir, horizontalmente.<\/p>\r\n<!-- \/wp:paragraph --><!-- wp:paragraph -->\r\n<p>A continuaci\u00f3n, dejamos reposar unos instantes el producto y despu\u00e9s lo enjuagamos con abundantemente agua limpia a presi\u00f3n, al tiempo que se frota nuevamente con el cepillo grueso de nylon.<\/p>\r\n<!-- \/wp:paragraph --><!-- wp:paragraph -->\r\n<p>Este procedimiento lo debemos repetir las veces que sean necesarias, para poder sacar todas las manchas del muro o de la pared.<\/p>\r\n<!-- \/wp:paragraph --><!-- wp:paragraph -->\r\n<p>En definitiva, para lograr una fachada limpia, aplicaremos los productos hidr\u00f3fugos que impermeabilizar\u00e1n el muro o la pared, evitando a su vez la absorci\u00f3n del agua.<\/p>\r\n<!-- \/wp:paragraph --><!-- wp:paragraph -->\r\n<p>Este tipo de qu\u00edmicos no aportan ni quitan brillo o color, como s\u00ed lo har\u00edan los barnices o las resinas, puesto que solamente crean una fina pel\u00edcula que hace de barrera pritectira ante el paso de la humedad.<\/p>\r\n<!-- \/wp:paragraph --><!-- wp:paragraph -->\r\n<p>Para aplicarlo usaremos un rodillo de lana, pero tambi\u00e9n debemos tomar las precauciones necesarias con respecto a los ojos y a la piel, ya que los vapores que emiten son altamente t\u00f3xicos.<\/p>\r\n<!-- \/wp:paragraph --><!-- wp:paragraph -->\r\n<p>En su aplicaci\u00f3n debemos darle dos capas, dejando pasar 10 minutos entre la primera capa y la segunda capa, aplic\u00e1ndolo siempre de abajo hacia arriba.<\/p>\r\n<!-- \/wp:paragraph --><!-- wp:paragraph -->\r\n<p>Al igual que el limpiador, podemos utilizar un pulverizador a poca presi\u00f3n. De esta manera, evitaremos el deterioro de nuestra fachada de ladrillo con cara vista.<\/p>\r\n<!-- \/wp:paragraph --><!-- wp:paragraph -->\r\n<p>Igualmente, el cuidado constante es fundamental para que el resultado final sea duradero y no debamos repetir el proceso nuevamente en el corto o mediano plazo.<\/p>\r\n<!-- \/wp:paragraph --><!-- wp:paragraph -->\r\n<p>En MVertical somos especialistas en la ejecuci\u00f3n de trabajos verticales de alta presi\u00f3n, realizados por profesionales altamente cualificados en el \u00e1rea.<\/p>\r\n<!-- \/wp:paragraph --><!-- wp:paragraph -->\r\n<p>Nuestra gran experiencia nos permite ofrecer servicios de excelente calidad, al mejor precio del mercado.<\/p>\r\n<!-- \/wp:paragraph --><!-- wp:paragraph -->\r\n<p>Para cualquier reforma o trabajo que necesites, solicita tu presupuesto, sin ning\u00fan compromiso, para que puedas tomar tu mejor decisi\u00f3n.<\/p>\r\n<!-- \/wp:paragraph --><!-- wp:paragraph -->\r\n<p>Ponte en contacto con nosotros y te brindaremos el mejor presupuesto para la ejecuci\u00f3n de tus proyectos.<\/p>\r\n<!-- \/wp:paragraph --><!-- wp:pullquote -->\r\n<figure class=\"wp-block-pullquote\">\r\n<blockquote>\r\n<p><strong>CONTACTANOS<\/strong><\/p>\r\n<\/blockquote>\r\n<\/figure>\r\n<!-- \/wp:pullquote -->","_et_gb_content_width":"","footnotes":""},"class_list":["post-1291","page","type-page","status-publish","has-post-thumbnail","hentry"],"yoast_head":"<!-- This site is optimized with the Yoast SEO plugin v27.2 - https:\/\/yoast.com\/product\/yoast-seo-wordpress\/ -->\n<title>Limpieza de fachadas de ladrillos en Tarragona - MVertical<\/title>\n<meta name=\"description\" content=\"En MVertical somos expertos en la limpieza de fachadas de ladrillos en Tarragona y sus alrededores. \u00a1Llama para m\u00e1s informaci\u00f3n!\" \/>\n<meta name=\"robots\" content=\"index, follow, max-snippet:-1, max-image-preview:large, max-video-preview:-1\" \/>\n<link rel=\"canonical\" href=\"https:\/\/www.mvertical.es\/ca\/limpieza-de-fachadas-de-ladrillos-tarragona\/\" \/>\n<meta property=\"og:locale\" content=\"ca_ES\" \/>\n<meta property=\"og:type\" content=\"article\" \/>\n<meta property=\"og:title\" content=\"Limpieza de fachadas de ladrillos en Tarragona - MVertical\" \/>\n<meta property=\"og:description\" content=\"En MVertical somos expertos en la limpieza de fachadas de ladrillos en Tarragona y sus alrededores. \u00a1Llama para m\u00e1s informaci\u00f3n!\" \/>\n<meta property=\"og:url\" content=\"https:\/\/www.mvertical.es\/ca\/limpieza-de-fachadas-de-ladrillos-tarragona\/\" \/>\n<meta property=\"og:site_name\" content=\"MVertical trabajos verticales\" \/>\n<meta property=\"article:modified_time\" content=\"2023-05-23T10:01:57+00:00\" \/>\n<meta property=\"og:image\" content=\"https:\/\/www.mvertical.es\/wp-content\/uploads\/2015\/08\/aguas1.jpg\" \/>\n\t<meta property=\"og:image:width\" content=\"500\" \/>\n\t<meta property=\"og:image:height\" content=\"375\" \/>\n\t<meta property=\"og:image:type\" content=\"image\/jpeg\" \/>\n<meta name=\"twitter:card\" content=\"summary_large_image\" \/>\n<meta name=\"twitter:label1\" content=\"Temps estimat de lectura\" \/>\n\t<meta name=\"twitter:data1\" content=\"3 minuts\" \/>\n<script type=\"application\/ld+json\" class=\"yoast-schema-graph\">{\"@context\":\"https:\/\/schema.org\",\"@graph\":[{\"@type\":\"WebPage\",\"@id\":\"https:\/\/www.mvertical.es\/limpieza-de-fachadas-de-ladrillos-tarragona\/\",\"url\":\"https:\/\/www.mvertical.es\/limpieza-de-fachadas-de-ladrillos-tarragona\/\",\"name\":\"Limpieza de fachadas de ladrillos en Tarragona - MVertical\",\"isPartOf\":{\"@id\":\"https:\/\/www.mvertical.es\/#website\"},\"primaryImageOfPage\":{\"@id\":\"https:\/\/www.mvertical.es\/limpieza-de-fachadas-de-ladrillos-tarragona\/#primaryimage\"},\"image\":{\"@id\":\"https:\/\/www.mvertical.es\/limpieza-de-fachadas-de-ladrillos-tarragona\/#primaryimage\"},\"thumbnailUrl\":\"https:\/\/www.mvertical.es\/wp-content\/uploads\/2015\/08\/aguas1.jpg\",\"datePublished\":\"2020-07-28T15:50:34+00:00\",\"dateModified\":\"2023-05-23T10:01:57+00:00\",\"description\":\"En MVertical somos expertos en la limpieza de fachadas de ladrillos en Tarragona y sus alrededores. \u00a1Llama para m\u00e1s informaci\u00f3n!\",\"breadcrumb\":{\"@id\":\"https:\/\/www.mvertical.es\/limpieza-de-fachadas-de-ladrillos-tarragona\/#breadcrumb\"},\"inLanguage\":\"ca\",\"potentialAction\":[{\"@type\":\"ReadAction\",\"target\":[\"https:\/\/www.mvertical.es\/limpieza-de-fachadas-de-ladrillos-tarragona\/\"]}]},{\"@type\":\"ImageObject\",\"inLanguage\":\"ca\",\"@id\":\"https:\/\/www.mvertical.es\/limpieza-de-fachadas-de-ladrillos-tarragona\/#primaryimage\",\"url\":\"https:\/\/www.mvertical.es\/wp-content\/uploads\/2015\/08\/aguas1.jpg\",\"contentUrl\":\"https:\/\/www.mvertical.es\/wp-content\/uploads\/2015\/08\/aguas1.jpg\",\"width\":500,\"height\":375,\"caption\":\"Instalaci\u00f3n tubos de agua\"},{\"@type\":\"BreadcrumbList\",\"@id\":\"https:\/\/www.mvertical.es\/limpieza-de-fachadas-de-ladrillos-tarragona\/#breadcrumb\",\"itemListElement\":[{\"@type\":\"ListItem\",\"position\":1,\"name\":\"Portada\",\"item\":\"https:\/\/www.mvertical.es\/\"},{\"@type\":\"ListItem\",\"position\":2,\"name\":\"Limpieza de fachadas de ladrillos en Tarragona\"}]},{\"@type\":\"WebSite\",\"@id\":\"https:\/\/www.mvertical.es\/#website\",\"url\":\"https:\/\/www.mvertical.es\/\",\"name\":\"MVertical trabajos verticales\",\"description\":\"Trabajos verticales, rehabilitaci\u00f3n de fachadas en Tarragona\",\"potentialAction\":[{\"@type\":\"SearchAction\",\"target\":{\"@type\":\"EntryPoint\",\"urlTemplate\":\"https:\/\/www.mvertical.es\/?s={search_term_string}\"},\"query-input\":{\"@type\":\"PropertyValueSpecification\",\"valueRequired\":true,\"valueName\":\"search_term_string\"}}],\"inLanguage\":\"ca\"}]}<\/script>\n<!-- \/ Yoast SEO plugin. -->","yoast_head_json":{"title":"Limpieza de fachadas de ladrillos en Tarragona - MVertical","description":"En MVertical somos expertos en la limpieza de fachadas de ladrillos en Tarragona y sus alrededores. \u00a1Llama para m\u00e1s informaci\u00f3n!","robots":{"index":"index","follow":"follow","max-snippet":"max-snippet:-1","max-image-preview":"max-image-preview:large","max-video-preview":"max-video-preview:-1"},"canonical":"https:\/\/www.mvertical.es\/ca\/limpieza-de-fachadas-de-ladrillos-tarragona\/","og_locale":"ca_ES","og_type":"article","og_title":"Limpieza de fachadas de ladrillos en Tarragona - MVertical","og_description":"En MVertical somos expertos en la limpieza de fachadas de ladrillos en Tarragona y sus alrededores. \u00a1Llama para m\u00e1s informaci\u00f3n!","og_url":"https:\/\/www.mvertical.es\/ca\/limpieza-de-fachadas-de-ladrillos-tarragona\/","og_site_name":"MVertical trabajos verticales","article_modified_time":"2023-05-23T10:01:57+00:00","og_image":[{"width":500,"height":375,"url":"https:\/\/www.mvertical.es\/wp-content\/uploads\/2015\/08\/aguas1.jpg","type":"image\/jpeg"}],"twitter_card":"summary_large_image","twitter_misc":{"Temps estimat de lectura":"3 minuts"},"schema":{"@context":"https:\/\/schema.org","@graph":[{"@type":"WebPage","@id":"https:\/\/www.mvertical.es\/limpieza-de-fachadas-de-ladrillos-tarragona\/","url":"https:\/\/www.mvertical.es\/limpieza-de-fachadas-de-ladrillos-tarragona\/","name":"Limpieza de fachadas de ladrillos en Tarragona - MVertical","isPartOf":{"@id":"https:\/\/www.mvertical.es\/#website"},"primaryImageOfPage":{"@id":"https:\/\/www.mvertical.es\/limpieza-de-fachadas-de-ladrillos-tarragona\/#primaryimage"},"image":{"@id":"https:\/\/www.mvertical.es\/limpieza-de-fachadas-de-ladrillos-tarragona\/#primaryimage"},"thumbnailUrl":"https:\/\/www.mvertical.es\/wp-content\/uploads\/2015\/08\/aguas1.jpg","datePublished":"2020-07-28T15:50:34+00:00","dateModified":"2023-05-23T10:01:57+00:00","description":"En MVertical somos expertos en la limpieza de fachadas de ladrillos en Tarragona y sus alrededores. \u00a1Llama para m\u00e1s informaci\u00f3n!","breadcrumb":{"@id":"https:\/\/www.mvertical.es\/limpieza-de-fachadas-de-ladrillos-tarragona\/#breadcrumb"},"inLanguage":"ca","potentialAction":[{"@type":"ReadAction","target":["https:\/\/www.mvertical.es\/limpieza-de-fachadas-de-ladrillos-tarragona\/"]}]},{"@type":"ImageObject","inLanguage":"ca","@id":"https:\/\/www.mvertical.es\/limpieza-de-fachadas-de-ladrillos-tarragona\/#primaryimage","url":"https:\/\/www.mvertical.es\/wp-content\/uploads\/2015\/08\/aguas1.jpg","contentUrl":"https:\/\/www.mvertical.es\/wp-content\/uploads\/2015\/08\/aguas1.jpg","width":500,"height":375,"caption":"Instalaci\u00f3n tubos de agua"},{"@type":"BreadcrumbList","@id":"https:\/\/www.mvertical.es\/limpieza-de-fachadas-de-ladrillos-tarragona\/#breadcrumb","itemListElement":[{"@type":"ListItem","position":1,"name":"Portada","item":"https:\/\/www.mvertical.es\/"},{"@type":"ListItem","position":2,"name":"Limpieza de fachadas de ladrillos en Tarragona"}]},{"@type":"WebSite","@id":"https:\/\/www.mvertical.es\/#website","url":"https:\/\/www.mvertical.es\/","name":"MVertical trabajos verticales","description":"Trabajos verticales, rehabilitaci\u00f3n de fachadas en Tarragona","potentialAction":[{"@type":"SearchAction","target":{"@type":"EntryPoint","urlTemplate":"https:\/\/www.mvertical.es\/?s={search_term_string}"},"query-input":{"@type":"PropertyValueSpecification","valueRequired":true,"valueName":"search_term_string"}}],"inLanguage":"ca"}]}},"_links":{"self":[{"href":"https:\/\/www.mvertical.es\/ca\/wp-json\/wp\/v2\/pages\/1291","targetHints":{"allow":["GET"]}}],"collection":[{"href":"https:\/\/www.mvertical.es\/ca\/wp-json\/wp\/v2\/pages"}],"about":[{"href":"https:\/\/www.mvertical.es\/ca\/wp-json\/wp\/v2\/types\/page"}],"author":[{"embeddable":true,"href":"https:\/\/www.mvertical.es\/ca\/wp-json\/wp\/v2\/users\/1"}],"replies":[{"embeddable":true,"href":"https:\/\/www.mvertical.es\/ca\/wp-json\/wp\/v2\/comments?post=1291"}],"version-history":[{"count":5,"href":"https:\/\/www.mvertical.es\/ca\/wp-json\/wp\/v2\/pages\/1291\/revisions"}],"predecessor-version":[{"id":1462,"href":"https:\/\/www.mvertical.es\/ca\/wp-json\/wp\/v2\/pages\/1291\/revisions\/1462"}],"wp:featuredmedia":[{"embeddable":true,"href":"https:\/\/www.mvertical.es\/ca\/wp-json\/wp\/v2\/media\/163"}],"wp:attachment":[{"href":"https:\/\/www.mvertical.es\/ca\/wp-json\/wp\/v2\/media?parent=1291"}],"curies":[{"name":"wp","href":"https:\/\/api.w.org\/{rel}","templated":true}]}}