{"id":1047,"date":"2019-07-04T09:48:51","date_gmt":"2019-07-04T09:48:51","guid":{"rendered":"https:\/\/www.mvertical.es\/?page_id=1047"},"modified":"2023-05-23T09:13:20","modified_gmt":"2023-05-23T09:13:20","slug":"limpiezas-verticales-profesionales-tarragona","status":"publish","type":"page","link":"https:\/\/www.mvertical.es\/ca\/limpiezas-verticales-profesionales-tarragona\/","title":{"rendered":"Limpiezas verticales profesionales en Tarragona"},"content":{"rendered":"<p>[et_pb_section fb_built=\u00bb1&#8243; _builder_version=\u00bb4.16&#8243; global_colors_info=\u00bb{}\u00bb][et_pb_row _builder_version=\u00bb4.16&#8243; custom_padding=\u00bb0px|||||\u00bb locked=\u00bboff\u00bb global_colors_info=\u00bb{}\u00bb][et_pb_column type=\u00bb4_4&#8243; _builder_version=\u00bb4.16&#8243; custom_padding=\u00bb|||\u00bb global_colors_info=\u00bb{}\u00bb custom_padding__hover=\u00bb|||\u00bb][et_pb_text _builder_version=\u00bb4.17.3&#8243; text_font=\u00bb||||||||\u00bb text_text_color=\u00bb#0da4e5&#8243; ul_font=\u00bb||||||||\u00bb header_font=\u00bb|700|||||||\u00bb header_text_align=\u00bbcenter\u00bb header_text_color=\u00bb#0da4e5&#8243; background_color=\u00bb#000000&#8243; custom_padding=\u00bb30px||\u00bb global_colors_info=\u00bb{}\u00bb]<\/p>\n<h1 style=\"text-align: center;\"><strong>Limpiezas verticales profesionales en Tarragona<\/strong><\/h1>\n<p>&nbsp;<\/p>\n<p>[\/et_pb_text][\/et_pb_column][\/et_pb_row][et_pb_row column_structure=\u00bb3_4,1_4&#8243; _builder_version=\u00bb4.16&#8243; background_size=\u00bbinitial\u00bb background_position=\u00bbtop_left\u00bb background_repeat=\u00bbrepeat\u00bb global_colors_info=\u00bb{}\u00bb][et_pb_column type=\u00bb3_4&#8243; _builder_version=\u00bb4.16&#8243; custom_padding=\u00bb|||\u00bb global_colors_info=\u00bb{}\u00bb custom_padding__hover=\u00bb|||\u00bb][et_pb_text _builder_version=\u00bb4.17.3&#8243; text_font_size=\u00bb16px\u00bb background_size=\u00bbinitial\u00bb background_position=\u00bbtop_left\u00bb background_repeat=\u00bbrepeat\u00bb global_colors_info=\u00bb{}\u00bb]<\/p>\n<p><!-- divi:heading --><\/p>\n<h2><strong>Empresa de limpiezas verticales profesionales en Tarragona<\/strong><\/h2>\n<p>En<span>\u00a0<\/span><strong>MVertical<span>\u00a0<\/span><\/strong>disponemos de una extensa trayectoria profesional, con a\u00f1os de experiencia, lo que nos ha motivado a participar en diferentes tipos de proyectos y trabajos.<\/p>\n<p>Nos caracterizamos por el alto grado de profesionalidad y calidad para responder con rapidez y precisi\u00f3n a las necesidades de los clientes m\u00e1s exigentes. As\u00ed mismo, en nuestra empresa podr\u00e1 encontrar las mejores opciones para llevar a cabo sus proyectos u obras. Garantizamos unos magn\u00edficos acabados en los\u00a0<strong>revestimientos de fachadas<\/strong>, en los que analizamos las condiciones de los edificios para determinar y aportar la soluci\u00f3n constructiva m\u00e1s adecuada.<\/p>\n<p>&nbsp;<\/p>\n<h2><strong>Todos nuestros servicios de limpiezas verticales profesionales en Tarragona<\/strong><\/h2>\n<p>En Mvertical, nos especializamos en ofrecer servicios de limpieza vertical profesionales en Tarragona y sus alrededores. Sabemos lo importante que es mantener limpias y en \u00f3ptimas condiciones las fachadas y superficies verticales de edificios, y estamos aqu\u00ed para brindarle soluciones eficientes y confiables.<\/p>\n<p>Entendemos que cada edificio y superficie presenta desaf\u00edos \u00fanicos, por lo que adaptamos nuestros servicios a las necesidades espec\u00edficas de cada cliente. Ya sea que necesite la limpieza de una fachada de vidrio, piedra, metal u otro material, contamos con los conocimientos y la experiencia necesarios para llevar a cabo el trabajo de manera eficiente y segura.<\/p>\n<p>Nos comprometemos a utilizar productos y m\u00e9todos de limpieza respetuosos con el medio ambiente, minimizando cualquier impacto negativo en la salud y el entorno. Adem\u00e1s, nos aseguramos de cumplir con todas las normativas y regulaciones de seguridad vigentes para garantizar la protecci\u00f3n tanto de nuestro equipo como de su edificio.<\/p>\n<p>Nuestros servicios de limpieza vertical abarcan una amplia gama de aplicaciones, que incluyen la eliminaci\u00f3n de suciedad, polvo, manchas, graffiti y otros contaminantes de las superficies exteriores. Realizamos limpiezas programadas o puntuales, adapt\u00e1ndonos a sus necesidades y horarios.<\/p>\n<p>[\/et_pb_text][et_pb_image src=\u00bbhttps:\/\/www.mvertical.es\/wp-content\/uploads\/2019\/03\/limpieza-exterior.jpg\u00bb alt=\u00bbLimpiezas verticales profesionales en Tarragona\u00bb title_text=\u00bbLimpiezas verticales profesionales en Tarragona\u00bb _builder_version=\u00bb4.17.3&#8243; _module_preset=\u00bbdefault\u00bb global_colors_info=\u00bb{}\u00bb][\/et_pb_image][et_pb_text _builder_version=\u00bb4.17.3&#8243; text_font_size=\u00bb16px\u00bb background_size=\u00bbinitial\u00bb background_position=\u00bbtop_left\u00bb background_repeat=\u00bbrepeat\u00bb locked=\u00bboff\u00bb global_colors_info=\u00bb{}\u00bb]<\/p>\n<p><!-- divi:heading --><\/p>\n<h3 class=\"wp-block-heading\">Nuestra filosof\u00eda de trabajo<\/h3>\n<p>MVertical nace a partir del an\u00e1lisis de mercado de nuestro sector, viendo una necesidad para nuestros clientes, el ofrecer un servicio profesional y de calidad. Con a\u00f1os de experiencia, nuestra marca se ha consolidado como una de las m\u00e1s solicitadas.<\/p>\n<p>Nuestra filosof\u00eda de trabajo, es conseguir siempre la m\u00e1xima satisfacci\u00f3n de nuestros clientes, siguiendo por ello un proceso de actuaci\u00f3n cuidado al detalle, siendo respetuosos con el medio ambiente y la seguridad en todos los \u00e1mbitos.<\/p>\n<p>[\/et_pb_text][\/et_pb_column][et_pb_column type=\u00bb1_4&#8243; _builder_version=\u00bb4.16&#8243; custom_padding=\u00bb|||\u00bb global_colors_info=\u00bb{}\u00bb custom_padding__hover=\u00bb|||\u00bb][et_pb_blog posts_number=\u00bb2&#8243; _builder_version=\u00bb4.16&#8243; global_colors_info=\u00bb{}\u00bb][\/et_pb_blog][\/et_pb_column][\/et_pb_row][et_pb_row column_structure=\u00bb1_2,1_2&#8243; _builder_version=\u00bb4.17.3&#8243; _module_preset=\u00bbdefault\u00bb global_colors_info=\u00bb{}\u00bb][et_pb_column type=\u00bb1_2&#8243; _builder_version=\u00bb4.17.3&#8243; _module_preset=\u00bbdefault\u00bb global_colors_info=\u00bb{}\u00bb][et_pb_image src=\u00bbhttps:\/\/www.mvertical.es\/wp-content\/uploads\/2018\/01\/cristales.jpg\u00bb alt=\u00bbLimpiezas verticales profesionales en Tarragona\u00bb title_text=\u00bbLimpiezas verticales profesionales en Tarragona\u00bb _builder_version=\u00bb4.17.3&#8243; _module_preset=\u00bbdefault\u00bb max_width=\u00bb95%\u00bb global_colors_info=\u00bb{}\u00bb][\/et_pb_image][\/et_pb_column][et_pb_column type=\u00bb1_2&#8243; _builder_version=\u00bb4.17.3&#8243; _module_preset=\u00bbdefault\u00bb global_colors_info=\u00bb{}\u00bb][et_pb_image src=\u00bbhttps:\/\/www.mvertical.es\/wp-content\/uploads\/2015\/08\/silvalac-mantenimiento-2.jpg\u00bb alt=\u00bbLimpiezas verticales profesionales en Tarragona\u00bb title_text=\u00bbLimpiezas verticales profesionales en Tarragona\u00bb _builder_version=\u00bb4.17.3&#8243; _module_preset=\u00bbdefault\u00bb global_colors_info=\u00bb{}\u00bb][\/et_pb_image][\/et_pb_column][\/et_pb_row][\/et_pb_section]<\/p>","protected":false},"excerpt":{"rendered":"<p>Limpiezas verticales profesionales en Tarragona &nbsp; Empresa de limpiezas verticales profesionales en Tarragona En\u00a0MVertical\u00a0disponemos de una extensa trayectoria profesional, con a\u00f1os de experiencia, lo que nos ha motivado a participar en diferentes tipos de proyectos y trabajos. Nos caracterizamos por el alto grado de profesionalidad y calidad para responder con rapidez y precisi\u00f3n a las [&hellip;]<\/p>","protected":false},"author":1,"featured_media":1041,"parent":0,"menu_order":0,"comment_status":"closed","ping_status":"closed","template":"","meta":{"_et_pb_use_builder":"on","_et_pb_old_content":"<!-- wp:paragraph -->\r\n<p>En <strong>MVertical <\/strong>disponemos de una extensa trayectoria profesional, con  a\u00f1os de experiencia, lo que nos ha motivado a participar en diferentes tipos de proyectos y trabajos.<\/p>\r\n<!-- \/wp:paragraph -->\r\n\r\n<!-- wp:paragraph -->\r\n<p>Nos caracterizamos por el alto grado de profesionalidad y calidad para responder con rapidez y precisi\u00f3n a las necesidades de los clientes m\u00e1s exigentes. As\u00ed mismo, en nuestra empresa podr\u00e1 encontrar las mejores opciones para llevar a cabo sus proyectos u obras. Garantizamos unos magn\u00edficos acabados en los\u00a0<strong>revestimientos de fachadas<\/strong>, en los que analizamos las condiciones de los edificios para determinar y aportar la soluci\u00f3n constructiva m\u00e1s adecuada.<\/p>\r\n<!-- \/wp:paragraph -->\r\n\r\n<!-- wp:heading {\"level\":3} -->\r\n<h3>Nuestra filosof\u00eda de trabajo<\/h3>\r\n<!-- \/wp:heading -->\r\n\r\n<!-- wp:paragraph -->\r\n<p>MVertical nace a partir del an\u00e1lisis de mercado de nuestro sector, viendo una necesidad para nuestros clientes, el ofrecer un servicio profesional y de calidad. Con a\u00f1os de experiencia, nuestra marca se ha consolidado como una de las m\u00e1s solicitadas.<\/p>\r\n<!-- \/wp:paragraph -->\r\n\r\n<!-- wp:paragraph -->\r\n<p>Nuestra filosof\u00eda de trabajo, es conseguir siempre la m\u00e1xima satisfacci\u00f3n de nuestros clientes, siguiendo por ello un proceso de actuaci\u00f3n cuidado al detalle, siendo respetuosos con el medio ambiente y la seguridad en todos los \u00e1mbitos.<\/p>\r\n<!-- \/wp:paragraph -->","_et_gb_content_width":"","footnotes":""},"class_list":["post-1047","page","type-page","status-publish","has-post-thumbnail","hentry"],"yoast_head":"<!-- This site is optimized with the Yoast SEO plugin v27.2 - https:\/\/yoast.com\/product\/yoast-seo-wordpress\/ -->\n<title>Limpiezas verticales profesionales en Tarragona<\/title>\n<meta name=\"description\" content=\"En MVertical somos expertos en todo tipo de trabajos de limpiezas verticales profesionales en Tarragona y sus alrededores.\" \/>\n<meta name=\"robots\" content=\"index, follow, max-snippet:-1, max-image-preview:large, max-video-preview:-1\" \/>\n<link rel=\"canonical\" href=\"https:\/\/www.mvertical.es\/ca\/limpiezas-verticales-profesionales-tarragona\/\" \/>\n<meta property=\"og:locale\" content=\"ca_ES\" \/>\n<meta property=\"og:type\" content=\"article\" \/>\n<meta property=\"og:title\" content=\"Limpiezas verticales profesionales en Tarragona\" \/>\n<meta property=\"og:description\" content=\"En MVertical somos expertos en todo tipo de trabajos de limpiezas verticales profesionales en Tarragona y sus alrededores.\" \/>\n<meta property=\"og:url\" content=\"https:\/\/www.mvertical.es\/ca\/limpiezas-verticales-profesionales-tarragona\/\" \/>\n<meta property=\"og:site_name\" content=\"MVertical trabajos verticales\" \/>\n<meta property=\"article:modified_time\" content=\"2023-05-23T09:13:20+00:00\" \/>\n<meta property=\"og:image\" content=\"https:\/\/www.mvertical.es\/wp-content\/uploads\/2019\/07\/1-2019.jpg\" \/>\n\t<meta property=\"og:image:width\" content=\"970\" \/>\n\t<meta property=\"og:image:height\" content=\"225\" \/>\n\t<meta property=\"og:image:type\" content=\"image\/jpeg\" \/>\n<meta name=\"twitter:card\" content=\"summary_large_image\" \/>\n<meta name=\"twitter:label1\" content=\"Temps estimat de lectura\" \/>\n\t<meta name=\"twitter:data1\" content=\"3 minuts\" \/>\n<script type=\"application\/ld+json\" class=\"yoast-schema-graph\">{\"@context\":\"https:\/\/schema.org\",\"@graph\":[{\"@type\":\"WebPage\",\"@id\":\"https:\/\/www.mvertical.es\/limpiezas-verticales-profesionales-tarragona\/\",\"url\":\"https:\/\/www.mvertical.es\/limpiezas-verticales-profesionales-tarragona\/\",\"name\":\"Limpiezas verticales profesionales en Tarragona\",\"isPartOf\":{\"@id\":\"https:\/\/www.mvertical.es\/#website\"},\"primaryImageOfPage\":{\"@id\":\"https:\/\/www.mvertical.es\/limpiezas-verticales-profesionales-tarragona\/#primaryimage\"},\"image\":{\"@id\":\"https:\/\/www.mvertical.es\/limpiezas-verticales-profesionales-tarragona\/#primaryimage\"},\"thumbnailUrl\":\"https:\/\/www.mvertical.es\/wp-content\/uploads\/2019\/07\/1-2019.jpg\",\"datePublished\":\"2019-07-04T09:48:51+00:00\",\"dateModified\":\"2023-05-23T09:13:20+00:00\",\"description\":\"En MVertical somos expertos en todo tipo de trabajos de limpiezas verticales profesionales en Tarragona y sus alrededores.\",\"breadcrumb\":{\"@id\":\"https:\/\/www.mvertical.es\/limpiezas-verticales-profesionales-tarragona\/#breadcrumb\"},\"inLanguage\":\"ca\",\"potentialAction\":[{\"@type\":\"ReadAction\",\"target\":[\"https:\/\/www.mvertical.es\/limpiezas-verticales-profesionales-tarragona\/\"]}]},{\"@type\":\"ImageObject\",\"inLanguage\":\"ca\",\"@id\":\"https:\/\/www.mvertical.es\/limpiezas-verticales-profesionales-tarragona\/#primaryimage\",\"url\":\"https:\/\/www.mvertical.es\/wp-content\/uploads\/2019\/07\/1-2019.jpg\",\"contentUrl\":\"https:\/\/www.mvertical.es\/wp-content\/uploads\/2019\/07\/1-2019.jpg\",\"width\":970,\"height\":225,\"caption\":\"Trabajos en altura y techos de comunidades MVertical\"},{\"@type\":\"BreadcrumbList\",\"@id\":\"https:\/\/www.mvertical.es\/limpiezas-verticales-profesionales-tarragona\/#breadcrumb\",\"itemListElement\":[{\"@type\":\"ListItem\",\"position\":1,\"name\":\"Portada\",\"item\":\"https:\/\/www.mvertical.es\/\"},{\"@type\":\"ListItem\",\"position\":2,\"name\":\"Limpiezas verticales profesionales en Tarragona\"}]},{\"@type\":\"WebSite\",\"@id\":\"https:\/\/www.mvertical.es\/#website\",\"url\":\"https:\/\/www.mvertical.es\/\",\"name\":\"MVertical trabajos verticales\",\"description\":\"Trabajos verticales, rehabilitaci\u00f3n de fachadas en Tarragona\",\"potentialAction\":[{\"@type\":\"SearchAction\",\"target\":{\"@type\":\"EntryPoint\",\"urlTemplate\":\"https:\/\/www.mvertical.es\/?s={search_term_string}\"},\"query-input\":{\"@type\":\"PropertyValueSpecification\",\"valueRequired\":true,\"valueName\":\"search_term_string\"}}],\"inLanguage\":\"ca\"}]}<\/script>\n<!-- \/ Yoast SEO plugin. -->","yoast_head_json":{"title":"Limpiezas verticales profesionales en Tarragona","description":"En MVertical somos expertos en todo tipo de trabajos de limpiezas verticales profesionales en Tarragona y sus alrededores.","robots":{"index":"index","follow":"follow","max-snippet":"max-snippet:-1","max-image-preview":"max-image-preview:large","max-video-preview":"max-video-preview:-1"},"canonical":"https:\/\/www.mvertical.es\/ca\/limpiezas-verticales-profesionales-tarragona\/","og_locale":"ca_ES","og_type":"article","og_title":"Limpiezas verticales profesionales en Tarragona","og_description":"En MVertical somos expertos en todo tipo de trabajos de limpiezas verticales profesionales en Tarragona y sus alrededores.","og_url":"https:\/\/www.mvertical.es\/ca\/limpiezas-verticales-profesionales-tarragona\/","og_site_name":"MVertical trabajos verticales","article_modified_time":"2023-05-23T09:13:20+00:00","og_image":[{"width":970,"height":225,"url":"https:\/\/www.mvertical.es\/wp-content\/uploads\/2019\/07\/1-2019.jpg","type":"image\/jpeg"}],"twitter_card":"summary_large_image","twitter_misc":{"Temps estimat de lectura":"3 minuts"},"schema":{"@context":"https:\/\/schema.org","@graph":[{"@type":"WebPage","@id":"https:\/\/www.mvertical.es\/limpiezas-verticales-profesionales-tarragona\/","url":"https:\/\/www.mvertical.es\/limpiezas-verticales-profesionales-tarragona\/","name":"Limpiezas verticales profesionales en Tarragona","isPartOf":{"@id":"https:\/\/www.mvertical.es\/#website"},"primaryImageOfPage":{"@id":"https:\/\/www.mvertical.es\/limpiezas-verticales-profesionales-tarragona\/#primaryimage"},"image":{"@id":"https:\/\/www.mvertical.es\/limpiezas-verticales-profesionales-tarragona\/#primaryimage"},"thumbnailUrl":"https:\/\/www.mvertical.es\/wp-content\/uploads\/2019\/07\/1-2019.jpg","datePublished":"2019-07-04T09:48:51+00:00","dateModified":"2023-05-23T09:13:20+00:00","description":"En MVertical somos expertos en todo tipo de trabajos de limpiezas verticales profesionales en Tarragona y sus alrededores.","breadcrumb":{"@id":"https:\/\/www.mvertical.es\/limpiezas-verticales-profesionales-tarragona\/#breadcrumb"},"inLanguage":"ca","potentialAction":[{"@type":"ReadAction","target":["https:\/\/www.mvertical.es\/limpiezas-verticales-profesionales-tarragona\/"]}]},{"@type":"ImageObject","inLanguage":"ca","@id":"https:\/\/www.mvertical.es\/limpiezas-verticales-profesionales-tarragona\/#primaryimage","url":"https:\/\/www.mvertical.es\/wp-content\/uploads\/2019\/07\/1-2019.jpg","contentUrl":"https:\/\/www.mvertical.es\/wp-content\/uploads\/2019\/07\/1-2019.jpg","width":970,"height":225,"caption":"Trabajos en altura y techos de comunidades MVertical"},{"@type":"BreadcrumbList","@id":"https:\/\/www.mvertical.es\/limpiezas-verticales-profesionales-tarragona\/#breadcrumb","itemListElement":[{"@type":"ListItem","position":1,"name":"Portada","item":"https:\/\/www.mvertical.es\/"},{"@type":"ListItem","position":2,"name":"Limpiezas verticales profesionales en Tarragona"}]},{"@type":"WebSite","@id":"https:\/\/www.mvertical.es\/#website","url":"https:\/\/www.mvertical.es\/","name":"MVertical trabajos verticales","description":"Trabajos verticales, rehabilitaci\u00f3n de fachadas en Tarragona","potentialAction":[{"@type":"SearchAction","target":{"@type":"EntryPoint","urlTemplate":"https:\/\/www.mvertical.es\/?s={search_term_string}"},"query-input":{"@type":"PropertyValueSpecification","valueRequired":true,"valueName":"search_term_string"}}],"inLanguage":"ca"}]}},"_links":{"self":[{"href":"https:\/\/www.mvertical.es\/ca\/wp-json\/wp\/v2\/pages\/1047","targetHints":{"allow":["GET"]}}],"collection":[{"href":"https:\/\/www.mvertical.es\/ca\/wp-json\/wp\/v2\/pages"}],"about":[{"href":"https:\/\/www.mvertical.es\/ca\/wp-json\/wp\/v2\/types\/page"}],"author":[{"embeddable":true,"href":"https:\/\/www.mvertical.es\/ca\/wp-json\/wp\/v2\/users\/1"}],"replies":[{"embeddable":true,"href":"https:\/\/www.mvertical.es\/ca\/wp-json\/wp\/v2\/comments?post=1047"}],"version-history":[{"count":9,"href":"https:\/\/www.mvertical.es\/ca\/wp-json\/wp\/v2\/pages\/1047\/revisions"}],"predecessor-version":[{"id":1443,"href":"https:\/\/www.mvertical.es\/ca\/wp-json\/wp\/v2\/pages\/1047\/revisions\/1443"}],"wp:featuredmedia":[{"embeddable":true,"href":"https:\/\/www.mvertical.es\/ca\/wp-json\/wp\/v2\/media\/1041"}],"wp:attachment":[{"href":"https:\/\/www.mvertical.es\/ca\/wp-json\/wp\/v2\/media?parent=1047"}],"curies":[{"name":"wp","href":"https:\/\/api.w.org\/{rel}","templated":true}]}}